{"id":369062,"date":"2025-09-25T12:57:20","date_gmt":"2025-09-25T09:57:20","guid":{"rendered":"https:\/\/bilservice.ee\/?page_id=369062"},"modified":"2025-09-25T13:38:09","modified_gmt":"2025-09-25T10:38:09","slug":"muugitingimused","status":"publish","type":"page","link":"https:\/\/bilservice.ee\/ru\/muugitingimused\/","title":{"rendered":"\u0423\u0441\u043b\u043e\u0432\u0438\u044f \u043f\u0440\u043e\u0434\u0430\u0436\u0438"},"content":{"rendered":"<div class=\"bde-globalblock-369062-100 bde-globalblock\"><style>.breakdance .bde-section-1296-100-1296-1{background-image:url(https:\/\/bilservice.ee\/wp-content\/uploads\/2025\/09\/contract-form-selling-buying-home-condo-concept-scaled.jpg);background-size:cover;background-repeat:no-repeat;background-position:center center}.breakdance .bde-section-1296-100-1296-1>.section-background-overlay{background-color:var(--bde-brand-primary-color);transition:background-color var(--bde-transition-duration) ease-in-out}.breakdance .bde-section-1296-100-1296-1>.section-background-overlay{opacity:0.2}<\/style><section class=\"bde-section-1296-100-1296-1 bde-section bde-section-1296-100\">\n              \n  \n  \n\t\n\n  <div class=\"section-background-overlay\"><\/div>\n\n\n<div class=\"section-container\"><h1 class=\"bde-heading-1296-101-1296-1 bde-heading bde-heading-1296-101\">\n\u0423\u0441\u043b\u043e\u0432\u0438\u044f \u043f\u0440\u043e\u0434\u0430\u0436\u0438\n<\/h1><div class=\"bde-fancy-divider-1296-102-1296-1 bde-fancy-divider bde-fancy-divider-1296-102\">\n\n\n<div class=\"bde-fancy-divider__wrapper\">\n  <div class=\"bde-fancy-divider__separator\">\n  \t  <\/div>\n<\/div>\n\n<\/div><\/div>\n<\/section><\/div><section class=\"bde-section-369062-101 bde-section\">\n  \n  \n\t\n\n\n\n<div class=\"section-container\"><div class=\"bde-rich-text-369062-102 bde-rich-text breakdance-rich-text-styles\">\n<h5>1. \u041e\u0431\u0449\u0438\u0435 \u0443\u0441\u043b\u043e\u0432\u0438\u044f<\/h5><p>\u042d\u0442\u0438 \u043f\u0440\u0430\u0432\u0438\u043b\u0430 \u0438 \u0443\u0441\u043b\u043e\u0432\u0438\u044f \u0440\u0430\u0441\u043f\u0440\u043e\u0441\u0442\u0440\u0430\u043d\u044f\u044e\u0442\u0441\u044f \u043d\u0430 \u0438\u043d\u0442\u0435\u0440\u043d\u0435\u0442-\u043c\u0430\u0433\u0430\u0437\u0438\u043d <strong>bilservice.ee<\/strong> \u043f\u0440\u0438 \u0441\u043e\u0432\u0435\u0440\u0448\u0435\u043d\u0438\u0438 \u043f\u043e\u043a\u0443\u043f\u043e\u043a. \u0418\u043d\u0442\u0435\u0440\u043d\u0435\u0442-\u043c\u0430\u0433\u0430\u0437\u0438\u043d \u043d\u0430\u0445\u043e\u0434\u0438\u0442\u0441\u044f \u043f\u043e\u0434 \u0443\u043f\u0440\u0430\u0432\u043b\u0435\u043d\u0438\u0435\u043c <strong>Byl Swed Service O\u00dc<\/strong> (\u0440\u0435\u0433\u0438\u0441\u0442\u0440\u0430\u0446\u0438\u043e\u043d\u043d\u044b\u0439 \u043a\u043e\u0434 14954878, \u0430\u0434\u0440\u0435\u0441: \u042e. \u0421\u044e\u0442\u0438\u0441\u0442\u0435 \u0442\u0435\u044d 33-103, \u0422\u0430\u043b\u043b\u0438\u043d\u043d, \u0425\u0430\u0440\u044c\u044e\u043c\u0430\u0430 13414, \u044d\u043b\u0435\u043a\u0442\u0440\u043e\u043d\u043d\u0430\u044f \u043f\u043e\u0447\u0442\u0430: <a href=\"mailto:bylswedservice@gmail.com\">bylswedservice@gmail.com<\/a><br \/>, \u0442\u0435\u043b\u0435\u0444\u043e\u043d: <a href=\"tel:5112171\">+372 511 2171<\/a>), \u0434\u0430\u043b\u0435\u0435 \u0438\u043c\u0435\u043d\u0443\u0435\u043c\u044b\u0439 \u041f\u0440\u043e\u0434\u0430\u0432\u0435\u0446.<\/p><p>\u041d\u0430\u0441\u0442\u043e\u044f\u0449\u0438\u0435 \u0443\u0441\u043b\u043e\u0432\u0438\u044f \u0434\u0435\u0439\u0441\u0442\u0432\u0443\u044e\u0442 \u043c\u0435\u0436\u0434\u0443 \u041f\u043e\u043a\u0443\u043f\u0430\u0442\u0435\u043b\u0435\u043c \u0438 \u041f\u0440\u043e\u0434\u0430\u0432\u0446\u043e\u043c \u043f\u0440\u0438 \u043f\u043e\u043a\u0443\u043f\u043a\u0435 \u0438 \u0437\u0430\u043a\u0430\u0437\u0435 \u0442\u043e\u0432\u0430\u0440\u043e\u0432 \u0432 \u0438\u043d\u0442\u0435\u0440\u043d\u0435\u0442-\u043c\u0430\u0433\u0430\u0437\u0438\u043d\u0435 bilservice.ee. \u0412 \u0434\u043e\u043f\u043e\u043b\u043d\u0435\u043d\u0438\u0435 \u043a \u043d\u0430\u0441\u0442\u043e\u044f\u0449\u0438\u043c \u0443\u0441\u043b\u043e\u0432\u0438\u044f\u043c, \u043e\u0442\u043d\u043e\u0448\u0435\u043d\u0438\u044f \u0440\u0435\u0433\u0443\u043b\u0438\u0440\u0443\u044e\u0442\u0441\u044f \u0437\u0430\u043a\u043e\u043d\u043e\u0434\u0430\u0442\u0435\u043b\u044c\u0441\u0442\u0432\u043e\u043c \u042d\u0441\u0442\u043e\u043d\u0441\u043a\u043e\u0439 \u0420\u0435\u0441\u043f\u0443\u0431\u043b\u0438\u043a\u0438.<\/p><h5>2. \u041e\u0444\u043e\u0440\u043c\u043b\u0435\u043d\u0438\u0435 \u0437\u0430\u043a\u0430\u0437\u0430<\/h5><p>\u0427\u0442\u043e\u0431\u044b \u0441\u0434\u0435\u043b\u0430\u0442\u044c \u0437\u0430\u043a\u0430\u0437, \u0432\u044b\u0431\u0435\u0440\u0438\u0442\u0435 \u043d\u0443\u0436\u043d\u044b\u0435 \u0432\u0430\u043c \u0442\u043e\u0432\u0430\u0440\u044b \u0438 \u0434\u043e\u0431\u0430\u0432\u044c\u0442\u0435 \u0438\u0445 \u0432 \u043a\u043e\u0440\u0437\u0438\u043d\u0443.<\/p><p>\u0427\u0442\u043e\u0431\u044b \u043e\u0444\u043e\u0440\u043c\u0438\u0442\u044c \u0437\u0430\u043a\u0430\u0437, \u043d\u0435\u043e\u0431\u0445\u043e\u0434\u0438\u043c\u043e \u0437\u0430\u043f\u043e\u043b\u043d\u0438\u0442\u044c \u043d\u0435\u043e\u0431\u0445\u043e\u0434\u0438\u043c\u044b\u0435 \u043f\u043e\u043b\u044f (\u0438\u043c\u044f, \u043a\u043e\u043d\u0442\u0430\u043a\u0442\u043d\u044b\u0435 \u0434\u0430\u043d\u043d\u044b\u0435, \u0430\u0434\u0440\u0435\u0441 \u0434\u043e\u0441\u0442\u0430\u0432\u043a\u0438 \u0438 \u0442.\u0434.).<\/p><p>\u0417\u0430\u043a\u0430\u0437 \u0441\u0447\u0438\u0442\u0430\u0435\u0442\u0441\u044f \u043f\u043e\u0434\u0442\u0432\u0435\u0440\u0436\u0434\u0435\u043d\u043d\u044b\u043c, \u043a\u043e\u0433\u0434\u0430 \u043f\u043e\u043a\u0443\u043f\u0430\u0442\u0435\u043b\u044c \u043e\u043f\u043b\u0430\u0442\u0438\u043b \u0441\u0447\u0435\u0442 \u0438\u043b\u0438 \u043f\u0440\u043e\u0438\u0437\u0432\u0435\u043b \u043e\u043f\u043b\u0430\u0442\u0443 \u0447\u0435\u0440\u0435\u0437 \u0441\u0438\u0441\u0442\u0435\u043c\u0443 \u043e\u043d\u043b\u0430\u0439\u043d-\u043f\u043b\u0430\u0442\u0435\u0436\u0435\u0439.<\/p><h5>3. \u0426\u0435\u043d\u044b \u0438 \u043e\u043f\u043b\u0430\u0442\u0430<\/h5><p>\u0412\u0441\u0435 \u0446\u0435\u043d\u044b \u0443\u043a\u0430\u0437\u0430\u043d\u044b \u0432 \u0435\u0432\u0440\u043e \u0438 \u0432\u043a\u043b\u044e\u0447\u0430\u044e\u0442 \u041d\u0414\u0421.<\/p><p>\u0426\u0435\u043d\u0430 \u043d\u0430 \u0442\u043e\u0432\u0430\u0440\u044b \u043c\u043e\u0436\u0435\u0442 \u043c\u0435\u043d\u044f\u0442\u044c\u0441\u044f, \u043d\u043e \u043a \u043f\u043e\u043a\u0443\u043f\u043a\u0435 \u0431\u0443\u0434\u0435\u0442 \u043f\u0440\u0438\u043c\u0435\u043d\u044f\u0442\u044c\u0441\u044f \u0446\u0435\u043d\u0430, \u043e\u0442\u043e\u0431\u0440\u0430\u0436\u0430\u0435\u043c\u0430\u044f \u0432 \u043a\u043e\u0440\u0437\u0438\u043d\u0435 \u043d\u0430 \u043c\u043e\u043c\u0435\u043d\u0442 \u043e\u0444\u043e\u0440\u043c\u043b\u0435\u043d\u0438\u044f \u0437\u0430\u043a\u0430\u0437\u0430.<\/p><p>\u041e\u043f\u043b\u0430\u0442\u0430 \u043f\u0440\u043e\u0438\u0437\u0432\u043e\u0434\u0438\u0442\u0441\u044f \u0447\u0435\u0440\u0435\u0437 \u0431\u0435\u0437\u043e\u043f\u0430\u0441\u043d\u043e\u0435 \u043f\u043b\u0430\u0442\u0435\u0436\u043d\u043e\u0435 \u0440\u0435\u0448\u0435\u043d\u0438\u0435 (\u0431\u0430\u043d\u043a\u043e\u0432\u0441\u043a\u0438\u0435 \u0441\u0441\u044b\u043b\u043a\u0438, \u043e\u043f\u043b\u0430\u0442\u0430 \u043a\u0430\u0440\u0442\u043e\u0439, \u0441\u0447\u0435\u0442-\u0444\u0430\u043a\u0442\u0443\u0440\u0430).<\/p><h5>4. \u0414\u043e\u0441\u0442\u0430\u0432\u043a\u0430 \u0432<\/h5><p>\u0422\u043e\u0432\u0430\u0440\u044b \u0434\u043e\u0441\u0442\u0430\u0432\u043b\u044f\u044e\u0442\u0441\u044f \u0432 \u0441\u043e\u043e\u0442\u0432\u0435\u0442\u0441\u0442\u0432\u0438\u0438 \u0441 \u0432\u044b\u0431\u0440\u0430\u043d\u043d\u044b\u043c \u043a\u043b\u0438\u0435\u043d\u0442\u043e\u043c \u0441\u043f\u043e\u0441\u043e\u0431\u043e\u043c \u0434\u043e\u0441\u0442\u0430\u0432\u043a\u0438.<\/p><p>\u0421\u0440\u043e\u043a \u0434\u043e\u0441\u0442\u0430\u0432\u043a\u0438 \u0437\u0430\u0432\u0438\u0441\u0438\u0442 \u043e\u0442 \u043d\u0430\u043b\u0438\u0447\u0438\u044f \u0442\u043e\u0432\u0430\u0440\u0430 \u0438 \u0432\u044b\u0431\u0440\u0430\u043d\u043d\u043e\u0433\u043e \u0441\u043f\u043e\u0441\u043e\u0431\u0430 \u0434\u043e\u0441\u0442\u0430\u0432\u043a\u0438, \u043e\u0431\u044b\u0447\u043d\u043e \u0432 \u0442\u0435\u0447\u0435\u043d\u0438\u0435 2-7 \u0440\u0430\u0431\u043e\u0447\u0438\u0445 \u0434\u043d\u0435\u0439 \u043f\u043e\u0441\u043b\u0435 \u043f\u043e\u043b\u0443\u0447\u0435\u043d\u0438\u044f \u043e\u043f\u043b\u0430\u0442\u044b.<\/p><p>\u041f\u0440\u043e\u0434\u0430\u0432\u0435\u0446 \u043d\u0435 \u043d\u0435\u0441\u0435\u0442 \u043e\u0442\u0432\u0435\u0442\u0441\u0442\u0432\u0435\u043d\u043d\u043e\u0441\u0442\u0438 \u0437\u0430 \u043b\u044e\u0431\u0443\u044e \u0437\u0430\u0434\u0435\u0440\u0436\u043a\u0443 \u0432 \u0434\u043e\u0441\u0442\u0430\u0432\u043a\u0435, \u0435\u0441\u043b\u0438 \u0437\u0430\u0434\u0435\u0440\u0436\u043a\u0430 \u043f\u0440\u043e\u0438\u0437\u043e\u0448\u043b\u0430 \u043f\u043e \u043d\u0435\u0437\u0430\u0432\u0438\u0441\u044f\u0449\u0438\u043c \u043e\u0442 \u041f\u0440\u043e\u0434\u0430\u0432\u0446\u0430 \u043e\u0431\u0441\u0442\u043e\u044f\u0442\u0435\u043b\u044c\u0441\u0442\u0432\u0430\u043c.<\/p><h5>5. \u041f\u0440\u0430\u0432\u043e \u043d\u0430 \u043e\u0442\u0437\u044b\u0432 \u0438 \u0432\u043e\u0437\u0432\u0440\u0430\u0442 \u0442\u043e\u0432\u0430\u0440\u0430<\/h5><p>\u041f\u043e\u0442\u0440\u0435\u0431\u0438\u0442\u0435\u043b\u044c \u0438\u043c\u0435\u0435\u0442 \u043f\u0440\u0430\u0432\u043e \u043e\u0442\u043a\u0430\u0437\u0430\u0442\u044c\u0441\u044f \u043e\u0442 \u0434\u043e\u0433\u043e\u0432\u043e\u0440\u0430 \u0438 \u0432\u0435\u0440\u043d\u0443\u0442\u044c \u0442\u043e\u0432\u0430\u0440 \u0432 \u0442\u0435\u0447\u0435\u043d\u0438\u0435 14 \u0434\u043d\u0435\u0439 \u0441 \u043c\u043e\u043c\u0435\u043d\u0442\u0430 \u0435\u0433\u043e \u043f\u043e\u043b\u0443\u0447\u0435\u043d\u0438\u044f.<\/p><p>\u0412\u043e\u0437\u0432\u0440\u0430\u0449\u0430\u0435\u043c\u044b\u0435 \u0442\u043e\u0432\u0430\u0440\u044b \u0434\u043e\u043b\u0436\u043d\u044b \u0431\u044b\u0442\u044c \u043d\u0435\u0438\u0441\u043f\u043e\u043b\u044c\u0437\u043e\u0432\u0430\u043d\u043d\u044b\u043c\u0438, \u0432 \u043e\u0440\u0438\u0433\u0438\u043d\u0430\u043b\u044c\u043d\u043e\u0439 \u0443\u043f\u0430\u043a\u043e\u0432\u043a\u0435 \u0438 \u0432 \u0442\u043e\u043c \u0436\u0435 \u0441\u043e\u0441\u0442\u043e\u044f\u043d\u0438\u0438, \u0432 \u043a\u043e\u0442\u043e\u0440\u043e\u043c \u043e\u043d\u0438 \u0431\u044b\u043b\u0438 \u043f\u0440\u0438\u043e\u0431\u0440\u0435\u0442\u0435\u043d\u044b.<\/p><p>\u0427\u0442\u043e\u0431\u044b \u0432\u0435\u0440\u043d\u0443\u0442\u044c \u0435\u0433\u043e, \u043d\u0435\u043e\u0431\u0445\u043e\u0434\u0438\u043c\u043e \u043e\u0442\u043f\u0440\u0430\u0432\u0438\u0442\u044c \u044d\u043b\u0435\u043a\u0442\u0440\u043e\u043d\u043d\u043e\u0435 \u043f\u0438\u0441\u044c\u043c\u043e \u043f\u043e \u0441\u043b\u0435\u0434\u0443\u044e\u0449\u0435\u043c\u0443 \u0430\u0434\u0440\u0435\u0441\u0443. <a href=\"mailto:bylswedservice@gmail.com\">bylswedservice@gmail.com<\/a><\/p><p>\u0420\u0430\u0441\u0445\u043e\u0434\u044b, \u0441\u0432\u044f\u0437\u0430\u043d\u043d\u044b\u0435 \u0441 \u0432\u043e\u0437\u0432\u0440\u0430\u0442\u043e\u043c, \u043d\u0435\u0441\u0435\u0442 \u041f\u043e\u043a\u0443\u043f\u0430\u0442\u0435\u043b\u044c, \u0437\u0430 \u0438\u0441\u043a\u043b\u044e\u0447\u0435\u043d\u0438\u0435\u043c \u0441\u043b\u0443\u0447\u0430\u0435\u0432, \u043a\u043e\u0433\u0434\u0430 \u0432\u043e\u0437\u0432\u0440\u0430\u0442 \u043f\u0440\u043e\u0438\u0441\u0445\u043e\u0434\u0438\u0442 \u043f\u043e \u0432\u0438\u043d\u0435 \u041f\u0440\u043e\u0434\u0430\u0432\u0446\u0430.<\/p><p>\u0414\u0435\u043d\u044c\u0433\u0438 \u0431\u0443\u0434\u0443\u0442 \u0432\u043e\u0437\u0432\u0440\u0430\u0449\u0435\u043d\u044b \u043d\u0435 \u043f\u043e\u0437\u0434\u043d\u0435\u0435 14 \u0434\u043d\u0435\u0439 \u0441 \u043c\u043e\u043c\u0435\u043d\u0442\u0430 \u043f\u043e\u043b\u0443\u0447\u0435\u043d\u0438\u044f \u0443\u0432\u0435\u0434\u043e\u043c\u043b\u0435\u043d\u0438\u044f \u043e\u0431 \u043e\u0442\u043a\u0430\u0437\u0435 \u043e\u0442 \u0442\u043e\u0432\u0430\u0440\u0430, \u043d\u043e \u043d\u0435 \u0440\u0430\u043d\u0435\u0435, \u0447\u0435\u043c \u0432\u043e\u0437\u0432\u0440\u0430\u0449\u0435\u043d\u043d\u044b\u0439 \u0442\u043e\u0432\u0430\u0440 \u0431\u0443\u0434\u0435\u0442 \u0434\u043e\u0441\u0442\u0430\u0432\u043b\u0435\u043d \u041f\u0440\u043e\u0434\u0430\u0432\u0446\u0443.<\/p><h5>6. \u041f\u0440\u0430\u0432\u043e \u043d\u0430 \u043f\u043e\u0434\u0430\u0447\u0443 \u0436\u0430\u043b\u043e\u0431\u044b<\/h5><p>\u041f\u043e\u0442\u0440\u0435\u0431\u0438\u0442\u0435\u043b\u044c \u0438\u043c\u0435\u0435\u0442 \u043f\u0440\u0430\u0432\u043e \u043f\u0440\u0435\u0434\u044a\u044f\u0432\u0438\u0442\u044c \u043f\u0440\u0435\u0442\u0435\u043d\u0437\u0438\u044e \u043f\u0440\u043e\u0434\u0430\u0432\u0446\u0443 \u0432 \u0442\u0435\u0447\u0435\u043d\u0438\u0435 \u0434\u0432\u0443\u0445 \u043b\u0435\u0442 \u0441 \u043c\u043e\u043c\u0435\u043d\u0442\u0430 \u043f\u043e\u043b\u0443\u0447\u0435\u043d\u0438\u044f \u0442\u043e\u0432\u0430\u0440\u0430.<\/p><p>\u0416\u0430\u043b\u043e\u0431\u0430 \u0434\u043e\u043b\u0436\u043d\u0430 \u0431\u044b\u0442\u044c \u043e\u0442\u043f\u0440\u0430\u0432\u043b\u0435\u043d\u0430 \u043f\u043e \u044d\u043b\u0435\u043a\u0442\u0440\u043e\u043d\u043d\u043e\u0439 \u043f\u043e\u0447\u0442\u0435 \u043f\u043e \u0430\u0434\u0440\u0435\u0441\u0443 <a href=\"mailto:bylswedservice@gmail.com\">bylswedservice@gmail.com<\/a>\u0423\u043a\u0430\u0436\u0438\u0442\u0435 \u043f\u043e\u0434\u0440\u043e\u0431\u043d\u0443\u044e \u0438\u043d\u0444\u043e\u0440\u043c\u0430\u0446\u0438\u044e \u043e \u0442\u043e\u0432\u0430\u0440\u0435 \u0438 \u043e\u043f\u0438\u0441\u0430\u043d\u0438\u0435 \u043f\u0440\u043e\u0431\u043b\u0435\u043c\u044b.<\/p><p>\u041f\u0440\u043e\u0434\u0430\u0432\u0435\u0446 \u043d\u0435 \u043d\u0435\u0441\u0435\u0442 \u043e\u0442\u0432\u0435\u0442\u0441\u0442\u0432\u0435\u043d\u043d\u043e\u0441\u0442\u0438 \u0437\u0430 \u0434\u0435\u0444\u0435\u043a\u0442\u044b, \u0432\u043e\u0437\u043d\u0438\u043a\u0448\u0438\u0435 \u043f\u043e\u0441\u043b\u0435 \u0434\u043e\u0441\u0442\u0430\u0432\u043a\u0438 \u0442\u043e\u0432\u0430\u0440\u0430 \u041f\u043e\u043a\u0443\u043f\u0430\u0442\u0435\u043b\u044e.<\/p><p><strong>7. \u043e\u0431\u0440\u0430\u0431\u043e\u0442\u043a\u0430 \u043f\u0435\u0440\u0441\u043e\u043d\u0430\u043b\u044c\u043d\u044b\u0445 \u0434\u0430\u043d\u043d\u044b\u0445<\/strong><\/p><p>\u041f\u0440\u043e\u0434\u0430\u0432\u0435\u0446 \u043e\u0431\u0440\u0430\u0431\u0430\u0442\u044b\u0432\u0430\u0435\u0442 \u043b\u0438\u0447\u043d\u044b\u0435 \u0434\u0430\u043d\u043d\u044b\u0435 \u043f\u043e\u043a\u0443\u043f\u0430\u0442\u0435\u043b\u044f \u0432 \u0441\u043e\u043e\u0442\u0432\u0435\u0442\u0441\u0442\u0432\u0438\u0438 \u0441 \u043f\u043e\u043b\u0438\u0442\u0438\u043a\u043e\u0439 \u043a\u043e\u043d\u0444\u0438\u0434\u0435\u043d\u0446\u0438\u0430\u043b\u044c\u043d\u043e\u0441\u0442\u0438, \u043e\u043f\u0443\u0431\u043b\u0438\u043a\u043e\u0432\u0430\u043d\u043d\u043e\u0439 \u043d\u0430 \u0441\u0430\u0439\u0442\u0435. <a href=\"https:\/\/bilservice.ee\/ru\/privaatsus-poliitika\/\">\u041f\u043e\u043b\u0438\u0442\u0438\u043a\u0430 \u043a\u043e\u043d\u0444\u0438\u0434\u0435\u043d\u0446\u0438\u0430\u043b\u044c\u043d\u043e\u0441\u0442\u0438<\/a>.<\/p><p><strong>8. \u043e\u0442\u0432\u0435\u0442\u0441\u0442\u0432\u0435\u043d\u043d\u043e\u0441\u0442\u044c \u0438 \u0444\u043e\u0440\u0441-\u043c\u0430\u0436\u043e\u0440\u043d\u044b\u0435 \u043e\u0431\u0441\u0442\u043e\u044f\u0442\u0435\u043b\u044c\u0441\u0442\u0432\u0430<\/strong><\/p><p>\u041f\u0440\u043e\u0434\u0430\u0432\u0435\u0446 \u043d\u0435 \u043d\u0435\u0441\u0435\u0442 \u043e\u0442\u0432\u0435\u0442\u0441\u0442\u0432\u0435\u043d\u043d\u043e\u0441\u0442\u0438 \u0437\u0430 \u043b\u044e\u0431\u044b\u0435 \u0443\u0431\u044b\u0442\u043a\u0438 \u0438\u043b\u0438 \u0443\u0449\u0435\u0440\u0431, \u043f\u043e\u043d\u0435\u0441\u0435\u043d\u043d\u044b\u0435 \u041f\u043e\u043a\u0443\u043f\u0430\u0442\u0435\u043b\u0435\u043c, \u0435\u0441\u043b\u0438 \u0442\u0430\u043a\u0438\u0435 \u0443\u0431\u044b\u0442\u043a\u0438 \u0438\u043b\u0438 \u0443\u0449\u0435\u0440\u0431 \u0432\u044b\u0437\u0432\u0430\u043d\u044b \u043e\u0431\u0441\u0442\u043e\u044f\u0442\u0435\u043b\u044c\u0441\u0442\u0432\u0430\u043c\u0438, \u043d\u0435 \u0437\u0430\u0432\u0438\u0441\u044f\u0449\u0438\u043c\u0438 \u043e\u0442 \u041f\u0440\u043e\u0434\u0430\u0432\u0446\u0430 \u0438 \u043d\u0435 \u043f\u043e\u0434\u0434\u0430\u044e\u0449\u0438\u043c\u0438\u0441\u044f \u043f\u0440\u043e\u0433\u043d\u043e\u0437\u0438\u0440\u043e\u0432\u0430\u043d\u0438\u044e.<\/p><p><strong>9. \u0423\u0440\u0435\u0433\u0443\u043b\u0438\u0440\u043e\u0432\u0430\u043d\u0438\u0435 \u0441\u043f\u043e\u0440\u043e\u0432<\/strong><\/p><p>\u0421\u043f\u043e\u0440\u044b \u0440\u0430\u0437\u0440\u0435\u0448\u0430\u044e\u0442\u0441\u044f \u043f\u0443\u0442\u0435\u043c \u043f\u0435\u0440\u0435\u0433\u043e\u0432\u043e\u0440\u043e\u0432. \u0415\u0441\u043b\u0438 \u0434\u043e\u0433\u043e\u0432\u043e\u0440\u0438\u0442\u044c\u0441\u044f \u043d\u0435 \u0443\u0434\u0430\u0435\u0442\u0441\u044f, \u043f\u043e\u0442\u0440\u0435\u0431\u0438\u0442\u0435\u043b\u044c \u0438\u043c\u0435\u0435\u0442 \u043f\u0440\u0430\u0432\u043e \u043e\u0431\u0440\u0430\u0442\u0438\u0442\u044c\u0441\u044f \u0432 \u041a\u043e\u043c\u0438\u0442\u0435\u0442 \u043f\u043e \u043f\u043e\u0442\u0440\u0435\u0431\u0438\u0442\u0435\u043b\u044c\u0441\u043a\u0438\u043c \u0441\u043f\u043e\u0440\u0430\u043c \u043f\u0440\u0438 \u0423\u043f\u0440\u0430\u0432\u043b\u0435\u043d\u0438\u0438 \u043f\u043e \u0437\u0430\u0449\u0438\u0442\u0435 \u043f\u0440\u0430\u0432 \u043f\u043e\u0442\u0440\u0435\u0431\u0438\u0442\u0435\u043b\u0435\u0439 \u0438 \u0442\u0435\u0445\u043d\u0438\u0447\u0435\u0441\u043a\u043e\u043c\u0443 \u0440\u0435\u0433\u0443\u043b\u0438\u0440\u043e\u0432\u0430\u043d\u0438\u044e \u0438\u043b\u0438 \u0432 \u0441\u0443\u0434.<\/p>\n<\/div><\/div>\n<\/section>","protected":false},"excerpt":{"rendered":"<p>M\u00fc\u00fcgitingimused 1. \u00dcldtingimusedK\u00e4esolevad m\u00fc\u00fcgitingimused kehtivad veebipoes bilservice.ee ostude sooritamisel. Veebipoodi haldab Byl Swed Service O\u00dc (registrikood 14954878, aadress: J. S\u00fctiste tee 33-103, Tallinn, Harjumaa 13414, e-post: bylswedservice@gmail.com, telefon: +372 511 2171), edaspidi M\u00fc\u00fcja.Tingimused kehtivad ostja ja M\u00fc\u00fcja vahel kaupade ostmisel ja tellimisel bilservice.ee veebipoes. Lisaks k\u00e4esolevatele tingimustele reguleerivad suhteid Eesti Vabariigi seadused.2. Tellimuse vormistamineKauba tellimiseks [&hellip;]<\/p>\n","protected":false},"author":6,"featured_media":369063,"parent":0,"menu_order":0,"comment_status":"closed","ping_status":"closed","template":"","meta":{"_breakdance_hide_in_design_set":false,"_breakdance_tags":"","footnotes":""},"class_list":["post-369062","page","type-page","status-publish","has-post-thumbnail","hentry"],"_links":{"self":[{"href":"https:\/\/bilservice.ee\/ru\/wp-json\/wp\/v2\/pages\/369062","targetHints":{"allow":["GET"]}}],"collection":[{"href":"https:\/\/bilservice.ee\/ru\/wp-json\/wp\/v2\/pages"}],"about":[{"href":"https:\/\/bilservice.ee\/ru\/wp-json\/wp\/v2\/types\/page"}],"author":[{"embeddable":true,"href":"https:\/\/bilservice.ee\/ru\/wp-json\/wp\/v2\/users\/6"}],"replies":[{"embeddable":true,"href":"https:\/\/bilservice.ee\/ru\/wp-json\/wp\/v2\/comments?post=369062"}],"version-history":[{"count":3,"href":"https:\/\/bilservice.ee\/ru\/wp-json\/wp\/v2\/pages\/369062\/revisions"}],"predecessor-version":[{"id":369068,"href":"https:\/\/bilservice.ee\/ru\/wp-json\/wp\/v2\/pages\/369062\/revisions\/369068"}],"wp:featuredmedia":[{"embeddable":true,"href":"https:\/\/bilservice.ee\/ru\/wp-json\/wp\/v2\/media\/369063"}],"wp:attachment":[{"href":"https:\/\/bilservice.ee\/ru\/wp-json\/wp\/v2\/media?parent=369062"}],"curies":[{"name":"wp","href":"https:\/\/api.w.org\/{rel}","templated":true}]}}