{"id":368981,"date":"2025-09-24T09:47:00","date_gmt":"2025-09-24T06:47:00","guid":{"rendered":"https:\/\/bilservice.ee\/?page_id=368981"},"modified":"2025-09-24T09:47:44","modified_gmt":"2025-09-24T06:47:44","slug":"rehvihotell","status":"publish","type":"page","link":"https:\/\/bilservice.ee\/ru\/rehvihotell\/","title":{"rendered":"Rehvihotell"},"content":{"rendered":"<div class=\"bde-globalblock-368981-100 bde-globalblock\"><style>.breakdance .bde-section-1296-100-1296-1{background-image:url(https:\/\/bilservice.ee\/wp-content\/uploads\/2025\/09\/dark-storage-full-big-variety-new-tyres-busy-warehouse-scaled.jpg);background-size:cover;background-repeat:no-repeat;background-position:center center}.breakdance .bde-section-1296-100-1296-1>.section-background-overlay{background-color:var(--bde-brand-primary-color);transition:background-color var(--bde-transition-duration) ease-in-out}.breakdance .bde-section-1296-100-1296-1>.section-background-overlay{opacity:0.2}<\/style><section class=\"bde-section-1296-100-1296-1 bde-section bde-section-1296-100\">\n              \n  \n  \n\t\n\n  <div class=\"section-background-overlay\"><\/div>\n\n\n<div class=\"section-container\"><h1 class=\"bde-heading-1296-101-1296-1 bde-heading bde-heading-1296-101\">\nRehvihotell\n<\/h1><div class=\"bde-fancy-divider-1296-102-1296-1 bde-fancy-divider bde-fancy-divider-1296-102\">\n\n\n<div class=\"bde-fancy-divider__wrapper\">\n  <div class=\"bde-fancy-divider__separator\">\n  \t  <\/div>\n<\/div>\n\n<\/div><\/div>\n<\/section><\/div><section class=\"bde-section-368981-101 bde-section\">\n  \n  \n\t\n\n\n\n<div class=\"section-container\"><div class=\"bde-rich-text-368981-102 bde-rich-text breakdance-rich-text-styles\">\n<p>Hoiustame sinu Volvo suve- ja talverehvid turvaliselt ning \u00f5iges keskkonnas. Nii s\u00e4\u00e4stad kodus ruumi ja oled kindel, et rehvid on alati vahetuseks valmis.<\/p><p><strong>Mida pakume<\/strong><\/p><ul><li>Rehvide ja velgede professionaalne pesu enne hoiulepanekut<\/li><li>Hoiustamine \u00f5iges temperatuuris ja niiskuses, v\u00e4ltides rehvide enneaegset vananemist<\/li><li>Rehvide seisukorra ja mustris\u00fcgavuse kontroll enne hoiule panekut<\/li><li>M\u00e4rgistus ja s\u00fcsteemne hoiustamine, et samad rattad j\u00f5uaksid alati tagasi samasse autosse<\/li><li>Kiire ja mugav rehvide vahetus koos hoiustamisega<\/li><\/ul><p><strong>Miks valida rehvihotell<\/strong><\/p><ul><li>Vabastad kodus ruumi<\/li><li>V\u00e4ldid rehvide kahjustumist valedes tingimustes<\/li><li>Mugav \u2013 \u00fcks k\u00f5ne ja rattad on \u00f5igel ajal sinu Volvo all<\/li><\/ul>\n<\/div><\/div>\n<\/section>","protected":false},"excerpt":{"rendered":"<p>Rehvihotell Hoiustame sinu Volvo suve- ja talverehvid turvaliselt ning \u00f5iges keskkonnas. Nii s\u00e4\u00e4stad kodus ruumi ja oled kindel, et rehvid on alati vahetuseks valmis.Mida pakumeRehvide ja velgede professionaalne pesu enne hoiulepanekutHoiustamine \u00f5iges temperatuuris ja niiskuses, v\u00e4ltides rehvide enneaegset vananemistRehvide seisukorra ja mustris\u00fcgavuse kontroll enne hoiule panekutM\u00e4rgistus ja s\u00fcsteemne hoiustamine, et samad rattad j\u00f5uaksid alati tagasi [&hellip;]<\/p>\n","protected":false},"author":6,"featured_media":368982,"parent":0,"menu_order":0,"comment_status":"closed","ping_status":"closed","template":"","meta":{"_breakdance_hide_in_design_set":false,"_breakdance_tags":"","footnotes":""},"class_list":["post-368981","page","type-page","status-publish","has-post-thumbnail","hentry"],"_links":{"self":[{"href":"https:\/\/bilservice.ee\/ru\/wp-json\/wp\/v2\/pages\/368981","targetHints":{"allow":["GET"]}}],"collection":[{"href":"https:\/\/bilservice.ee\/ru\/wp-json\/wp\/v2\/pages"}],"about":[{"href":"https:\/\/bilservice.ee\/ru\/wp-json\/wp\/v2\/types\/page"}],"author":[{"embeddable":true,"href":"https:\/\/bilservice.ee\/ru\/wp-json\/wp\/v2\/users\/6"}],"replies":[{"embeddable":true,"href":"https:\/\/bilservice.ee\/ru\/wp-json\/wp\/v2\/comments?post=368981"}],"version-history":[{"count":2,"href":"https:\/\/bilservice.ee\/ru\/wp-json\/wp\/v2\/pages\/368981\/revisions"}],"predecessor-version":[{"id":368984,"href":"https:\/\/bilservice.ee\/ru\/wp-json\/wp\/v2\/pages\/368981\/revisions\/368984"}],"wp:featuredmedia":[{"embeddable":true,"href":"https:\/\/bilservice.ee\/ru\/wp-json\/wp\/v2\/media\/368982"}],"wp:attachment":[{"href":"https:\/\/bilservice.ee\/ru\/wp-json\/wp\/v2\/media?parent=368981"}],"curies":[{"name":"wp","href":"https:\/\/api.w.org\/{rel}","templated":true}]}}