{"id":368976,"date":"2025-09-24T09:44:42","date_gmt":"2025-09-24T06:44:42","guid":{"rendered":"https:\/\/bilservice.ee\/?page_id=368976"},"modified":"2025-09-24T09:46:00","modified_gmt":"2025-09-24T06:46:00","slug":"rehvide-vahetus-ja-balanseerimine","status":"publish","type":"page","link":"https:\/\/bilservice.ee\/ru\/rehvide-vahetus-ja-balanseerimine\/","title":{"rendered":"\u0417\u0430\u043c\u0435\u043d\u0430 \u0438 \u0431\u0430\u043b\u0430\u043d\u0441\u0438\u0440\u043e\u0432\u043a\u0430 \u0448\u0438\u043d"},"content":{"rendered":"<div class=\"bde-globalblock-368976-100 bde-globalblock\"><style>.breakdance .bde-section-1296-100-1296-1{background-image:url(https:\/\/bilservice.ee\/wp-content\/uploads\/2025\/09\/closeup-mans-hand-with-car-tires-scaled.jpg);background-size:cover;background-repeat:no-repeat;background-position:center center}.breakdance .bde-section-1296-100-1296-1>.section-background-overlay{background-color:var(--bde-brand-primary-color);transition:background-color var(--bde-transition-duration) ease-in-out}.breakdance .bde-section-1296-100-1296-1>.section-background-overlay{opacity:0.2}<\/style><section class=\"bde-section-1296-100-1296-1 bde-section bde-section-1296-100\">\n              \n  \n  \n\t\n\n  <div class=\"section-background-overlay\"><\/div>\n\n\n<div class=\"section-container\"><h1 class=\"bde-heading-1296-101-1296-1 bde-heading bde-heading-1296-101\">\n\u0417\u0430\u043c\u0435\u043d\u0430 \u0438 \u0431\u0430\u043b\u0430\u043d\u0441\u0438\u0440\u043e\u0432\u043a\u0430 \u0448\u0438\u043d\n<\/h1><div class=\"bde-fancy-divider-1296-102-1296-1 bde-fancy-divider bde-fancy-divider-1296-102\">\n\n\n<div class=\"bde-fancy-divider__wrapper\">\n  <div class=\"bde-fancy-divider__separator\">\n  \t  <\/div>\n<\/div>\n\n<\/div><\/div>\n<\/section><\/div><section class=\"bde-section-368976-101 bde-section\">\n  \n  \n\t\n\n\n\n<div class=\"section-container\"><div class=\"bde-rich-text-368976-102 bde-rich-text breakdance-rich-text-styles\">\n<p>Tagame sinu Volvole turvalise ja stabiilse haardumise igal aastaajal. Vahetame ja tasakaalustame rehvid professionaalsete seadmetega, et v\u00e4hendada vibratsiooni, tagada \u00fchtlane rehvikulumine ja mugav s\u00f5idukogemus.<\/p><p><strong>\u0427\u0442\u043e \u043c\u044b \u0434\u0435\u043b\u0430\u0435\u043c<\/strong><\/p><ul><li>Rehvide vahetus velgedel v\u00f5i velgedega komplektina<\/li><li>Rehvide balanseerimine t\u00e4psete seadmetega<\/li><li>Rehvir\u00f5hu kontroll ja vajadusel t\u00e4itmine vastavalt Volvo spetsifikatsioonile<\/li><li>RFT- ja madalprofiilrehvide paigaldus spetsiaalse tehnikaga<\/li><li>Ventilite kontroll ja vajadusel vahetus<\/li><li>Rehvide visuaalne \u00fclevaatus (mustri s\u00fcgavus, vigastused, eba\u00fchtlane kulumine)<\/li><\/ul><p><strong>\u041a\u043e\u0433\u0434\u0430 \u043f\u0440\u0438\u0445\u043e\u0434\u0438\u0442\u044c<\/strong><\/p><ul><li>Hooajaliselt suve- ja talverehvide vahetuseks<\/li><li>Kui roolis on vibratsioon v\u00f5i auto \u201cujub\u201d s\u00f5ites<\/li><li>Kui rehvid kuluvad eba\u00fchtlaselt v\u00f5i tekitavad m\u00fcra<\/li><\/ul><p><strong>Lisav\u00f5imalus<\/strong><br \/>Pakume ka rehvide hoiustamist, et sul oleks mugav ja rehvid s\u00e4iliksid \u00f5igetes tingimustes.<\/p>\n<\/div><\/div>\n<\/section>","protected":false},"excerpt":{"rendered":"<p>Rehvide vahetus ja balanseerimine Tagame sinu Volvole turvalise ja stabiilse haardumise igal aastaajal. Vahetame ja tasakaalustame rehvid professionaalsete seadmetega, et v\u00e4hendada vibratsiooni, tagada \u00fchtlane rehvikulumine ja mugav s\u00f5idukogemus.Mida teemeRehvide vahetus velgedel v\u00f5i velgedega komplektinaRehvide balanseerimine t\u00e4psete seadmetegaRehvir\u00f5hu kontroll ja vajadusel t\u00e4itmine vastavalt Volvo spetsifikatsioonileRFT- ja madalprofiilrehvide paigaldus spetsiaalse tehnikagaVentilite kontroll ja vajadusel vahetusRehvide visuaalne \u00fclevaatus [&hellip;]<\/p>\n","protected":false},"author":6,"featured_media":368978,"parent":0,"menu_order":0,"comment_status":"closed","ping_status":"closed","template":"","meta":{"_breakdance_hide_in_design_set":false,"_breakdance_tags":"","footnotes":""},"class_list":["post-368976","page","type-page","status-publish","has-post-thumbnail","hentry"],"_links":{"self":[{"href":"https:\/\/bilservice.ee\/ru\/wp-json\/wp\/v2\/pages\/368976","targetHints":{"allow":["GET"]}}],"collection":[{"href":"https:\/\/bilservice.ee\/ru\/wp-json\/wp\/v2\/pages"}],"about":[{"href":"https:\/\/bilservice.ee\/ru\/wp-json\/wp\/v2\/types\/page"}],"author":[{"embeddable":true,"href":"https:\/\/bilservice.ee\/ru\/wp-json\/wp\/v2\/users\/6"}],"replies":[{"embeddable":true,"href":"https:\/\/bilservice.ee\/ru\/wp-json\/wp\/v2\/comments?post=368976"}],"version-history":[{"count":2,"href":"https:\/\/bilservice.ee\/ru\/wp-json\/wp\/v2\/pages\/368976\/revisions"}],"predecessor-version":[{"id":368980,"href":"https:\/\/bilservice.ee\/ru\/wp-json\/wp\/v2\/pages\/368976\/revisions\/368980"}],"wp:featuredmedia":[{"embeddable":true,"href":"https:\/\/bilservice.ee\/ru\/wp-json\/wp\/v2\/media\/368978"}],"wp:attachment":[{"href":"https:\/\/bilservice.ee\/ru\/wp-json\/wp\/v2\/media?parent=368976"}],"curies":[{"name":"wp","href":"https:\/\/api.w.org\/{rel}","templated":true}]}}