{"id":368972,"date":"2025-09-24T09:42:12","date_gmt":"2025-09-24T06:42:12","guid":{"rendered":"https:\/\/bilservice.ee\/?page_id=368972"},"modified":"2025-09-24T09:43:43","modified_gmt":"2025-09-24T06:43:43","slug":"elektritood","status":"publish","type":"page","link":"https:\/\/bilservice.ee\/ru\/elektritood\/","title":{"rendered":"\u042d\u043b\u0435\u043a\u0442\u0440\u043e\u043c\u043e\u043d\u0442\u0430\u0436\u043d\u044b\u0435 \u0440\u0430\u0431\u043e\u0442\u044b"},"content":{"rendered":"<div class=\"bde-globalblock-368972-100 bde-globalblock\"><style>.breakdance .bde-section-1296-100-1296-1{background-image:url(https:\/\/bilservice.ee\/wp-content\/uploads\/2025\/09\/cropped-image-mechanic-repairing-car-engine-scaled.jpg);background-size:cover;background-repeat:no-repeat;background-position:center center}.breakdance .bde-section-1296-100-1296-1>.section-background-overlay{background-color:var(--bde-brand-primary-color);transition:background-color var(--bde-transition-duration) ease-in-out}.breakdance .bde-section-1296-100-1296-1>.section-background-overlay{opacity:0.2}<\/style><section class=\"bde-section-1296-100-1296-1 bde-section bde-section-1296-100\">\n              \n  \n  \n\t\n\n  <div class=\"section-background-overlay\"><\/div>\n\n\n<div class=\"section-container\"><h1 class=\"bde-heading-1296-101-1296-1 bde-heading bde-heading-1296-101\">\n\u042d\u043b\u0435\u043a\u0442\u0440\u043e\u043c\u043e\u043d\u0442\u0430\u0436\u043d\u044b\u0435 \u0440\u0430\u0431\u043e\u0442\u044b\n<\/h1><div class=\"bde-fancy-divider-1296-102-1296-1 bde-fancy-divider bde-fancy-divider-1296-102\">\n\n\n<div class=\"bde-fancy-divider__wrapper\">\n  <div class=\"bde-fancy-divider__separator\">\n  \t  <\/div>\n<\/div>\n\n<\/div><\/div>\n<\/section><\/div><section class=\"bde-section-368972-101 bde-section\">\n  \n  \n\t\n\n\n\n<div class=\"section-container\"><div class=\"bde-rich-text-368972-102 bde-rich-text breakdance-rich-text-styles\">\n<p>\u041c\u044b \u0432\u044b\u043f\u043e\u043b\u043d\u044f\u0435\u043c \u0432\u0441\u0435 \u0440\u0430\u0431\u043e\u0442\u044b \u043f\u043e \u0442\u0435\u0445\u043d\u0438\u0447\u0435\u0441\u043a\u043e\u043c\u0443 \u043e\u0431\u0441\u043b\u0443\u0436\u0438\u0432\u0430\u043d\u0438\u044e \u0438 \u0440\u0435\u043c\u043e\u043d\u0442\u0443 \u044d\u043b\u0435\u043a\u0442\u0440\u0438\u0447\u0435\u0441\u043a\u0438\u0445 \u0438 \u044d\u043b\u0435\u043a\u0442\u0440\u043e\u043d\u043d\u044b\u0445 \u0441\u0438\u0441\u0442\u0435\u043c Volvo, \u043e\u0442 \u043f\u0440\u043e\u0441\u0442\u043e\u0439 \u0437\u0430\u043c\u0435\u043d\u044b \u043b\u0430\u043c\u043f\u043e\u0447\u0435\u043a \u0434\u043e \u0443\u0441\u0442\u0440\u0430\u043d\u0435\u043d\u0438\u044f \u0441\u043b\u043e\u0436\u043d\u044b\u0445 \u043d\u0435\u0438\u0441\u043f\u0440\u0430\u0432\u043d\u043e\u0441\u0442\u0435\u0439 \u043f\u0440\u043e\u0432\u043e\u0434\u043a\u0438 \u0438 \u0431\u043b\u043e\u043a\u043e\u0432 \u0443\u043f\u0440\u0430\u0432\u043b\u0435\u043d\u0438\u044f. \u041c\u044b \u0438\u0441\u043f\u043e\u043b\u044c\u0437\u0443\u0435\u043c \u0434\u0438\u0430\u0433\u043d\u043e\u0441\u0442\u0438\u043a\u0443 VIDA\/DiCE \u0434\u043b\u044f \u0442\u043e\u0447\u043d\u043e\u0433\u043e \u043e\u043f\u0440\u0435\u0434\u0435\u043b\u0435\u043d\u0438\u044f \u043f\u0440\u043e\u0431\u043b\u0435\u043c\u044b \u0438 \u0435\u0435 \u0443\u0441\u0442\u0440\u0430\u043d\u0435\u043d\u0438\u044f \u0432 \u0441\u043e\u043e\u0442\u0432\u0435\u0442\u0441\u0442\u0432\u0438\u0438 \u0441 \u0437\u0430\u0432\u043e\u0434\u0441\u043a\u0438\u043c\u0438 \u0441\u0442\u0430\u043d\u0434\u0430\u0440\u0442\u0430\u043c\u0438.<\/p><p><strong>\u0427\u0442\u043e \u043c\u044b \u0434\u0435\u043b\u0430\u0435\u043c<\/strong><\/p><ul><li>\u0417\u0430\u043c\u0435\u043d\u0430 \u0433\u0440\u0443\u0448, \u0440\u0435\u043b\u0435 \u0438 \u043f\u0440\u0435\u0434\u043e\u0445\u0440\u0430\u043d\u0438\u0442\u0435\u043b\u0435\u0439<\/li><li>\u0423\u043f\u0440\u0430\u0432\u043b\u0435\u043d\u0438\u0435 \u0433\u0435\u043d\u0435\u0440\u0430\u0442\u043e\u0440\u043e\u043c \u0438 \u0441\u0442\u0430\u0440\u0442\u0435\u0440\u043e\u043c \u0438 \u0438\u0445 \u0440\u0435\u043c\u043e\u043d\u0442\/\u0437\u0430\u043c\u0435\u043d\u0430<\/li><li>\u041f\u0440\u043e\u0432\u0435\u0440\u043a\u0430 \u0430\u043a\u043a\u0443\u043c\u0443\u043b\u044f\u0442\u043e\u0440\u043e\u0432, \u043a\u043e\u043d\u0442\u0440\u043e\u043b\u044c \u0437\u0430\u0440\u044f\u0434\u0430 \u0438 \u0437\u0430\u043c\u0435\u043d\u0430 \u0430\u043a\u043a\u0443\u043c\u0443\u043b\u044f\u0442\u043e\u0440\u043e\u0432 (\u0432 \u0442\u043e\u043c \u0447\u0438\u0441\u043b\u0435 \u0441 \u0441\u0438\u0441\u0442\u0435\u043c\u043e\u0439 \"\u0441\u0442\u0430\u0440\u0442-\u0441\u0442\u043e\u043f\").<\/li><li>\u041f\u0440\u043e\u0432\u0435\u0440\u043a\u0430 \u0438 \u0440\u0435\u043c\u043e\u043d\u0442 \u043f\u0440\u043e\u0432\u043e\u0434\u043e\u0432, \u0448\u0442\u0435\u043a\u0435\u0440\u043e\u0432 \u0438 \u0437\u0430\u0437\u0435\u043c\u043b\u0435\u043d\u0438\u0439<\/li><li>\u0420\u0435\u043c\u043e\u043d\u0442 \u044d\u043b\u0435\u043a\u0442\u0440\u043e\u0441\u0442\u0435\u043a\u043b\u043e\u043f\u043e\u0434\u044a\u0435\u043c\u043d\u0438\u043a\u043e\u0432, \u0437\u0435\u0440\u043a\u0430\u043b, \u043f\u043e\u0434\u043e\u0433\u0440\u0435\u0432\u0430 \u0441\u0438\u0434\u0435\u043d\u0438\u0439 \u0438 \u0434\u0440\u0443\u0433\u0438\u0445 \u0440\u0435\u0448\u0435\u043d\u0438\u0439 \u0434\u043b\u044f \u043a\u043e\u043c\u0444\u043e\u0440\u0442\u0430<\/li><li>\u0421\u0438\u0441\u0442\u0435\u043c\u044b \u0431\u0435\u0437\u043e\u043f\u0430\u0441\u043d\u043e\u0441\u0442\u0438 \u0438 \u043f\u043e\u043c\u043e\u0449\u0438 (ABS, SRS, DSTC, \u0434\u0430\u0442\u0447\u0438\u043a\u0438 \u043f\u0430\u0440\u043a\u043e\u0432\u043a\u0438, \u043a\u0430\u043c\u0435\u0440\u044b).<\/li><li>\u041d\u0435\u0438\u0441\u043f\u0440\u0430\u0432\u043d\u043e\u0441\u0442\u0438 \u0438\u043d\u0444\u043e\u0440\u043c\u0430\u0446\u0438\u043e\u043d\u043d\u043e-\u0440\u0430\u0437\u0432\u043b\u0435\u043a\u0430\u0442\u0435\u043b\u044c\u043d\u043e\u0439 \u0441\u0438\u0441\u0442\u0435\u043c\u044b \u0438 \u0441\u0438\u0441\u0442\u0435\u043c\u044b Sensus<\/li><li>\u0421\u0431\u0440\u043e\u0441 \u043f\u0440\u043e\u0433\u0440\u0430\u043c\u043c\u043d\u043e\u0433\u043e \u043e\u0431\u0435\u0441\u043f\u0435\u0447\u0435\u043d\u0438\u044f \u0438 \u043a\u043e\u0434\u0438\u0440\u043e\u0432\u0430\u043d\u0438\u0435 \u0441 \u043f\u043e\u043c\u043e\u0449\u044c\u044e VIDA<\/li><\/ul><p><strong>\u041a\u043e\u0433\u0434\u0430 \u043f\u0440\u0438\u0445\u043e\u0434\u0438\u0442\u044c<\/strong><\/p><ul><li>\u0415\u0441\u043b\u0438 \u044d\u043b\u0435\u043a\u0442\u0440\u043e\u043e\u0431\u043e\u0440\u0443\u0434\u043e\u0432\u0430\u043d\u0438\u0435 \u043d\u0435 \u0440\u0430\u0431\u043e\u0442\u0430\u0435\u0442 \u0438\u043b\u0438 \u0440\u0430\u0431\u043e\u0442\u0430\u0435\u0442 \u043d\u0435\u0440\u0430\u0432\u043d\u043e\u043c\u0435\u0440\u043d\u043e<\/li><li>\u041d\u0430 \u043f\u0440\u0438\u0431\u043e\u0440\u043d\u043e\u0439 \u043f\u0430\u043d\u0435\u043b\u0438 \u0437\u0430\u0433\u043e\u0440\u0430\u0435\u0442\u0441\u044f \u043f\u0440\u0435\u0434\u0443\u043f\u0440\u0435\u0436\u0434\u0430\u044e\u0449\u0438\u0439 \u0438\u043d\u0434\u0438\u043a\u0430\u0442\u043e\u0440 \u0438\u043b\u0438 \u0438\u043d\u0434\u0438\u043a\u0430\u0442\u043e\u0440 \u043d\u0435\u0438\u0441\u043f\u0440\u0430\u0432\u043d\u043e\u0441\u0442\u0438.<\/li><li>\u0410\u043a\u043a\u0443\u043c\u0443\u043b\u044f\u0442\u043e\u0440 \u0431\u044b\u0441\u0442\u0440\u043e \u0440\u0430\u0437\u0440\u044f\u0436\u0430\u0435\u0442\u0441\u044f \u0438\u043b\u0438 \u0430\u0432\u0442\u043e\u043c\u043e\u0431\u0438\u043b\u044c \u043f\u043b\u043e\u0445\u043e \u0437\u0430\u0432\u043e\u0434\u0438\u0442\u0441\u044f<\/li><li>\u041f\u0440\u0438 \u0443\u0441\u0442\u0430\u043d\u043e\u0432\u043a\u0435 \u0434\u043e\u043f\u043e\u043b\u043d\u0438\u0442\u0435\u043b\u044c\u043d\u043e\u0433\u043e \u043e\u0431\u043e\u0440\u0443\u0434\u043e\u0432\u0430\u043d\u0438\u044f (\u043d\u0430\u043f\u0440\u0438\u043c\u0435\u0440, \u0440\u0430\u0437\u044a\u0435\u043c\u0430 \u0434\u043b\u044f \u0441\u0446\u0435\u043f\u043d\u043e\u0433\u043e \u0443\u0441\u0442\u0440\u043e\u0439\u0441\u0442\u0432\u0430, \u0432\u0441\u043f\u043e\u043c\u043e\u0433\u0430\u0442\u0435\u043b\u044c\u043d\u043e\u0433\u043e \u043e\u0441\u0432\u0435\u0449\u0435\u043d\u0438\u044f).<\/li><\/ul><p><strong>\u041a\u043e\u043c\u043c\u0435\u043d\u0442\u0430\u0440\u0438\u0438<\/strong><br \/>\u041c\u044b \u0438\u0441\u043f\u043e\u043b\u044c\u0437\u0443\u0435\u043c \u043e\u0440\u0438\u0433\u0438\u043d\u0430\u043b\u044c\u043d\u044b\u0435 \u0437\u0430\u043f\u0447\u0430\u0441\u0442\u0438 Volvo \u0438 OEM \u0438 \u043f\u043e\u0434\u0442\u0432\u0435\u0440\u0436\u0434\u0430\u0435\u043c \u0446\u0435\u043d\u0443 \u0434\u043e \u043d\u0430\u0447\u0430\u043b\u0430 \u0440\u0430\u0431\u043e\u0442.<\/p>\n<\/div><\/div>\n<\/section>","protected":false},"excerpt":{"rendered":"<p>Elektrit\u00f6\u00f6d Teostame k\u00f5iki Volvo elektri- ja elektroonikas\u00fcsteemide hooldus- ning remondit\u00f6id, alates lihtsamatest pirnivahetustest kuni keerukate juhtmestiku ja juhtplokkide rikete k\u00f5rvaldamiseni. Kasutame VIDA\/DiCE diagnostikat, et tuvastada probleem t\u00e4pselt ja lahendada see tehase standardite j\u00e4rgi.Mida teemePirnide, releede ja kaitsmete vahetusGeneraatori ja starteri kontroll ning remont\/vahetusAku testimine, laadimise kontroll ja aku vahetus (sh start-stop s\u00fcsteemiga)Juhtmete, pistikute ja massi\u00fchenduste [&hellip;]<\/p>\n","protected":false},"author":6,"featured_media":368973,"parent":0,"menu_order":0,"comment_status":"closed","ping_status":"closed","template":"","meta":{"_breakdance_hide_in_design_set":false,"_breakdance_tags":"","footnotes":""},"class_list":["post-368972","page","type-page","status-publish","has-post-thumbnail","hentry"],"_links":{"self":[{"href":"https:\/\/bilservice.ee\/ru\/wp-json\/wp\/v2\/pages\/368972","targetHints":{"allow":["GET"]}}],"collection":[{"href":"https:\/\/bilservice.ee\/ru\/wp-json\/wp\/v2\/pages"}],"about":[{"href":"https:\/\/bilservice.ee\/ru\/wp-json\/wp\/v2\/types\/page"}],"author":[{"embeddable":true,"href":"https:\/\/bilservice.ee\/ru\/wp-json\/wp\/v2\/users\/6"}],"replies":[{"embeddable":true,"href":"https:\/\/bilservice.ee\/ru\/wp-json\/wp\/v2\/comments?post=368972"}],"version-history":[{"count":2,"href":"https:\/\/bilservice.ee\/ru\/wp-json\/wp\/v2\/pages\/368972\/revisions"}],"predecessor-version":[{"id":368975,"href":"https:\/\/bilservice.ee\/ru\/wp-json\/wp\/v2\/pages\/368972\/revisions\/368975"}],"wp:featuredmedia":[{"embeddable":true,"href":"https:\/\/bilservice.ee\/ru\/wp-json\/wp\/v2\/media\/368973"}],"wp:attachment":[{"href":"https:\/\/bilservice.ee\/ru\/wp-json\/wp\/v2\/media?parent=368972"}],"curies":[{"name":"wp","href":"https:\/\/api.w.org\/{rel}","templated":true}]}}