{"id":368968,"date":"2025-09-24T09:37:58","date_gmt":"2025-09-24T06:37:58","guid":{"rendered":"https:\/\/bilservice.ee\/?page_id=368968"},"modified":"2025-09-24T09:40:44","modified_gmt":"2025-09-24T06:40:44","slug":"veakoodide-lugemine-ja-pohjalik-diagnostika","status":"publish","type":"page","link":"https:\/\/bilservice.ee\/ru\/veakoodide-lugemine-ja-pohjalik-diagnostika\/","title":{"rendered":"\u0421\u0447\u0438\u0442\u044b\u0432\u0430\u043d\u0438\u0435 \u043a\u043e\u0434\u043e\u0432 \u043e\u0448\u0438\u0431\u043e\u043a \u0438 \u0443\u0433\u043b\u0443\u0431\u043b\u0435\u043d\u043d\u0430\u044f \u0434\u0438\u0430\u0433\u043d\u043e\u0441\u0442\u0438\u043a\u0430"},"content":{"rendered":"<div class=\"bde-globalblock-368968-100 bde-globalblock\"><style>.breakdance .bde-section-1296-100-1296-1{background-image:url(https:\/\/bilservice.ee\/wp-content\/uploads\/2025\/09\/hands-female-mechanic-using-laptop-scaled.jpg);background-size:cover;background-repeat:no-repeat;background-position:center center}.breakdance .bde-section-1296-100-1296-1>.section-background-overlay{background-color:var(--bde-brand-primary-color);transition:background-color var(--bde-transition-duration) ease-in-out}.breakdance .bde-section-1296-100-1296-1>.section-background-overlay{opacity:0.2}<\/style><section class=\"bde-section-1296-100-1296-1 bde-section bde-section-1296-100\">\n              \n  \n  \n\t\n\n  <div class=\"section-background-overlay\"><\/div>\n\n\n<div class=\"section-container\"><h1 class=\"bde-heading-1296-101-1296-1 bde-heading bde-heading-1296-101\">\n\u0421\u0447\u0438\u0442\u044b\u0432\u0430\u043d\u0438\u0435 \u043a\u043e\u0434\u043e\u0432 \u043e\u0448\u0438\u0431\u043e\u043a \u0438 \u0443\u0433\u043b\u0443\u0431\u043b\u0435\u043d\u043d\u0430\u044f \u0434\u0438\u0430\u0433\u043d\u043e\u0441\u0442\u0438\u043a\u0430\n<\/h1><div class=\"bde-fancy-divider-1296-102-1296-1 bde-fancy-divider bde-fancy-divider-1296-102\">\n\n\n<div class=\"bde-fancy-divider__wrapper\">\n  <div class=\"bde-fancy-divider__separator\">\n  \t  <\/div>\n<\/div>\n\n<\/div><\/div>\n<\/section><\/div><section class=\"bde-section-368968-101 bde-section\">\n  \n  \n\t\n\n\n\n<div class=\"section-container\"><div class=\"bde-rich-text-368968-102 bde-rich-text breakdance-rich-text-styles\">\n<p>\u041c\u044b \u043f\u0440\u043e\u0432\u0435\u0434\u0435\u043c \u0442\u043e\u0447\u043d\u0443\u044e \u043f\u0440\u043e\u0432\u0435\u0440\u043a\u0443 \u044d\u043b\u0435\u043a\u0442\u0440\u043e\u043d\u043d\u044b\u0445 \u0441\u0438\u0441\u0442\u0435\u043c \u0432\u0430\u0448\u0435\u0433\u043e Volvo, \u0447\u0442\u043e\u0431\u044b \u0431\u044b\u0441\u0442\u0440\u043e \u0432\u044b\u044f\u0432\u0438\u0442\u044c \u043f\u0440\u0438\u0447\u0438\u043d\u0443 \u043d\u0435\u0438\u0441\u043f\u0440\u0430\u0432\u043d\u043e\u0441\u0442\u0435\u0439 \u0438 \u0438\u0437\u0431\u0435\u0436\u0430\u0442\u044c \u043b\u0438\u0448\u043d\u0438\u0445 \u0437\u0430\u0442\u0440\u0430\u0442. \u041c\u044b \u0438\u0441\u043f\u043e\u043b\u044c\u0437\u0443\u0435\u043c \u043e\u0440\u0438\u0433\u0438\u043d\u0430\u043b\u044c\u043d\u0443\u044e \u0434\u0438\u0430\u0433\u043d\u043e\u0441\u0442\u0438\u043a\u0443 Volvo (VIDA\/DiCE), \u043a\u043e\u0442\u043e\u0440\u0430\u044f \u043f\u043e\u0434\u0434\u0435\u0440\u0436\u0438\u0432\u0430\u0435\u0442 \u0441\u0432\u044f\u0437\u044c \u0441\u043e \u0432\u0441\u0435\u043c\u0438 \u0431\u043b\u043e\u043a\u0430\u043c\u0438 \u0443\u043f\u0440\u0430\u0432\u043b\u0435\u043d\u0438\u044f \u0430\u0432\u0442\u043e\u043c\u043e\u0431\u0438\u043b\u044f.<\/p><p><strong>\u0427\u0442\u043e \u043c\u044b \u0434\u0435\u043b\u0430\u0435\u043c<\/strong><\/p><ul><li>\u0421\u0447\u0438\u0442\u044b\u0432\u0430\u043d\u0438\u0435 \u0438 \u0443\u0434\u0430\u043b\u0435\u043d\u0438\u0435 \u043a\u043e\u0434\u043e\u0432 \u043d\u0435\u0438\u0441\u043f\u0440\u0430\u0432\u043d\u043e\u0441\u0442\u0435\u0439 \u0432\u0441\u0435\u0445 \u0431\u043b\u043e\u043a\u043e\u0432 \u0443\u043f\u0440\u0430\u0432\u043b\u0435\u043d\u0438\u044f (\u0434\u0432\u0438\u0433\u0430\u0442\u0435\u043b\u044c, \u0442\u0440\u0430\u043d\u0441\u043c\u0438\u0441\u0441\u0438\u044f, ABS\/DSTC, SRS, \u043a\u043b\u0438\u043c\u0430\u0442, \u043a\u0443\u0437\u043e\u0432 \u0438 \u043c\u043e\u0434\u0443\u043b\u0438 \u043a\u043e\u043c\u0444\u043e\u0440\u0442\u0430).<\/li><li>\u041a\u043e\u043d\u0442\u0440\u043e\u043b\u044c \u0434\u0430\u043d\u043d\u044b\u0445 \u0432 \u0440\u0435\u0430\u043b\u044c\u043d\u043e\u043c \u0432\u0440\u0435\u043c\u0435\u043d\u0438 (\u0434\u0430\u0442\u0447\u0438\u043a\u0438, \u0434\u0430\u0432\u043b\u0435\u043d\u0438\u0435, \u0442\u0435\u043c\u043f\u0435\u0440\u0430\u0442\u0443\u0440\u0430, \u0441\u0438\u0433\u043d\u0430\u043b\u044b)<\/li><li>\u0422\u043e\u0447\u043d\u043e\u0435 \u043e\u043f\u0440\u0435\u0434\u0435\u043b\u0435\u043d\u0438\u0435 \u0438\u0441\u0442\u043e\u0447\u043d\u0438\u043a\u0430 \u043d\u0435\u0438\u0441\u043f\u0440\u0430\u0432\u043d\u043e\u0441\u0442\u0438 \u0441 \u043f\u043e\u043c\u043e\u0449\u044c\u044e \u044d\u043b\u0435\u043a\u0442\u0440\u0438\u0447\u0435\u0441\u043a\u0438\u0445 \u0441\u0445\u0435\u043c \u0438 \u0438\u0437\u043c\u0435\u0440\u0435\u043d\u0438\u0439<\/li><li>\u041f\u0440\u043e\u0432\u0435\u0440\u043a\u0430 \u043f\u0440\u043e\u0431\u043b\u0435\u043c, \u0441\u0432\u044f\u0437\u0430\u043d\u043d\u044b\u0445 \u0441 \u043f\u0440\u043e\u0433\u0440\u0430\u043c\u043c\u043d\u044b\u043c \u043e\u0431\u0435\u0441\u043f\u0435\u0447\u0435\u043d\u0438\u0435\u043c, \u0430\u0434\u0430\u043f\u0442\u0430\u0446\u0438\u044f \u0438 \u0441\u0431\u0440\u043e\u0441 \u043d\u0430\u0441\u0442\u0440\u043e\u0435\u043a<\/li><li>\u041e\u0442\u0447\u0435\u0442 \u043e \u043d\u0430\u0439\u0434\u0435\u043d\u043d\u044b\u0445 \u043d\u0435\u0438\u0441\u043f\u0440\u0430\u0432\u043d\u043e\u0441\u0442\u044f\u0445 \u0438 \u0440\u0435\u043a\u043e\u043c\u0435\u043d\u0434\u0430\u0446\u0438\u0438 \u043f\u043e \u0440\u0435\u043c\u043e\u043d\u0442\u0443<\/li><\/ul><p><strong>\u041a\u043e\u0433\u0434\u0430 \u043f\u0440\u0438\u0445\u043e\u0434\u0438\u0442\u044c<\/strong><\/p><ul><li>\u041d\u0430 \u043f\u0440\u0438\u0431\u043e\u0440\u043d\u043e\u0439 \u043f\u0430\u043d\u0435\u043b\u0438 \u0437\u0430\u0433\u043e\u0440\u0430\u0435\u0442\u0441\u044f \u043f\u0440\u0435\u0434\u0443\u043f\u0440\u0435\u0436\u0434\u0430\u044e\u0449\u0430\u044f \u043b\u0430\u043c\u043f\u0430 \u0438\u043b\u0438 \u043b\u0430\u043c\u043f\u0430 \u043d\u0435\u0438\u0441\u043f\u0440\u0430\u0432\u043d\u043e\u0441\u0442\u0438 (\u043f\u0440\u043e\u0432\u0435\u0440\u043a\u0430 \u0434\u0432\u0438\u0433\u0430\u0442\u0435\u043b\u044f, ABS, SRS, AWD \u0438 \u0442.\u0434.).<\/li><li>\u0410\u0432\u0442\u043e\u043c\u043e\u0431\u0438\u043b\u044c \u0440\u0430\u0431\u043e\u0442\u0430\u0435\u0442 \u043d\u0435\u0441\u0442\u0430\u0431\u0438\u043b\u044c\u043d\u043e \u0438\u043b\u0438 \u0442\u0435\u0440\u044f\u0435\u0442 \u043c\u043e\u0449\u043d\u043e\u0441\u0442\u044c<\/li><li>\u041d\u0435 \u0440\u0430\u0431\u043e\u0442\u0430\u044e\u0442 \u044d\u043b\u0435\u043a\u0442\u0440\u043e\u043d\u043d\u044b\u0435 \u0441\u0438\u0441\u0442\u0435\u043c\u044b \u043f\u043e\u043c\u043e\u0449\u0438 (\u043d\u0430\u043f\u0440\u0438\u043c\u0435\u0440, \u0434\u0430\u0442\u0447\u0438\u043a\u0438 \u043f\u0430\u0440\u043a\u043e\u0432\u043a\u0438, \u043a\u043b\u0438\u043c\u0430\u0442\u0438\u0447\u0435\u0441\u043a\u0438\u0435 \u0438 \u043e\u0445\u0440\u0430\u043d\u043d\u044b\u0435 \u0441\u0438\u0441\u0442\u0435\u043c\u044b).<\/li><li>\u041f\u0440\u043e\u0444\u0438\u043b\u0430\u043a\u0442\u0438\u0447\u0435\u0441\u043a\u0438\u0435 \u043f\u0440\u043e\u0432\u0435\u0440\u043a\u0438 \u043f\u0435\u0440\u0435\u0434 \u0434\u043b\u0438\u0442\u0435\u043b\u044c\u043d\u043e\u0439 \u043f\u043e\u0435\u0437\u0434\u043a\u043e\u0439 \u0438\u043b\u0438 \u0442\u0435\u0445\u043d\u0438\u0447\u0435\u0441\u043a\u0438\u043c \u043e\u0441\u043c\u043e\u0442\u0440\u043e\u043c<\/li><\/ul><p><strong>\u041f\u043e\u0447\u0435\u043c\u0443 \u043c\u044b<\/strong><br \/>\u0421\u043f\u0435\u0446\u0438\u0444\u0438\u0447\u0435\u0441\u043a\u0430\u044f \u0434\u043b\u044f Volvo \u0434\u0438\u0430\u0433\u043d\u043e\u0441\u0442\u0438\u043a\u0430 VIDA, \u043e\u043f\u044b\u0442\u043d\u044b\u0435 \u0442\u0435\u0445\u043d\u0438\u043a\u0438 \u0438 \u043f\u0440\u043e\u0437\u0440\u0430\u0447\u043d\u044b\u0435 \u043e\u0431\u044a\u044f\u0441\u043d\u0435\u043d\u0438\u044f \u0441 \u043f\u043b\u0430\u043d\u043e\u043c \u0440\u0435\u043c\u043e\u043d\u0442\u0430.<\/p>\n<\/div><\/div>\n<\/section>","protected":false},"excerpt":{"rendered":"<p>Veakoodide lugemine ja p\u00f5hjalik diagnostika Teeme sinu Volvole t\u00e4pse elektroonikas\u00fcsteemide kontrolli, et leida kiiresti rikete p\u00f5hjused ja v\u00e4ltida tarbetuid kulusid. Kasutame Volvo originaaldiagnostikat (VIDA\/DiCE), mis suhtleb k\u00f5igi auto juhtplokkidega.Mida teemeK\u00f5igi juhtplokkide (mootor, k\u00e4igukast, ABS\/DSTC, SRS, kliima, kere- ja mugavusmoodulid) veakoodide lugemine ja kustutamineReaalaja andmete j\u00e4lgimine (andurid, r\u00f5hud, temperatuurid, signaalid)Elektriskeemide ja m\u00f5\u00f5tmiste abil veaallika t\u00e4pne tuvastamineTarkvaraga [&hellip;]<\/p>\n","protected":false},"author":6,"featured_media":368969,"parent":0,"menu_order":0,"comment_status":"closed","ping_status":"closed","template":"","meta":{"_breakdance_hide_in_design_set":false,"_breakdance_tags":"","footnotes":""},"class_list":["post-368968","page","type-page","status-publish","has-post-thumbnail","hentry"],"_links":{"self":[{"href":"https:\/\/bilservice.ee\/ru\/wp-json\/wp\/v2\/pages\/368968","targetHints":{"allow":["GET"]}}],"collection":[{"href":"https:\/\/bilservice.ee\/ru\/wp-json\/wp\/v2\/pages"}],"about":[{"href":"https:\/\/bilservice.ee\/ru\/wp-json\/wp\/v2\/types\/page"}],"author":[{"embeddable":true,"href":"https:\/\/bilservice.ee\/ru\/wp-json\/wp\/v2\/users\/6"}],"replies":[{"embeddable":true,"href":"https:\/\/bilservice.ee\/ru\/wp-json\/wp\/v2\/comments?post=368968"}],"version-history":[{"count":2,"href":"https:\/\/bilservice.ee\/ru\/wp-json\/wp\/v2\/pages\/368968\/revisions"}],"predecessor-version":[{"id":368971,"href":"https:\/\/bilservice.ee\/ru\/wp-json\/wp\/v2\/pages\/368968\/revisions\/368971"}],"wp:featuredmedia":[{"embeddable":true,"href":"https:\/\/bilservice.ee\/ru\/wp-json\/wp\/v2\/media\/368969"}],"wp:attachment":[{"href":"https:\/\/bilservice.ee\/ru\/wp-json\/wp\/v2\/media?parent=368968"}],"curies":[{"name":"wp","href":"https:\/\/api.w.org\/{rel}","templated":true}]}}