{"id":368964,"date":"2025-09-24T09:33:29","date_gmt":"2025-09-24T06:33:29","guid":{"rendered":"https:\/\/bilservice.ee\/?page_id=368964"},"modified":"2025-09-24T09:34:35","modified_gmt":"2025-09-24T06:34:35","slug":"ac-susteemi-kontroll-ja-taitmine","status":"publish","type":"page","link":"https:\/\/bilservice.ee\/ru\/ac-susteemi-kontroll-ja-taitmine\/","title":{"rendered":"\u041a\u043e\u043d\u0442\u0440\u043e\u043b\u044c \u0438 \u043e\u0431\u0435\u0441\u043f\u0435\u0447\u0435\u043d\u0438\u0435 \u0444\u0443\u043d\u043a\u0446\u0438\u043e\u043d\u0438\u0440\u043e\u0432\u0430\u043d\u0438\u044f \u0441\u0438\u0441\u0442\u0435\u043c\u044b \u043f\u0435\u0440\u0435\u043c\u0435\u043d\u043d\u043e\u0433\u043e \u0442\u043e\u043a\u0430"},"content":{"rendered":"<div class=\"bde-globalblock-368964-100 bde-globalblock\"><style>.breakdance .bde-section-1296-100-1296-1{background-image:url(https:\/\/bilservice.ee\/wp-content\/uploads\/2025\/09\/car-air-conditioner-check-service-leak-detection-fill-refrigerant-scaled.jpg);background-size:cover;background-repeat:no-repeat;background-position:center center}.breakdance .bde-section-1296-100-1296-1>.section-background-overlay{background-color:var(--bde-brand-primary-color);transition:background-color var(--bde-transition-duration) ease-in-out}.breakdance .bde-section-1296-100-1296-1>.section-background-overlay{opacity:0.2}<\/style><section class=\"bde-section-1296-100-1296-1 bde-section bde-section-1296-100\">\n              \n  \n  \n\t\n\n  <div class=\"section-background-overlay\"><\/div>\n\n\n<div class=\"section-container\"><h1 class=\"bde-heading-1296-101-1296-1 bde-heading bde-heading-1296-101\">\n\u041a\u043e\u043d\u0442\u0440\u043e\u043b\u044c \u0438 \u043e\u0431\u0435\u0441\u043f\u0435\u0447\u0435\u043d\u0438\u0435 \u0444\u0443\u043d\u043a\u0446\u0438\u043e\u043d\u0438\u0440\u043e\u0432\u0430\u043d\u0438\u044f \u0441\u0438\u0441\u0442\u0435\u043c\u044b \u043f\u0435\u0440\u0435\u043c\u0435\u043d\u043d\u043e\u0433\u043e \u0442\u043e\u043a\u0430\n<\/h1><div class=\"bde-fancy-divider-1296-102-1296-1 bde-fancy-divider bde-fancy-divider-1296-102\">\n\n\n<div class=\"bde-fancy-divider__wrapper\">\n  <div class=\"bde-fancy-divider__separator\">\n  \t  <\/div>\n<\/div>\n\n<\/div><\/div>\n<\/section><\/div><section class=\"bde-section-368964-101 bde-section\">\n  \n  \n\t\n\n\n\n<div class=\"section-container\"><div class=\"bde-rich-text-368964-102 bde-rich-text breakdance-rich-text-styles\">\n<p>\u041c\u044b \u043e\u0431\u0441\u043b\u0443\u0436\u0438\u0432\u0430\u0435\u043c \u0438 \u0437\u0430\u043f\u0440\u0430\u0432\u043b\u044f\u0435\u043c \u0441\u0438\u0441\u0442\u0435\u043c\u0443 \u043a\u043e\u043d\u0434\u0438\u0446\u0438\u043e\u043d\u0438\u0440\u043e\u0432\u0430\u043d\u0438\u044f \u0432\u0430\u0448\u0435\u0433\u043e Volvo, \u0447\u0442\u043e\u0431\u044b \u043e\u0431\u0435\u0441\u043f\u0435\u0447\u0438\u0442\u044c \u043a\u043e\u043c\u0444\u043e\u0440\u0442\u043d\u043e\u0435 \u0438 \u0437\u0434\u043e\u0440\u043e\u0432\u043e\u0435 \u0432\u043e\u0436\u0434\u0435\u043d\u0438\u0435 \u043a\u0440\u0443\u0433\u043b\u044b\u0439 \u0433\u043e\u0434. \u041c\u044b \u043f\u0440\u043e\u0432\u0435\u0440\u0438\u043c \u0441\u0438\u0441\u0442\u0435\u043c\u0443 \u043d\u0430 \u0433\u0435\u0440\u043c\u0435\u0442\u0438\u0447\u043d\u043e\u0441\u0442\u044c \u0438 \u0437\u0430\u043f\u043e\u043b\u043d\u0438\u043c \u0435\u0435 \u0445\u043b\u0430\u0434\u0430\u0433\u0435\u043d\u0442\u043e\u043c \u0438 \u043c\u0430\u0441\u043b\u043e\u043c \u0432 \u0441\u043e\u043e\u0442\u0432\u0435\u0442\u0441\u0442\u0432\u0438\u0438 \u0441 \u0437\u0430\u0432\u043e\u0434\u0441\u043a\u0438\u043c\u0438 \u0441\u043f\u0435\u0446\u0438\u0444\u0438\u043a\u0430\u0446\u0438\u044f\u043c\u0438.<\/p><p><strong>\u0427\u0442\u043e \u043c\u044b \u0434\u0435\u043b\u0430\u0435\u043c<\/strong><\/p><ul><li>\u041f\u0440\u043e\u0432\u0435\u0440\u043a\u0430 \u0434\u0430\u0432\u043b\u0435\u043d\u0438\u044f \u0438 \u0432\u0430\u043a\u0443\u0443\u043c\u0430 \u0432 \u0441\u0438\u0441\u0442\u0435\u043c\u0435 \u043a\u043e\u043d\u0434\u0438\u0446\u0438\u043e\u043d\u0438\u0440\u043e\u0432\u0430\u043d\u0438\u044f, \u043e\u0431\u043d\u0430\u0440\u0443\u0436\u0435\u043d\u0438\u0435 \u0443\u0442\u0435\u0447\u0435\u043a \u0441 \u043f\u043e\u043c\u043e\u0449\u044c\u044e \u0423\u0424-\u043a\u0440\u0430\u0441\u0438\u0442\u0435\u043b\u044f \u0438\u043b\u0438 \u0433\u0430\u0437\u043e\u0430\u043d\u0430\u043b\u0438\u0437\u0430\u0442\u043e\u0440\u0430.<\/li><li>\u0423\u0434\u0430\u043b\u0435\u043d\u0438\u0435 \u0441\u0442\u0430\u0440\u043e\u0433\u043e \u0445\u043b\u0430\u0434\u0430\u0433\u0435\u043d\u0442\u0430 \u0438 \u0432\u0430\u043a\u0443\u0443\u043c\u043d\u0430\u044f \u043f\u0440\u043e\u0446\u0435\u0434\u0443\u0440\u0430<\/li><li>\u0414\u043e\u0431\u0430\u0432\u043b\u0435\u043d\u0438\u0435 \u043d\u043e\u0432\u043e\u0433\u043e \u0445\u043b\u0430\u0434\u0430\u0433\u0435\u043d\u0442\u0430 (R134a \u0438\u043b\u0438 R1234yf \u0432 \u0437\u0430\u0432\u0438\u0441\u0438\u043c\u043e\u0441\u0442\u0438 \u043e\u0442 \u043c\u043e\u0434\u0435\u043b\u0438) \u0438 \u043c\u0430\u0441\u043b\u0430.<\/li><li>\u041f\u0440\u043e\u0432\u0435\u0440\u043a\u0430 \u0441\u043e\u0441\u0442\u043e\u044f\u043d\u0438\u044f \u043e\u0441\u0443\u0448\u0438\u0442\u0435\u043b\u044f \u0438 \u0441\u0430\u043b\u043e\u043d\u043d\u043e\u0433\u043e \u0444\u0438\u043b\u044c\u0442\u0440\u0430, \u043f\u0440\u0438 \u043d\u0435\u043e\u0431\u0445\u043e\u0434\u0438\u043c\u043e\u0441\u0442\u0438 \u0437\u0430\u043c\u0435\u043d\u0430<\/li><li>\u041e\u0446\u0435\u043d\u043a\u0430 \u0441\u043e\u0441\u0442\u043e\u044f\u043d\u0438\u044f \u043a\u043e\u043c\u043f\u0440\u0435\u0441\u0441\u043e\u0440\u0430, \u043a\u043e\u043d\u0434\u0435\u043d\u0441\u0430\u0442\u043e\u0440\u0430 \u0438 \u0440\u0430\u0434\u0438\u0430\u0442\u043e\u0440\u0430<\/li><li>\u041f\u0440\u043e\u0432\u0435\u0440\u043a\u0430 \u043f\u0440\u043e\u0438\u0437\u0432\u043e\u0434\u0438\u0442\u0435\u043b\u044c\u043d\u043e\u0441\u0442\u0438 \u0441\u0438\u0441\u0442\u0435\u043c\u044b (\u0445\u043e\u043b\u043e\u0434\u043e\u043f\u0440\u043e\u0438\u0437\u0432\u043e\u0434\u0438\u0442\u0435\u043b\u044c\u043d\u043e\u0441\u0442\u044c, \u0434\u0430\u0432\u043b\u0435\u043d\u0438\u0435, \u0442\u0435\u043c\u043f\u0435\u0440\u0430\u0442\u0443\u0440\u0430) \u0441 \u043f\u043e\u043c\u043e\u0449\u044c\u044e VIDA.<\/li><\/ul><p><strong>\u041a\u043e\u0433\u0434\u0430 \u043f\u0440\u0438\u0445\u043e\u0434\u0438\u0442\u044c<\/strong><\/p><ul><li>\u041a\u0430\u0431\u0438\u043d\u0430 \u043e\u0445\u043b\u0430\u0436\u0434\u0430\u0435\u0442\u0441\u044f \u043d\u0435\u0434\u043e\u0441\u0442\u0430\u0442\u043e\u0447\u043d\u043e \u0438\u043b\u0438 \u0432 \u043d\u0435\u0435 \u043f\u043e\u0441\u0442\u0443\u043f\u0430\u0435\u0442 \u0442\u043e\u043b\u044c\u043a\u043e \u0442\u0435\u043f\u043b\u044b\u0439 \u0432\u043e\u0437\u0434\u0443\u0445<\/li><li>\u0412 \u0441\u0438\u0441\u0442\u0435\u043c\u0435 \u0440\u0430\u0437\u0434\u0430\u0435\u0442\u0441\u044f \u043f\u0438\u0441\u043a, \u0436\u0443\u0436\u0436\u0430\u043d\u0438\u0435 \u0438\u043b\u0438 \u0441\u0432\u0438\u0441\u0442.<\/li><li>\u0421\u0442\u0435\u043a\u043b\u043e \u0438\u043c\u0435\u0435\u0442 \u0442\u0435\u043d\u0434\u0435\u043d\u0446\u0438\u044e \u043f\u043e\u043a\u0440\u044b\u0432\u0430\u0442\u044c\u0441\u044f \u0432\u043b\u0430\u0433\u043e\u0439<\/li><li>\u041a\u0430\u0436\u0434\u044b\u0435 2 \u0433\u043e\u0434\u0430 \u0432 \u043a\u0430\u0447\u0435\u0441\u0442\u0432\u0435 \u043f\u0440\u043e\u0444\u0438\u043b\u0430\u043a\u0442\u0438\u0447\u0435\u0441\u043a\u043e\u0439 \u043c\u0435\u0440\u044b \u043e\u0441\u0432\u0435\u0436\u0430\u0439\u0442\u0435 \u0445\u043b\u0430\u0434\u0430\u0433\u0435\u043d\u0442 \u0438 \u043c\u0430\u0441\u043b\u043e<\/li><\/ul><p><strong>\u041a\u043e\u043c\u043c\u0435\u043d\u0442\u0430\u0440\u0438\u0438<\/strong><br \/>\u0425\u043e\u0440\u043e\u0448\u043e \u043e\u0431\u0441\u043b\u0443\u0436\u0438\u0432\u0430\u0435\u043c\u0430\u044f \u0441\u0438\u0441\u0442\u0435\u043c\u0430 \u043a\u043e\u043d\u0434\u0438\u0446\u0438\u043e\u043d\u0438\u0440\u043e\u0432\u0430\u043d\u0438\u044f \u043e\u0431\u0435\u0441\u043f\u0435\u0447\u0438\u0432\u0430\u0435\u0442 \u044d\u0444\u0444\u0435\u043a\u0442\u0438\u0432\u043d\u043e\u0435 \u043e\u0445\u043b\u0430\u0436\u0434\u0435\u043d\u0438\u0435, \u043f\u0440\u043e\u0434\u043b\u0435\u0432\u0430\u0435\u0442 \u0441\u0440\u043e\u043a \u0441\u043b\u0443\u0436\u0431\u044b \u043a\u043e\u043c\u043f\u0440\u0435\u0441\u0441\u043e\u0440\u0430 \u0438 \u043f\u043e\u0437\u0432\u043e\u043b\u044f\u0435\u0442 \u0438\u0437\u0431\u0435\u0436\u0430\u0442\u044c \u0434\u043e\u0440\u043e\u0433\u043e\u0441\u0442\u043e\u044f\u0449\u0435\u0433\u043e \u0440\u0435\u043c\u043e\u043d\u0442\u0430.<\/p>\n<\/div><\/div>\n<\/section>","protected":false},"excerpt":{"rendered":"<p>AC s\u00fcsteemi kontroll ja t\u00e4itmine Hooldame ja t\u00e4idame sinu Volvo kliimas\u00fcsteemi, et tagada mugav ja tervislik s\u00f5idukogemus igal aastaajal. Kontrollime s\u00fcsteemi lekkevaba t\u00f6\u00f6d ning t\u00e4idame selle \u00f5ige k\u00fclmaine ja \u00f5liga vastavalt tehase n\u00f5uetele.Mida teemeKliimas\u00fcsteemi r\u00f5hu- ja vaakumtest, lekete kontroll UV v\u00e4rvaine v\u00f5i gaasianal\u00fcsaatorigaVana k\u00fclmaine eemaldamine ja vaakumprotseduurUue k\u00fclmaine (R134a v\u00f5i R1234yf vastavalt mudelile) ning \u00f5li [&hellip;]<\/p>\n","protected":false},"author":6,"featured_media":368965,"parent":0,"menu_order":0,"comment_status":"closed","ping_status":"closed","template":"","meta":{"_breakdance_hide_in_design_set":false,"_breakdance_tags":"","footnotes":""},"class_list":["post-368964","page","type-page","status-publish","has-post-thumbnail","hentry"],"_links":{"self":[{"href":"https:\/\/bilservice.ee\/ru\/wp-json\/wp\/v2\/pages\/368964","targetHints":{"allow":["GET"]}}],"collection":[{"href":"https:\/\/bilservice.ee\/ru\/wp-json\/wp\/v2\/pages"}],"about":[{"href":"https:\/\/bilservice.ee\/ru\/wp-json\/wp\/v2\/types\/page"}],"author":[{"embeddable":true,"href":"https:\/\/bilservice.ee\/ru\/wp-json\/wp\/v2\/users\/6"}],"replies":[{"embeddable":true,"href":"https:\/\/bilservice.ee\/ru\/wp-json\/wp\/v2\/comments?post=368964"}],"version-history":[{"count":2,"href":"https:\/\/bilservice.ee\/ru\/wp-json\/wp\/v2\/pages\/368964\/revisions"}],"predecessor-version":[{"id":368967,"href":"https:\/\/bilservice.ee\/ru\/wp-json\/wp\/v2\/pages\/368964\/revisions\/368967"}],"wp:featuredmedia":[{"embeddable":true,"href":"https:\/\/bilservice.ee\/ru\/wp-json\/wp\/v2\/media\/368965"}],"wp:attachment":[{"href":"https:\/\/bilservice.ee\/ru\/wp-json\/wp\/v2\/media?parent=368964"}],"curies":[{"name":"wp","href":"https:\/\/api.w.org\/{rel}","templated":true}]}}