{"id":368959,"date":"2025-09-24T09:29:40","date_gmt":"2025-09-24T06:29:40","guid":{"rendered":"https:\/\/bilservice.ee\/?page_id=368959"},"modified":"2025-09-24T09:31:43","modified_gmt":"2025-09-24T06:31:43","slug":"jahutussusteemi-kontroll-ja-vedeliku-vahetus","status":"publish","type":"page","link":"https:\/\/bilservice.ee\/ru\/jahutussusteemi-kontroll-ja-vedeliku-vahetus\/","title":{"rendered":"\u041f\u0440\u043e\u0432\u0435\u0440\u043a\u0430 \u0441\u0438\u0441\u0442\u0435\u043c\u044b \u043e\u0445\u043b\u0430\u0436\u0434\u0435\u043d\u0438\u044f \u0438 \u0437\u0430\u043c\u0435\u043d\u0430 \u0436\u0438\u0434\u043a\u043e\u0441\u0442\u0438"},"content":{"rendered":"<div class=\"bde-globalblock-368959-100 bde-globalblock\"><style>.breakdance .bde-section-1296-100-1296-1{background-image:url(https:\/\/bilservice.ee\/wp-content\/uploads\/2025\/09\/man-connecting-engine-wiring-scaled.jpg);background-size:cover;background-repeat:no-repeat;background-position:center center}.breakdance .bde-section-1296-100-1296-1>.section-background-overlay{background-color:var(--bde-brand-primary-color);transition:background-color var(--bde-transition-duration) ease-in-out}.breakdance .bde-section-1296-100-1296-1>.section-background-overlay{opacity:0.2}<\/style><section class=\"bde-section-1296-100-1296-1 bde-section bde-section-1296-100\">\n              \n  \n  \n\t\n\n  <div class=\"section-background-overlay\"><\/div>\n\n\n<div class=\"section-container\"><h1 class=\"bde-heading-1296-101-1296-1 bde-heading bde-heading-1296-101\">\n\u041f\u0440\u043e\u0432\u0435\u0440\u043a\u0430 \u0441\u0438\u0441\u0442\u0435\u043c\u044b \u043e\u0445\u043b\u0430\u0436\u0434\u0435\u043d\u0438\u044f \u0438 \u0437\u0430\u043c\u0435\u043d\u0430 \u0436\u0438\u0434\u043a\u043e\u0441\u0442\u0438\n<\/h1><div class=\"bde-fancy-divider-1296-102-1296-1 bde-fancy-divider bde-fancy-divider-1296-102\">\n\n\n<div class=\"bde-fancy-divider__wrapper\">\n  <div class=\"bde-fancy-divider__separator\">\n  \t  <\/div>\n<\/div>\n\n<\/div><\/div>\n<\/section><\/div><section class=\"bde-section-368959-101 bde-section\">\n  \n  \n\t\n\n\n\n<div class=\"section-container\"><div class=\"bde-rich-text-368959-102 bde-rich-text breakdance-rich-text-styles\">\n<p>\u041c\u044b \u043e\u0431\u0441\u043b\u0443\u0436\u0438\u0432\u0430\u0435\u043c \u0441\u0438\u0441\u0442\u0435\u043c\u0443 \u043e\u0445\u043b\u0430\u0436\u0434\u0435\u043d\u0438\u044f \u0432\u0430\u0448\u0435\u0433\u043e Volvo, \u0447\u0442\u043e\u0431\u044b \u043f\u043e\u0434\u0434\u0435\u0440\u0436\u0438\u0432\u0430\u0442\u044c \u043d\u0443\u0436\u043d\u0443\u044e \u0442\u0435\u043c\u043f\u0435\u0440\u0430\u0442\u0443\u0440\u0443 \u0434\u0432\u0438\u0433\u0430\u0442\u0435\u043b\u044f \u0438 \u0437\u0430\u0449\u0438\u0449\u0430\u0442\u044c \u0435\u0433\u043e \u043e\u0442 \u043f\u0435\u0440\u0435\u0433\u0440\u0435\u0432\u0430 \u0438 \u043a\u043e\u0440\u0440\u043e\u0437\u0438\u0438. \u041c\u044b \u0438\u0441\u043f\u043e\u043b\u044c\u0437\u0443\u0435\u043c \u043e\u0445\u043b\u0430\u0436\u0434\u0430\u044e\u0449\u0443\u044e \u0436\u0438\u0434\u043a\u043e\u0441\u0442\u044c, \u0441\u043e\u043e\u0442\u0432\u0435\u0442\u0441\u0442\u0432\u0443\u044e\u0449\u0443\u044e \u0442\u0440\u0435\u0431\u043e\u0432\u0430\u043d\u0438\u044f\u043c \u0437\u0430\u0432\u043e\u0434\u0430-\u0438\u0437\u0433\u043e\u0442\u043e\u0432\u0438\u0442\u0435\u043b\u044f (Volvo Coolant \/ OAT).<\/p><p><strong>\u0427\u0442\u043e \u043c\u044b \u0434\u0435\u043b\u0430\u0435\u043c<\/strong><\/p><ul><li>\u0412\u0438\u0437\u0443\u0430\u043b\u044c\u043d\u044b\u0439 \u043e\u0441\u043c\u043e\u0442\u0440 \u0440\u0435\u0437\u0435\u0440\u0432\u0443\u0430\u0440\u0430 \u0438 \u0448\u043b\u0430\u043d\u0433\u043e\u0432, \u043e\u0431\u043d\u0430\u0440\u0443\u0436\u0435\u043d\u0438\u0435 \u0443\u0442\u0435\u0447\u0435\u043a<\/li><li>\u041f\u0440\u043e\u0432\u0435\u0440\u043a\u0430 \u0441\u043e\u0441\u0442\u043e\u044f\u043d\u0438\u044f \u0440\u0430\u0434\u0438\u0430\u0442\u043e\u0440\u0430, \u043e\u0442\u043e\u043f\u0438\u0442\u0435\u043b\u044f \u0438 \u0432\u043e\u0434\u044f\u043d\u043e\u0433\u043e \u043d\u0430\u0441\u043e\u0441\u0430<\/li><li>\u041f\u0440\u043e\u0432\u0435\u0440\u043a\u0430 \u0440\u0430\u0431\u043e\u0442\u044b \u0442\u0435\u0440\u043c\u043e\u0441\u0442\u0430\u0442\u0430<\/li><li>\u0418\u0437\u043c\u0435\u0440\u0435\u043d\u0438\u0435 \u0442\u0435\u043c\u043f\u0435\u0440\u0430\u0442\u0443\u0440\u044b \u0437\u0430\u043c\u0435\u0440\u0437\u0430\u043d\u0438\u044f \u0438 \u043a\u0430\u0447\u0435\u0441\u0442\u0432\u0430 \u043e\u0445\u043b\u0430\u0436\u0434\u0430\u044e\u0449\u0435\u0439 \u0436\u0438\u0434\u043a\u043e\u0441\u0442\u0438<\/li><li>\u0423\u0434\u0430\u043b\u0435\u043d\u0438\u0435 \u0441\u0442\u0430\u0440\u043e\u0439 \u0436\u0438\u0434\u043a\u043e\u0441\u0442\u0438 \u0438 \u043f\u0440\u043e\u043c\u044b\u0432\u043a\u0430 \u0441\u0438\u0441\u0442\u0435\u043c\u044b (\u043f\u0440\u0438 \u043d\u0435\u043e\u0431\u0445\u043e\u0434\u0438\u043c\u043e\u0441\u0442\u0438)<\/li><li>\u0417\u0430\u043f\u043e\u043b\u043d\u0435\u043d\u0438\u0435 \u0438 \u0430\u044d\u0440\u0430\u0446\u0438\u044f \u043d\u043e\u0432\u043e\u0433\u043e \u0431\u0430\u043a\u0430 \u043e\u0445\u043b\u0430\u0436\u0434\u0430\u044e\u0449\u0435\u0439 \u0436\u0438\u0434\u043a\u043e\u0441\u0442\u0438 \u043e\u0440\u0438\u0433\u0438\u043d\u0430\u043b\u044c\u043d\u043e\u0439 \u0441\u043f\u0435\u0446\u0438\u0444\u0438\u043a\u0430\u0446\u0438\u0438<\/li><li>\u0422\u0435\u0441\u0442-\u0434\u0440\u0430\u0439\u0432 \u0438 \u043c\u043e\u043d\u0438\u0442\u043e\u0440\u0438\u043d\u0433 \u0440\u0430\u0431\u043e\u0447\u0435\u0439 \u0442\u0435\u043c\u043f\u0435\u0440\u0430\u0442\u0443\u0440\u044b \u0441 \u043f\u043e\u043c\u043e\u0449\u044c\u044e VIDA<\/li><\/ul><p><strong>\u041a\u043e\u0433\u0434\u0430 \u043f\u0440\u0438\u0445\u043e\u0434\u0438\u0442\u044c<\/strong><\/p><ul><li>\u041f\u043e\u0442\u0435\u0440\u044f \u043e\u0445\u043b\u0430\u0436\u0434\u0430\u044e\u0449\u0435\u0439 \u0436\u0438\u0434\u043a\u043e\u0441\u0442\u0438, \u0441\u043b\u0435\u0434\u044b \u0443\u0442\u0435\u0447\u043a\u0438 \u0438\u043b\u0438 \u0441\u043b\u0430\u0434\u043a\u043e\u0432\u0430\u0442\u044b\u0439 \u0437\u0430\u043f\u0430\u0445 \u0432 \u0441\u0430\u043b\u043e\u043d\u0435<\/li><li>\u041f\u0440\u0435\u0434\u0443\u043f\u0440\u0435\u0436\u0434\u0435\u043d\u0438\u0435 \u043e \u043f\u0435\u0440\u0435\u0433\u0440\u0435\u0432\u0435 \u0434\u0432\u0438\u0433\u0430\u0442\u0435\u043b\u044f \u0438\u043b\u0438 \u043d\u0435\u0440\u0430\u0432\u043d\u043e\u043c\u0435\u0440\u043d\u044b\u0439 \u043f\u0440\u043e\u0433\u0440\u0435\u0432<\/li><li>\u0423\u043c\u0435\u043d\u044c\u0448\u0435\u043d\u0438\u0435 \u043d\u0430\u0433\u0440\u0435\u0432\u0430 \u0441\u0430\u043b\u043e\u043d\u0430 \u0432 \u0445\u043e\u043b\u043e\u0434\u043d\u0443\u044e \u043f\u043e\u0433\u043e\u0434\u0443<\/li><li>\u041f\u0440\u043e\u0432\u043e\u0434\u0438\u0442\u0435 \u043f\u0440\u043e\u0444\u0438\u043b\u0430\u043a\u0442\u0438\u043a\u0443 \u043a\u0430\u0436\u0434\u044b\u0435 4-5 \u043b\u0435\u0442 \u0438\u043b\u0438 80 000-100 000 \u043a\u043c.<\/li><\/ul><p><strong>\u041a\u043e\u043c\u043c\u0435\u043d\u0442\u0430\u0440\u0438\u0438<\/strong><br \/>\u041d\u0435\u043f\u0440\u0430\u0432\u0438\u043b\u044c\u043d\u043e \u043f\u043e\u0434\u043e\u0431\u0440\u0430\u043d\u043d\u0430\u044f \u0438\u043b\u0438 \u0441\u0442\u0430\u0440\u0430\u044f \u043e\u0445\u043b\u0430\u0436\u0434\u0430\u044e\u0449\u0430\u044f \u0436\u0438\u0434\u043a\u043e\u0441\u0442\u044c \u043c\u043e\u0436\u0435\u0442 \u0432\u044b\u0437\u0432\u0430\u0442\u044c \u043a\u043e\u0440\u0440\u043e\u0437\u0438\u044e, \u043f\u043e\u0432\u0440\u0435\u0436\u0434\u0435\u043d\u0438\u0435 \u0443\u043f\u043b\u043e\u0442\u043d\u0435\u043d\u0438\u0439 \u0438 \u043f\u0435\u0440\u0435\u0433\u0440\u0435\u0432 \u0434\u0432\u0438\u0433\u0430\u0442\u0435\u043b\u044f. \u041f\u0435\u0440\u0435\u0434 \u043d\u0430\u0447\u0430\u043b\u043e\u043c \u0440\u0430\u0431\u043e\u0442 \u043c\u044b \u0432\u0441\u0435\u0433\u0434\u0430 \u043f\u0440\u0435\u0434\u043e\u0441\u0442\u0430\u0432\u0438\u043c \u0432\u0430\u043c \u0447\u0435\u0442\u043a\u043e\u0435 \u0446\u0435\u043d\u043e\u0432\u043e\u0435 \u043f\u0440\u0435\u0434\u043b\u043e\u0436\u0435\u043d\u0438\u0435.<\/p>\n<\/div><\/div>\n<\/section>","protected":false},"excerpt":{"rendered":"<p>Jahutuss\u00fcsteemi kontroll ja vedeliku vahetus Hooldame sinu Volvo jahutuss\u00fcsteemi, et mootor t\u00f6\u00f6taks \u00f5igel temperatuuril ja p\u00fcsiks kaitstud \u00fclekuumenemise ning korrosiooni eest. Kasutame tehase n\u00f5uetele vastavat jahutusvedelikku (Volvo Coolant \/ OAT).Mida teemePaisupaagi ja voolikute visuaalkontroll, lekete tuvastamineRadiaatori, soojendusradika ja veepumba seisukorra kontrollTermostaadi t\u00f6\u00f6 kontrollJahutusvedeliku k\u00fclmumispunkti ja kvaliteedi m\u00f5\u00f5tmineVana vedeliku eemaldamine ja s\u00fcsteemi l\u00e4bipesu (vajadusel)Uue originaalspetsiifikatsiooniga jahutusvedeliku [&hellip;]<\/p>\n","protected":false},"author":6,"featured_media":368960,"parent":0,"menu_order":0,"comment_status":"closed","ping_status":"closed","template":"","meta":{"_breakdance_hide_in_design_set":false,"_breakdance_tags":"","footnotes":""},"class_list":["post-368959","page","type-page","status-publish","has-post-thumbnail","hentry"],"_links":{"self":[{"href":"https:\/\/bilservice.ee\/ru\/wp-json\/wp\/v2\/pages\/368959","targetHints":{"allow":["GET"]}}],"collection":[{"href":"https:\/\/bilservice.ee\/ru\/wp-json\/wp\/v2\/pages"}],"about":[{"href":"https:\/\/bilservice.ee\/ru\/wp-json\/wp\/v2\/types\/page"}],"author":[{"embeddable":true,"href":"https:\/\/bilservice.ee\/ru\/wp-json\/wp\/v2\/users\/6"}],"replies":[{"embeddable":true,"href":"https:\/\/bilservice.ee\/ru\/wp-json\/wp\/v2\/comments?post=368959"}],"version-history":[{"count":3,"href":"https:\/\/bilservice.ee\/ru\/wp-json\/wp\/v2\/pages\/368959\/revisions"}],"predecessor-version":[{"id":368963,"href":"https:\/\/bilservice.ee\/ru\/wp-json\/wp\/v2\/pages\/368959\/revisions\/368963"}],"wp:featuredmedia":[{"embeddable":true,"href":"https:\/\/bilservice.ee\/ru\/wp-json\/wp\/v2\/media\/368960"}],"wp:attachment":[{"href":"https:\/\/bilservice.ee\/ru\/wp-json\/wp\/v2\/media?parent=368959"}],"curies":[{"name":"wp","href":"https:\/\/api.w.org\/{rel}","templated":true}]}}