{"id":368955,"date":"2025-09-24T09:26:20","date_gmt":"2025-09-24T06:26:20","guid":{"rendered":"https:\/\/bilservice.ee\/?page_id=368955"},"modified":"2025-09-24T09:51:54","modified_gmt":"2025-09-24T06:51:54","slug":"pidurite-remont-pidurivedeliku-kontroll-ja-vahetus","status":"publish","type":"page","link":"https:\/\/bilservice.ee\/ru\/pidurite-remont-pidurivedeliku-kontroll-ja-vahetus\/","title":{"rendered":"\u0420\u0435\u043c\u043e\u043d\u0442 \u0442\u043e\u0440\u043c\u043e\u0437\u043e\u0432, \u043f\u0440\u043e\u0432\u0435\u0440\u043a\u0430 \u0438 \u0437\u0430\u043c\u0435\u043d\u0430 \u0442\u043e\u0440\u043c\u043e\u0437\u043d\u043e\u0439 \u0436\u0438\u0434\u043a\u043e\u0441\u0442\u0438"},"content":{"rendered":"<div class=\"bde-globalblock-368955-100 bde-globalblock\"><style>.breakdance .bde-section-1296-100-1296-1{background-image:url(https:\/\/bilservice.ee\/wp-content\/uploads\/2025\/09\/worker-repairing-car-side-view-scaled.jpg);background-size:cover;background-repeat:no-repeat;background-position:center center}.breakdance .bde-section-1296-100-1296-1>.section-background-overlay{background-color:var(--bde-brand-primary-color);transition:background-color var(--bde-transition-duration) ease-in-out}.breakdance .bde-section-1296-100-1296-1>.section-background-overlay{opacity:0.2}<\/style><section class=\"bde-section-1296-100-1296-1 bde-section bde-section-1296-100\">\n              \n  \n  \n\t\n\n  <div class=\"section-background-overlay\"><\/div>\n\n\n<div class=\"section-container\"><h1 class=\"bde-heading-1296-101-1296-1 bde-heading bde-heading-1296-101\">\n\u0420\u0435\u043c\u043e\u043d\u0442 \u0442\u043e\u0440\u043c\u043e\u0437\u043e\u0432, \u043f\u0440\u043e\u0432\u0435\u0440\u043a\u0430 \u0438 \u0437\u0430\u043c\u0435\u043d\u0430 \u0442\u043e\u0440\u043c\u043e\u0437\u043d\u043e\u0439 \u0436\u0438\u0434\u043a\u043e\u0441\u0442\u0438\n<\/h1><div class=\"bde-fancy-divider-1296-102-1296-1 bde-fancy-divider bde-fancy-divider-1296-102\">\n\n\n<div class=\"bde-fancy-divider__wrapper\">\n  <div class=\"bde-fancy-divider__separator\">\n  \t  <\/div>\n<\/div>\n\n<\/div><\/div>\n<\/section><\/div><section class=\"bde-section-368955-101 bde-section\">\n  \n  \n\t\n\n\n\n<div class=\"section-container\"><div class=\"bde-rich-text-368955-102 bde-rich-text breakdance-rich-text-styles\">\n<p>\u041c\u044b \u043e\u0431\u0441\u043b\u0443\u0436\u0438\u0432\u0430\u0435\u043c \u0438 \u0432\u043e\u0441\u0441\u0442\u0430\u043d\u0430\u0432\u043b\u0438\u0432\u0430\u0435\u043c \u0442\u043e\u0440\u043c\u043e\u0437\u043d\u0443\u044e \u0441\u0438\u0441\u0442\u0435\u043c\u0443 \u0432\u0430\u0448\u0435\u0433\u043e Volvo, \u0447\u0442\u043e\u0431\u044b \u0442\u043e\u0440\u043c\u043e\u0436\u0435\u043d\u0438\u0435 \u0431\u044b\u043b\u043e \u043a\u043e\u0440\u043e\u0442\u043a\u0438\u043c, \u043f\u0440\u044f\u043c\u044b\u043c \u0438 \u043f\u043b\u0430\u0432\u043d\u044b\u043c. \u041c\u044b \u0438\u0441\u043f\u043e\u043b\u044c\u0437\u0443\u0435\u043c \u043e\u0440\u0438\u0433\u0438\u043d\u0430\u043b\u044c\u043d\u044b\u0435 \u0438\u043b\u0438 OEM-\u0437\u0430\u043f\u0447\u0430\u0441\u0442\u0438 \u0438 \u0432\u044b\u043f\u043e\u043b\u043d\u044f\u0435\u043c \u0440\u0430\u0431\u043e\u0442\u044b \u0432 \u0441\u043e\u043e\u0442\u0432\u0435\u0442\u0441\u0442\u0432\u0438\u0438 \u0441 \u0437\u0430\u0432\u043e\u0434\u0441\u043a\u0438\u043c\u0438 \u0441\u043f\u0435\u0446\u0438\u0444\u0438\u043a\u0430\u0446\u0438\u044f\u043c\u0438.<\/p><p><strong>\u0427\u0442\u043e \u043c\u044b \u0434\u0435\u043b\u0430\u0435\u043c<\/strong><\/p><ul><li>\u0412\u0438\u0437\u0443\u0430\u043b\u044c\u043d\u0430\u044f \u0438 \u0440\u0430\u0437\u043c\u0435\u0440\u043d\u0430\u044f \u043f\u0440\u043e\u0432\u0435\u0440\u043a\u0430: \u0434\u0438\u0441\u043a\u0438, \u043a\u043e\u043b\u043e\u0434\u043a\u0438, \u0442\u043e\u0440\u043c\u043e\u0437\u043d\u044b\u0435 \u0441\u0443\u043f\u043f\u043e\u0440\u0442\u044b, \u043f\u043e\u043b\u0437\u0443\u043d\u044b, \u043a\u0440\u0430\u044f \u0440\u0436\u0430\u0432\u0447\u0438\u043d\u044b.<\/li><li>\u041f\u043e\u0434\u0434\u0435\u0440\u0436\u0438\u0432\u0430\u0435\u0442 \u0442\u0435\u0445\u043d\u0438\u0447\u0435\u0441\u043a\u043e\u0435 \u043e\u0431\u0441\u043b\u0443\u0436\u0438\u0432\u0430\u043d\u0438\u0435: \u0447\u0438\u0441\u0442\u043a\u0430, \u0441\u043c\u0430\u0437\u043a\u0430 \u043f\u043e\u043b\u0437\u0443\u043d\u043e\u0432, \u043f\u0440\u043e\u0432\u0435\u0440\u043a\u0430 \u0434\u0432\u0438\u0436\u0435\u043d\u0438\u044f \u043f\u043e\u0440\u0448\u043d\u044f.<\/li><li>\u041e\u0431\u0441\u043b\u0443\u0436\u0438\u0432\u0430\u043d\u0438\u0435 \u0440\u0443\u0447\u043d\u043e\u0433\u043e \u0442\u043e\u0440\u043c\u043e\u0437\u0430\/EPB (\u0440\u0435\u0436\u0438\u043c \u043e\u0431\u0441\u043b\u0443\u0436\u0438\u0432\u0430\u043d\u0438\u044f VIDA), \u0442\u0440\u043e\u0441\u043e\u0432 \u0438 \u043c\u0435\u0445\u0430\u043d\u0438\u0437\u043c\u043e\u0432<\/li><li>\u0414\u0430\u0442\u0447\u0438\u043a\u0438 ABS\/DSTC \u0438 \u0437\u0443\u0431\u0447\u0430\u0442\u044b\u0435 \u043a\u043e\u043b\u044c\u0446\u0430, \u0442\u043e\u0440\u043c\u043e\u0437\u043d\u044b\u0435 \u0448\u043b\u0430\u043d\u0433\u0438 \u0438 \u0442\u0440\u0443\u0431\u043a\u0438, \u0433\u043b\u0430\u0432\u043d\u044b\u0439 \u0446\u0438\u043b\u0438\u043d\u0434\u0440\/\u0432\u0430\u043a\u0443\u0443\u043c\u043d\u044b\u0439 \u043d\u0430\u0441\u043e\u0441<\/li><li>\u0422\u0435\u0441\u0442 \u043d\u0430 \u0441\u043e\u0434\u0435\u0440\u0436\u0430\u043d\u0438\u0435 \u0432\u043e\u0434\u044b \u0438 \u0442\u0435\u043c\u043f\u0435\u0440\u0430\u0442\u0443\u0440\u0443 \u043a\u0438\u043f\u0435\u043d\u0438\u044f \u0432 \u0442\u043e\u0440\u043c\u043e\u0437\u043d\u043e\u0439 \u0436\u0438\u0434\u043a\u043e\u0441\u0442\u0438<\/li><li>\u0417\u0430\u043c\u0435\u043d\u0430 \u0442\u043e\u0440\u043c\u043e\u0437\u043d\u043e\u0439 \u0436\u0438\u0434\u043a\u043e\u0441\u0442\u0438 \u0438 \u0443\u0434\u0430\u043b\u0435\u043d\u0438\u0435 \u0432\u043e\u0437\u0434\u0443\u0445\u0430 \u0438\u0437 \u0441\u0438\u0441\u0442\u0435\u043c\u044b \u0441 \u043f\u043e\u043c\u043e\u0449\u044c\u044e \u043d\u0430\u0433\u043d\u0435\u0442\u0430\u0442\u0435\u043b\u044c\u043d\u043e\u0433\u043e \u0443\u0441\u0442\u0440\u043e\u0439\u0441\u0442\u0432\u0430<\/li><li>\u0422\u0435\u0441\u0442-\u0434\u0440\u0430\u0439\u0432 \u0438 \u0438\u043d\u0441\u0442\u0440\u0443\u043a\u0446\u0438\u0438 \u043f\u043e \u043f\u043e\u0434\u0430\u0447\u0435 \u0440\u0430\u0431\u043e\u0442\/\u0431\u043b\u043e\u043a\u043e\u0432<\/li><\/ul><p><strong>\u041a\u043e\u0433\u0434\u0430 \u043f\u0440\u0438\u0445\u043e\u0434\u0438\u0442\u044c<\/strong><br \/>\u0421\u0432\u0438\u0441\u0442, \u0432\u0438\u0431\u0440\u0430\u0446\u0438\u044f \u043f\u0440\u0438 \u0442\u043e\u0440\u043c\u043e\u0436\u0435\u043d\u0438\u0438, \u043c\u044f\u0433\u043a\u043e\u0435 \u0438\u043b\u0438 \u0433\u043b\u0443\u0431\u043e\u043a\u043e\u0435 \u043d\u0430\u0436\u0430\u0442\u0438\u0435 \u043d\u0430 \u043f\u0435\u0434\u0430\u043b\u044c, \u0434\u043b\u0438\u0442\u0435\u043b\u044c\u043d\u044b\u0439 \u0442\u043e\u0440\u043c\u043e\u0437\u043d\u043e\u0439 \u043f\u0443\u0442\u044c, \u0441\u0438\u0433\u043d\u0430\u043b\u044c\u043d\u0430\u044f \u043b\u0430\u043c\u043f\u0430, \u043d\u0435\u0440\u0430\u0432\u043d\u043e\u043c\u0435\u0440\u043d\u044b\u0439 \u0438\u0437\u043d\u043e\u0441 \u0448\u0438\u043d.<br \/>\u041f\u0440\u0435\u0432\u0435\u043d\u0442\u0438\u0432\u043d\u043e: <strong>\u0442\u043e\u0440\u043c\u043e\u0437\u043d\u0430\u044f \u0436\u0438\u0434\u043a\u043e\u0441\u0442\u044c \u043a\u0430\u0436\u0434\u044b\u0435 2 \u0433\u043e\u0434\u0430<\/strong> (DOT 4 \/ DOT 4 LV \u0432 \u0441\u043e\u043e\u0442\u0432\u0435\u0442\u0441\u0442\u0432\u0438\u0438 \u0441\u043e \u0441\u043f\u0435\u0446\u0438\u0444\u0438\u043a\u0430\u0446\u0438\u0435\u0439 Volvo).<\/p><p><strong>\u041a\u043e\u043c\u043c\u0435\u043d\u0442\u0430\u0440\u0438\u0438<\/strong><br \/>\u0417\u0430\u043c\u0435\u043d\u0430 \u0434\u0438\u0441\u043a\u043e\u0432 \u0438 \u043a\u043e\u043b\u043e\u0434\u043e\u043a <strong>\u043d\u0430 \u043e\u0441\u044c<\/strong>, \u041c\u044b \u0438\u0441\u043f\u043e\u043b\u044c\u0437\u0443\u0435\u043c \u0442\u0440\u0435\u0431\u043e\u0432\u0430\u043d\u0438\u044f \u043a \u043a\u0440\u0443\u0442\u044f\u0449\u0435\u043c\u0443 \u043c\u043e\u043c\u0435\u043d\u0442\u0443.<\/p>\n<\/div><\/div>\n<\/section>","protected":false},"excerpt":{"rendered":"<p>Pidurite remont, pidurivedeliku kontroll ja vahetus Hooldame ja taastame sinu Volvo piduris\u00fcsteemi, et pidurdus oleks l\u00fchike, sirge ja sujuv. Kasutame originaal- v\u00f5i OEM-varuosi ning teeme t\u00f6\u00f6d tehase n\u00f5uete j\u00e4rgi.Mida teemeVisuaal- ja m\u00f5\u00f5dikukontroll: kettad, klotsid, pidurisadulad, liugurid, roosteservadSupporti hooldus: puhastus, liugurite m\u00e4\u00e4rimine, kolvi liikumise kontrollK\u00e4sipidur\/EPB hooldus (VIDA hooldusre\u017eiim), trossid ja mehhanismidABS\/DSTC andurid ja hambar\u00f5ngad, pidurivoolikud ja [&hellip;]<\/p>\n","protected":false},"author":6,"featured_media":368956,"parent":0,"menu_order":0,"comment_status":"closed","ping_status":"closed","template":"","meta":{"_breakdance_hide_in_design_set":false,"_breakdance_tags":"","footnotes":""},"class_list":["post-368955","page","type-page","status-publish","has-post-thumbnail","hentry"],"_links":{"self":[{"href":"https:\/\/bilservice.ee\/ru\/wp-json\/wp\/v2\/pages\/368955","targetHints":{"allow":["GET"]}}],"collection":[{"href":"https:\/\/bilservice.ee\/ru\/wp-json\/wp\/v2\/pages"}],"about":[{"href":"https:\/\/bilservice.ee\/ru\/wp-json\/wp\/v2\/types\/page"}],"author":[{"embeddable":true,"href":"https:\/\/bilservice.ee\/ru\/wp-json\/wp\/v2\/users\/6"}],"replies":[{"embeddable":true,"href":"https:\/\/bilservice.ee\/ru\/wp-json\/wp\/v2\/comments?post=368955"}],"version-history":[{"count":3,"href":"https:\/\/bilservice.ee\/ru\/wp-json\/wp\/v2\/pages\/368955\/revisions"}],"predecessor-version":[{"id":368988,"href":"https:\/\/bilservice.ee\/ru\/wp-json\/wp\/v2\/pages\/368955\/revisions\/368988"}],"wp:featuredmedia":[{"embeddable":true,"href":"https:\/\/bilservice.ee\/ru\/wp-json\/wp\/v2\/media\/368956"}],"wp:attachment":[{"href":"https:\/\/bilservice.ee\/ru\/wp-json\/wp\/v2\/media?parent=368955"}],"curies":[{"name":"wp","href":"https:\/\/api.w.org\/{rel}","templated":true}]}}