{"id":368950,"date":"2025-09-24T09:23:25","date_gmt":"2025-09-24T06:23:25","guid":{"rendered":"https:\/\/bilservice.ee\/?page_id=368950"},"modified":"2025-09-24T09:24:26","modified_gmt":"2025-09-24T06:24:26","slug":"haldex-ja-nurkreduktorite-hooldus","status":"publish","type":"page","link":"https:\/\/bilservice.ee\/ru\/haldex-ja-nurkreduktorite-hooldus\/","title":{"rendered":"\u041e\u0431\u0441\u043b\u0443\u0436\u0438\u0432\u0430\u043d\u0438\u0435 \u0441\u0438\u0441\u0442\u0435\u043c\u044b Haldex \u0438 \u043e\u0433\u0440\u0430\u043d\u0438\u0447\u0438\u0442\u0435\u043b\u044f \u043a\u0440\u0443\u0442\u044f\u0449\u0435\u0433\u043e \u043c\u043e\u043c\u0435\u043d\u0442\u0430"},"content":{"rendered":"<div class=\"bde-globalblock-368950-100 bde-globalblock\"><style>.breakdance .bde-section-1296-100-1296-1{background-image:url(https:\/\/bilservice.ee\/wp-content\/uploads\/2025\/09\/cropped-hands-man-repairing-engine-workshop-scaled.jpg);background-size:cover;background-repeat:no-repeat;background-position:center center}.breakdance .bde-section-1296-100-1296-1>.section-background-overlay{background-color:var(--bde-brand-primary-color);transition:background-color var(--bde-transition-duration) ease-in-out}.breakdance .bde-section-1296-100-1296-1>.section-background-overlay{opacity:0.2}<\/style><section class=\"bde-section-1296-100-1296-1 bde-section bde-section-1296-100\">\n              \n  \n  \n\t\n\n  <div class=\"section-background-overlay\"><\/div>\n\n\n<div class=\"section-container\"><h1 class=\"bde-heading-1296-101-1296-1 bde-heading bde-heading-1296-101\">\n\u041e\u0431\u0441\u043b\u0443\u0436\u0438\u0432\u0430\u043d\u0438\u0435 \u0441\u0438\u0441\u0442\u0435\u043c\u044b Haldex \u0438 \u043e\u0433\u0440\u0430\u043d\u0438\u0447\u0438\u0442\u0435\u043b\u044f \u043a\u0440\u0443\u0442\u044f\u0449\u0435\u0433\u043e \u043c\u043e\u043c\u0435\u043d\u0442\u0430\n<\/h1><div class=\"bde-fancy-divider-1296-102-1296-1 bde-fancy-divider bde-fancy-divider-1296-102\">\n\n\n<div class=\"bde-fancy-divider__wrapper\">\n  <div class=\"bde-fancy-divider__separator\">\n  \t  <\/div>\n<\/div>\n\n<\/div><\/div>\n<\/section><\/div><section class=\"bde-section-368950-101 bde-section\">\n  \n  \n\t\n\n\n\n<div class=\"section-container\"><div class=\"bde-rich-text-368950-102 bde-rich-text breakdance-rich-text-styles\">\n<p>\u041c\u044b \u043e\u0431\u0435\u0441\u043f\u0435\u0447\u0438\u043c \u043f\u043b\u0430\u0432\u043d\u0443\u044e \u0438 \u043d\u0430\u0434\u0435\u0436\u043d\u0443\u044e \u0440\u0430\u0431\u043e\u0442\u0443 \u043f\u043e\u043b\u043d\u043e\u0433\u043e \u043f\u0440\u0438\u0432\u043e\u0434\u0430 \u0432\u0430\u0448\u0435\u0433\u043e Volvo. \u041c\u044b \u0437\u0430\u043c\u0435\u043d\u0438\u043c \u043c\u0430\u0441\u043b\u043e \u0432 \u043c\u0443\u0444\u0442\u0435 Haldex, \u0437\u0430\u0434\u043d\u0435\u043c \u0434\u0438\u0444\u0444\u0435\u0440\u0435\u043d\u0446\u0438\u0430\u043b\u0435 \u0438 \u043e\u0433\u0440\u0430\u043d\u0438\u0447\u0438\u0442\u0435\u043b\u0435 \u043a\u0440\u0443\u0442\u044f\u0449\u0435\u0433\u043e \u043c\u043e\u043c\u0435\u043d\u0442\u0430, \u0430 \u0442\u0430\u043a\u0436\u0435 \u043f\u0440\u043e\u0432\u0435\u0440\u0438\u043c \u0441\u0438\u0441\u0442\u0435\u043c\u0443 \u0441 \u043f\u043e\u043c\u043e\u0449\u044c\u044e VIDA\/DiCE.<\/p><p><strong>\u0427\u0442\u043e \u043c\u044b \u0434\u0435\u043b\u0430\u0435\u043c<\/strong><\/p><ul><li>\u0417\u0430\u043c\u0435\u043d\u0430 \u043c\u0430\u0441\u043b\u0430 \u0432 Haldex (\u043f\u043e\u043a\u043e\u043b\u0435\u043d\u0438\u0435 3-5), \u043e\u0447\u0438\u0441\u0442\u043a\u0430 \u043d\u0430\u0441\u043e\u0441\u0430\/\u0446\u0438\u043b\u0438\u043d\u0434\u0440\u0430, \u0437\u0430\u043c\u0435\u043d\u0430 \u0444\u0438\u043b\u044c\u0442\u0440\u0430 \u043f\u0440\u0438 \u043d\u0435\u043e\u0431\u0445\u043e\u0434\u0438\u043c\u043e\u0441\u0442\u0438.<\/li><li>\u0417\u0430\u043c\u0435\u043d\u0430 \u043c\u0430\u0441\u043b\u0430 \u0432 \u0437\u0430\u0434\u043d\u0435\u043c \u0434\u0438\u0444\u0444\u0435\u0440\u0435\u043d\u0446\u0438\u0430\u043b\u0435 \u0438 \u0443\u0433\u043b\u043e\u0432\u043e\u0439 \u043f\u0435\u0440\u0435\u0434\u0430\u0447\u0435 \u0432 \u0441\u043e\u043e\u0442\u0432\u0435\u0442\u0441\u0442\u0432\u0438\u0438 \u0441 \u0437\u0430\u0432\u043e\u0434\u0441\u043a\u043e\u0439 \u0441\u043f\u0435\u0446\u0438\u0444\u0438\u043a\u0430\u0446\u0438\u0435\u0439.<\/li><li>\u041f\u0440\u043e\u0432\u0435\u0440\u043a\u0430 \u0433\u0435\u0440\u043c\u0435\u0442\u0438\u0447\u043d\u043e\u0441\u0442\u0438, \u043f\u043e\u0434\u0448\u0438\u043f\u043d\u0438\u043a\u043e\u0432 \u0438 \u043a\u0430\u0440\u0434\u0430\u043d\u043e\u0432\/\u043a\u0440\u0435\u0441\u0442\u043e\u0432\u0438\u043d, \u0430 \u0442\u0430\u043a\u0436\u0435 \u043a\u0438\u043f\u0435\u043d\u0438\u044f<\/li><li>\u0414\u0438\u0430\u0433\u043d\u043e\u0441\u0442\u0438\u043a\u0430 \u0431\u043b\u043e\u043a\u0430 \u0443\u043f\u0440\u0430\u0432\u043b\u0435\u043d\u0438\u044f DEM\/\u043f\u043e\u043b\u043d\u043e\u0433\u043e \u043f\u0440\u0438\u0432\u043e\u0434\u0430, \u0443\u0441\u0442\u0440\u0430\u043d\u0435\u043d\u0438\u0435 \u043d\u0435\u0438\u0441\u043f\u0440\u0430\u0432\u043d\u043e\u0441\u0442\u0435\u0439 \u0438, \u043f\u0440\u0438 \u043d\u0435\u043e\u0431\u0445\u043e\u0434\u0438\u043c\u043e\u0441\u0442\u0438, \u0430\u0434\u0430\u043f\u0442\u0430\u0446\u0438\u044f<\/li><li>\u0422\u0435\u0441\u0442-\u0434\u0440\u0430\u0439\u0432 \u0438 \u043e\u0442\u0447\u0435\u0442 \u043e \u0440\u0430\u0431\u043e\u0442\u0435<\/li><\/ul><p><strong>\u041a\u043e\u0433\u0434\u0430 \u043f\u0440\u0438\u0445\u043e\u0434\u0438\u0442\u044c<\/strong><\/p><ul><li>\u0421\u043e\u043e\u0431\u0449\u0435\u043d\u0438\u0435 \"\u0422\u0440\u0435\u0431\u0443\u0435\u0442\u0441\u044f \u043e\u0431\u0441\u043b\u0443\u0436\u0438\u0432\u0430\u043d\u0438\u0435 \u0441\u0438\u0441\u0442\u0435\u043c\u044b \u043f\u0440\u043e\u0442\u0438\u0432\u043e\u0441\u043a\u043e\u043b\u044c\u0436\u0435\u043d\u0438\u044f \/ AWD\", \u043e\u0442\u043a\u043b\u044e\u0447\u0435\u043d\u0438\u0435 \u043f\u043e\u043b\u043d\u043e\u0433\u043e \u043f\u0440\u0438\u0432\u043e\u0434\u0430<\/li><li>\u041b\u0438\u043f\u043a\u043e\u0435\/\u0432\u0438\u0431\u0440\u0438\u0440\u0443\u044e\u0449\u0435\u0435 \u043e\u0449\u0443\u0449\u0435\u043d\u0438\u0435 \u043f\u0440\u0438 \u043c\u0435\u0434\u043b\u0435\u043d\u043d\u043e\u043c \u043f\u043e\u0432\u043e\u0440\u043e\u0442\u0435, \u0440\u044b\u0432\u043a\u0438, \u043d\u0435\u0440\u043e\u0432\u043d\u044b\u0439 \u0437\u0430\u0445\u0432\u0430\u0442<\/li><li>\u0421\u043b\u0435\u0434\u044b \u043c\u0430\u0441\u043b\u0430, \u0443\u0442\u0435\u0447\u043a\u0438, \u043d\u0435\u0440\u0430\u0432\u043d\u043e\u043c\u0435\u0440\u043d\u043e\u0435 \u0441\u0446\u0435\u043f\u043b\u0435\u043d\u0438\u0435 \u0441 \u0434\u043e\u0440\u043e\u0433\u043e\u0439 \u0438\u043b\u0438 \u043f\u0440\u043e\u0444\u0438\u043b\u0430\u043a\u0442\u0438\u0447\u0435\u0441\u043a\u043e\u0435 \u043e\u0431\u0441\u043b\u0443\u0436\u0438\u0432\u0430\u043d\u0438\u0435 ~60-80 000 \u043a\u043c \/ \u043a\u0430\u0436\u0434\u044b\u0435 3-4 \u0433\u043e\u0434\u0430<\/li><\/ul><p><strong>\u041f\u043e\u0447\u0435\u043c\u0443 \u043d\u0430\u0448<\/strong><br \/>\u041c\u044b \u0438\u0441\u043f\u043e\u043b\u044c\u0437\u0443\u0435\u043c \u043f\u0440\u0430\u0432\u0438\u043b\u044c\u043d\u044b\u0435 \u043e\u0440\u0438\u0433\u0438\u043d\u0430\u043b\u044c\u043d\u044b\u0435\/ OEM \u043c\u0430\u0441\u043b\u0430 \u0438 \u0434\u0435\u0442\u0430\u043b\u0438, \u043f\u0440\u043e\u0432\u043e\u0434\u0438\u043c \u0434\u0438\u0430\u0433\u043d\u043e\u0441\u0442\u0438\u043a\u0443 \u0441 \u0443\u0447\u0435\u0442\u043e\u043c \u0441\u043f\u0435\u0446\u0438\u0444\u0438\u043a\u0438 Volvo \u0438 \u043f\u0440\u0435\u0434\u043e\u0441\u0442\u0430\u0432\u043b\u044f\u0435\u043c \u0433\u0430\u0440\u0430\u043d\u0442\u0438\u044e \u043d\u0430 \u0440\u0430\u0431\u043e\u0442\u044b.<\/p>\n<\/div><\/div>\n<\/section>","protected":false},"excerpt":{"rendered":"<p>Haldex ja nurkreduktorite hooldus Hoiame sinu Volvo nelikveo t\u00f6\u00f6kindla ja sujuvana. Vahetame Haldexi siduri, tagadiferentsiaali ja nurkreduktori \u00f5lid ning kontrollime s\u00fcsteemi t\u00f6\u00f6d VIDA\/DiCE\u2019iga.Mida teemeHaldexi (Gen 3\u20135) \u00f5livahetus, pumba\/siibri puhastus, vajadusel filtri vahetusTagadiferentsiaali ja nurkreduktori (angle gear) \u00f5livahetus vastavalt tehase spetsileLekete, laagrite ja kardaani\/risti ning simmerite kontrollDEM\/nelikveo juhtploki diagnostika, vigade kustutus ja vajadusel adaptsioonProovis\u00f5it ja t\u00f6\u00f6de [&hellip;]<\/p>\n","protected":false},"author":6,"featured_media":368951,"parent":0,"menu_order":0,"comment_status":"closed","ping_status":"closed","template":"","meta":{"_breakdance_hide_in_design_set":false,"_breakdance_tags":"","footnotes":""},"class_list":["post-368950","page","type-page","status-publish","has-post-thumbnail","hentry"],"_links":{"self":[{"href":"https:\/\/bilservice.ee\/ru\/wp-json\/wp\/v2\/pages\/368950","targetHints":{"allow":["GET"]}}],"collection":[{"href":"https:\/\/bilservice.ee\/ru\/wp-json\/wp\/v2\/pages"}],"about":[{"href":"https:\/\/bilservice.ee\/ru\/wp-json\/wp\/v2\/types\/page"}],"author":[{"embeddable":true,"href":"https:\/\/bilservice.ee\/ru\/wp-json\/wp\/v2\/users\/6"}],"replies":[{"embeddable":true,"href":"https:\/\/bilservice.ee\/ru\/wp-json\/wp\/v2\/comments?post=368950"}],"version-history":[{"count":2,"href":"https:\/\/bilservice.ee\/ru\/wp-json\/wp\/v2\/pages\/368950\/revisions"}],"predecessor-version":[{"id":368953,"href":"https:\/\/bilservice.ee\/ru\/wp-json\/wp\/v2\/pages\/368950\/revisions\/368953"}],"wp:featuredmedia":[{"embeddable":true,"href":"https:\/\/bilservice.ee\/ru\/wp-json\/wp\/v2\/media\/368951"}],"wp:attachment":[{"href":"https:\/\/bilservice.ee\/ru\/wp-json\/wp\/v2\/media?parent=368950"}],"curies":[{"name":"wp","href":"https:\/\/api.w.org\/{rel}","templated":true}]}}