{"id":368946,"date":"2025-09-24T09:20:52","date_gmt":"2025-09-24T06:20:52","guid":{"rendered":"https:\/\/bilservice.ee\/?page_id=368946"},"modified":"2025-09-24T09:22:02","modified_gmt":"2025-09-24T06:22:02","slug":"kaigukasti-oli-vahetus-ja-adapteerimine","status":"publish","type":"page","link":"https:\/\/bilservice.ee\/ru\/kaigukasti-oli-vahetus-ja-adapteerimine\/","title":{"rendered":"\u0417\u0430\u043c\u0435\u043d\u0430 \u043c\u0430\u0441\u043b\u0430 \u0432 \u043a\u043e\u0440\u043e\u0431\u043a\u0435 \u043f\u0435\u0440\u0435\u0434\u0430\u0447 \u0438 \u0430\u0434\u0430\u043f\u0442\u0430\u0446\u0438\u044f"},"content":{"rendered":"<div class=\"bde-globalblock-368946-100 bde-globalblock\"><style>.breakdance .bde-section-1296-100-1296-1{background-image:url(https:\/\/bilservice.ee\/wp-content\/uploads\/2025\/09\/mechanism-gears-machine-oil-closeup-gearbox-repair-background-cinematic-toning-scaled.jpg);background-size:cover;background-repeat:no-repeat;background-position:center center}.breakdance .bde-section-1296-100-1296-1>.section-background-overlay{background-color:var(--bde-brand-primary-color);transition:background-color var(--bde-transition-duration) ease-in-out}.breakdance .bde-section-1296-100-1296-1>.section-background-overlay{opacity:0.2}<\/style><section class=\"bde-section-1296-100-1296-1 bde-section bde-section-1296-100\">\n              \n  \n  \n\t\n\n  <div class=\"section-background-overlay\"><\/div>\n\n\n<div class=\"section-container\"><h1 class=\"bde-heading-1296-101-1296-1 bde-heading bde-heading-1296-101\">\n\u0417\u0430\u043c\u0435\u043d\u0430 \u043c\u0430\u0441\u043b\u0430 \u0432 \u043a\u043e\u0440\u043e\u0431\u043a\u0435 \u043f\u0435\u0440\u0435\u0434\u0430\u0447 \u0438 \u0430\u0434\u0430\u043f\u0442\u0430\u0446\u0438\u044f\n<\/h1><div class=\"bde-fancy-divider-1296-102-1296-1 bde-fancy-divider bde-fancy-divider-1296-102\">\n\n\n<div class=\"bde-fancy-divider__wrapper\">\n  <div class=\"bde-fancy-divider__separator\">\n  \t  <\/div>\n<\/div>\n\n<\/div><\/div>\n<\/section><\/div><section class=\"bde-section-368946-101 bde-section\">\n  \n  \n\t\n\n\n\n<div class=\"section-container\"><div class=\"bde-rich-text-368946-102 bde-rich-text breakdance-rich-text-styles\">\n<p>\u041c\u044b \u043e\u0431\u0435\u0441\u043f\u0435\u0447\u0438\u043c \u043f\u043b\u0430\u0432\u043d\u0443\u044e, \u0434\u043e\u043b\u0433\u043e\u0432\u0435\u0447\u043d\u0443\u044e \u0438 \u044d\u043a\u043e\u043d\u043e\u043c\u0438\u0447\u043d\u0443\u044e \u0440\u0430\u0431\u043e\u0442\u0443 \u0432\u0430\u0448\u0435\u0439 \u043a\u043e\u0440\u043e\u0431\u043a\u0438 \u043f\u0435\u0440\u0435\u0434\u0430\u0447 Volvo. \u041c\u044b \u0437\u0430\u043c\u0435\u043d\u0438\u043c \u043c\u0430\u0441\u043b\u043e \u043d\u0430 \u0441\u043e\u043e\u0442\u0432\u0435\u0442\u0441\u0442\u0432\u0443\u044e\u0449\u0435\u0435 \u0441\u043f\u0435\u0446\u0438\u0444\u0438\u043a\u0430\u0446\u0438\u0438 (\u043e\u0440\u0438\u0433\u0438\u043d\u0430\u043b\u044c\u043d\u043e\u0435\/OEM ATF) \u0438 \u0430\u0434\u0430\u043f\u0442\u0438\u0440\u0443\u0435\u043c \u0432\u0430\u0448 TCM (\u043c\u043e\u0434\u0443\u043b\u044c \u0443\u043f\u0440\u0430\u0432\u043b\u0435\u043d\u0438\u044f \u0442\u0440\u0430\u043d\u0441\u043c\u0438\u0441\u0441\u0438\u0435\u0439) \u043a VIDA\/DiCE.<\/p><p><strong>\u0427\u0442\u043e \u043c\u044b \u0434\u0435\u043b\u0430\u0435\u043c<\/strong><\/p><ul><li>\u041c\u044b \u043e\u043f\u0440\u0435\u0434\u0435\u043b\u044f\u0435\u043c \u0442\u0438\u043f \u043a\u043e\u0440\u043e\u0431\u043a\u0438 \u043f\u0435\u0440\u0435\u0434\u0430\u0447 \u043f\u043e VIN-\u043a\u043e\u0434\u0443 (Aisin Geartronic, Powershift \u0438 \u0442.\u0434.).<\/li><li>\u0420\u0430\u0431\u043e\u0447\u0430\u044f \u0442\u0435\u043c\u043f\u0435\u0440\u0430\u0442\u0443\u0440\u0430, \u0434\u0440\u0435\u043d\u0430\u0436 + \u0437\u0430\u043c\u0435\u043d\u0430 \u043a\u0430\u0440\u0442\u0435\u0440\u0430\/\u0444\u0438\u043b\u044c\u0442\u0440\u0430 \u043f\u0440\u0438 \u043d\u0435\u043e\u0431\u0445\u043e\u0434\u0438\u043c\u043e\u0441\u0442\u0438, \u043f\u0440\u0430\u0432\u0438\u043b\u044c\u043d\u0430\u044f \u0437\u0430\u043f\u0440\u0430\u0432\u043a\u0430 \u0432 \u0441\u043e\u043e\u0442\u0432\u0435\u0442\u0441\u0442\u0432\u0438\u0438 \u0441 \u0442\u0435\u043c\u043f\u0435\u0440\u0430\u0442\u0443\u0440\u043e\u0439.<\/li><li>\u041e\u0431\u043d\u0443\u043b\u0435\u043d\u0438\u0435 \u0441\u0447\u0435\u0442\u0447\u0438\u043a\u0430 \u0441\u0442\u0430\u0440\u0435\u043d\u0438\u044f \u043c\u0430\u0441\u043b\u0430, \u0441\u0431\u0440\u043e\u0441 TCM \u0438 \u0430\u0434\u0430\u043f\u0442\u0438\u0432\u043d\u043e\u0435 \u0432\u043e\u0436\u0434\u0435\u043d\u0438\u0435 (\u043c\u0430\u0441\u0442\u0435\u0440\u0441\u043a\u0438\u0435)<\/li><li>\u041f\u0440\u043e\u0432\u0435\u0440\u043a\u0430 \u0443\u0442\u0435\u0447\u043a\u0438, \u043f\u0440\u043e\u0431\u043d\u044b\u0439 \u0437\u0430\u043f\u0443\u0441\u043a \u0438 \u043e\u0442\u0447\u0435\u0442 \u043e\u0431 \u0438\u0437\u043c\u0435\u0440\u0435\u043d\u0438\u044f\u0445<\/li><\/ul><p><strong>\u041a\u043e\u0433\u0434\u0430 \u043f\u0440\u0438\u0445\u043e\u0434\u0438\u0442\u044c<\/strong><\/p><ul><li>\u041d\u0435\u0440\u043e\u0432\u043d\u043e\u0435 \u0438\u043b\u0438 \u0437\u0430\u043c\u0435\u0434\u043b\u0435\u043d\u043d\u043e\u0435 \u0432\u043a\u043b\u044e\u0447\u0435\u043d\u0438\u0435 \u043f\u0435\u0440\u0435\u0434\u0430\u0447, \u043f\u0440\u043e\u0431\u0443\u043a\u0441\u043e\u0432\u043a\u0430, \u0432\u0438\u0431\u0440\u0430\u0446\u0438\u044f\/\u0434\u0440\u043e\u0436\u0430\u043d\u0438\u0435<\/li><li>\u041d\u0435\u0440\u0430\u0432\u043d\u043e\u043c\u0435\u0440\u043d\u043e\u0435 \u043f\u0435\u0440\u0435\u043a\u043b\u044e\u0447\u0435\u043d\u0438\u0435 \u0445\u043e\u043b\u043e\u0434\/\u0433\u043e\u0440\u044f\u0447\u0435\u0435<\/li><li>\u041f\u0440\u043e\u0444\u0438\u043b\u0430\u043a\u0442\u0438\u0447\u0435\u0441\u043a\u043e\u0435 \u043e\u0431\u0441\u043b\u0443\u0436\u0438\u0432\u0430\u043d\u0438\u0435: \u043c\u044b \u0440\u0435\u043a\u043e\u043c\u0435\u043d\u0434\u0443\u0435\u043c \u043f\u0440\u043e\u0445\u043e\u0434\u0438\u0442\u044c ~60-80 000 \u043a\u043c \u0438\u043b\u0438 \u043a\u0430\u0436\u0434\u044b\u0435 3-4 \u0433\u043e\u0434\u0430.<\/li><\/ul><p><strong>\u041a\u043e\u043c\u043c\u0435\u043d\u0442\u0430\u0440\u0438\u0438<\/strong><\/p><ul><li>\u041c\u044b \u0438\u0441\u043f\u043e\u043b\u044c\u0437\u0443\u0435\u043c \u0437\u0430\u0432\u043e\u0434\u0441\u043a\u0438\u0435 \u043c\u0430\u0441\u043b\u0430; \u043c\u044b \u043d\u0435 \u043f\u0440\u043e\u043c\u044b\u0432\u0430\u0435\u043c \u043f\u043e\u0434 \u0434\u0430\u0432\u043b\u0435\u043d\u0438\u0435\u043c.<\/li><li>\u0415\u0441\u043b\u0438 \u0438\u043c\u0435\u0435\u0442 \u043c\u0435\u0441\u0442\u043e \u043c\u0435\u0445\u0430\u043d\u0438\u0447\u0435\u0441\u043a\u0430\u044f \u043d\u0435\u0438\u0441\u043f\u0440\u0430\u0432\u043d\u043e\u0441\u0442\u044c (\u043d\u0430\u043f\u0440\u0438\u043c\u0435\u0440, \u043a\u043b\u0430\u043f\u0430\u043d\u044b, \u0441\u0446\u0435\u043f\u043b\u0435\u043d\u0438\u0435), \u043e\u0434\u043d\u0430 \u043b\u0438\u0448\u044c \u0437\u0430\u043c\u0435\u043d\u0430 \u043c\u0430\u0441\u043b\u0430 \u043c\u043e\u0436\u0435\u0442 \u043d\u0435 \u0440\u0435\u0448\u0438\u0442\u044c \u043f\u0440\u043e\u0431\u043b\u0435\u043c\u0443 - \u0441\u043d\u0430\u0447\u0430\u043b\u0430 \u043f\u0440\u043e\u0432\u0435\u0434\u0438\u0442\u0435 \u0442\u0449\u0430\u0442\u0435\u043b\u044c\u043d\u0443\u044e \u0434\u0438\u0430\u0433\u043d\u043e\u0441\u0442\u0438\u043a\u0443.<\/li><\/ul>\n<\/div><\/div>\n<\/section>","protected":false},"excerpt":{"rendered":"<p>K\u00e4igukasti \u00f5li vahetus ja adapteerimine Hoiame sinu Volvo k\u00e4igukasti sujuva, vastupidava ja \u00f6konoomsena. Vahetame \u00f5li \u00f5igete spetsifikatsioonidega (originaal\/OEM ATF) ja teeme TCM-i (k\u00e4igukastijuhtploki) adapteerimise VIDA\/DiCE\u2019iga.Mida teemeM\u00e4\u00e4rame k\u00e4igukasti t\u00fc\u00fcbi VIN-i j\u00e4rgi (Aisin Geartronic, Powershift jmt)T\u00f6\u00f6temperatuur, \u00e4ravool + vajadusel karteri\/filtri vahetus, korrektne t\u00e4itmine temperatuuri j\u00e4rgi\u00d5li vananemisloenduri nullimine, TCM l\u00e4htestus ja adaptsioonis\u00f5it (\u00f5pik\u00e4igud)Lekete kontroll, proovis\u00f5it ja m\u00f5\u00f5tmistulemustega raportMillal [&hellip;]<\/p>\n","protected":false},"author":6,"featured_media":368947,"parent":0,"menu_order":0,"comment_status":"closed","ping_status":"closed","template":"","meta":{"_breakdance_hide_in_design_set":false,"_breakdance_tags":"","footnotes":""},"class_list":["post-368946","page","type-page","status-publish","has-post-thumbnail","hentry"],"_links":{"self":[{"href":"https:\/\/bilservice.ee\/ru\/wp-json\/wp\/v2\/pages\/368946","targetHints":{"allow":["GET"]}}],"collection":[{"href":"https:\/\/bilservice.ee\/ru\/wp-json\/wp\/v2\/pages"}],"about":[{"href":"https:\/\/bilservice.ee\/ru\/wp-json\/wp\/v2\/types\/page"}],"author":[{"embeddable":true,"href":"https:\/\/bilservice.ee\/ru\/wp-json\/wp\/v2\/users\/6"}],"replies":[{"embeddable":true,"href":"https:\/\/bilservice.ee\/ru\/wp-json\/wp\/v2\/comments?post=368946"}],"version-history":[{"count":2,"href":"https:\/\/bilservice.ee\/ru\/wp-json\/wp\/v2\/pages\/368946\/revisions"}],"predecessor-version":[{"id":368949,"href":"https:\/\/bilservice.ee\/ru\/wp-json\/wp\/v2\/pages\/368946\/revisions\/368949"}],"wp:featuredmedia":[{"embeddable":true,"href":"https:\/\/bilservice.ee\/ru\/wp-json\/wp\/v2\/media\/368947"}],"wp:attachment":[{"href":"https:\/\/bilservice.ee\/ru\/wp-json\/wp\/v2\/media?parent=368946"}],"curies":[{"name":"wp","href":"https:\/\/api.w.org\/{rel}","templated":true}]}}