{"id":368941,"date":"2025-09-24T09:18:01","date_gmt":"2025-09-24T06:18:01","guid":{"rendered":"https:\/\/bilservice.ee\/?page_id=368941"},"modified":"2025-09-24T09:18:56","modified_gmt":"2025-09-24T06:18:56","slug":"mootori-remonttood","status":"publish","type":"page","link":"https:\/\/bilservice.ee\/ru\/mootori-remonttood\/","title":{"rendered":"\u0420\u0435\u043c\u043e\u043d\u0442 \u0434\u0432\u0438\u0433\u0430\u0442\u0435\u043b\u044f"},"content":{"rendered":"<div class=\"bde-globalblock-368941-100 bde-globalblock\"><style>.breakdance .bde-section-1296-100-1296-1{background-image:url(https:\/\/bilservice.ee\/wp-content\/uploads\/2025\/09\/muscular-car-service-worker-repairing-vehicle-scaled.jpg);background-size:cover;background-repeat:no-repeat;background-position:center center}.breakdance .bde-section-1296-100-1296-1>.section-background-overlay{background-color:var(--bde-brand-primary-color);transition:background-color var(--bde-transition-duration) ease-in-out}.breakdance .bde-section-1296-100-1296-1>.section-background-overlay{opacity:0.2}<\/style><section class=\"bde-section-1296-100-1296-1 bde-section bde-section-1296-100\">\n              \n  \n  \n\t\n\n  <div class=\"section-background-overlay\"><\/div>\n\n\n<div class=\"section-container\"><h1 class=\"bde-heading-1296-101-1296-1 bde-heading bde-heading-1296-101\">\n\u0420\u0435\u043c\u043e\u043d\u0442 \u0434\u0432\u0438\u0433\u0430\u0442\u0435\u043b\u044f\n<\/h1><div class=\"bde-fancy-divider-1296-102-1296-1 bde-fancy-divider bde-fancy-divider-1296-102\">\n\n\n<div class=\"bde-fancy-divider__wrapper\">\n  <div class=\"bde-fancy-divider__separator\">\n  \t  <\/div>\n<\/div>\n\n<\/div><\/div>\n<\/section><\/div><section class=\"bde-section-368941-101 bde-section\">\n  \n  \n\t\n\n\n\n<div class=\"section-container\"><div class=\"bde-rich-text-368941-102 bde-rich-text breakdance-rich-text-styles\">\n<p>\u041c\u044b \u043f\u0440\u043e\u0432\u043e\u0434\u0438\u043c \u043f\u0440\u043e\u0444\u0435\u0441\u0441\u0438\u043e\u043d\u0430\u043b\u044c\u043d\u0443\u044e \u0434\u0438\u0430\u0433\u043d\u043e\u0441\u0442\u0438\u043a\u0443, \u0442\u0435\u0445\u043d\u0438\u0447\u0435\u0441\u043a\u043e\u0435 \u043e\u0431\u0441\u043b\u0443\u0436\u0438\u0432\u0430\u043d\u0438\u0435 \u0438 \u0440\u0435\u043c\u043e\u043d\u0442 \u0434\u0432\u0438\u0433\u0430\u0442\u0435\u043b\u0435\u0439 Volvo \u0434\u043b\u044f \u0432\u043e\u0441\u0441\u0442\u0430\u043d\u043e\u0432\u043b\u0435\u043d\u0438\u044f \u043f\u0440\u043e\u0438\u0437\u0432\u043e\u0434\u0438\u0442\u0435\u043b\u044c\u043d\u043e\u0441\u0442\u0438, \u043d\u0430\u0434\u0435\u0436\u043d\u043e\u0441\u0442\u0438 \u0438 \u044d\u043a\u043e\u043d\u043e\u043c\u0438\u0447\u043d\u043e\u0441\u0442\u0438. \u041c\u044b \u0438\u0441\u043f\u043e\u043b\u044c\u0437\u0443\u0435\u043c \u0434\u0438\u0430\u0433\u043d\u043e\u0441\u0442\u0438\u043a\u0443 VIDA\/DiCE \u0438 \u043e\u0440\u0438\u0433\u0438\u043d\u0430\u043b\u044c\u043d\u044b\u0435 \u0438\u043b\u0438 OEM-\u0437\u0430\u043f\u0447\u0430\u0441\u0442\u0438, \u0441 \u043f\u043e\u0434\u0442\u0432\u0435\u0440\u0436\u0434\u0435\u043d\u0438\u0435\u043c \u0441\u0442\u043e\u0438\u043c\u043e\u0441\u0442\u0438 \u0434\u043e \u043d\u0430\u0447\u0430\u043b\u0430 \u0440\u0430\u0431\u043e\u0442 \u0438 \u0433\u0430\u0440\u0430\u043d\u0442\u0438\u0435\u0439.<\/p><p><strong>\u0427\u0442\u043e \u043c\u044b \u0434\u0435\u043b\u0430\u0435\u043c<\/strong><\/p><ul><li>\u0422\u043e\u0447\u043d\u0430\u044f \u0434\u0438\u0430\u0433\u043d\u043e\u0441\u0442\u0438\u043a\u0430 (\u043a\u043e\u0434\u044b \u043e\u0448\u0438\u0431\u043e\u043a, \u0434\u0430\u043d\u043d\u044b\u0435 \u0432 \u0440\u0435\u0430\u043b\u044c\u043d\u043e\u043c \u0432\u0440\u0435\u043c\u0435\u043d\u0438, \u0442\u0435\u0441\u0442\u044b \u043d\u0430 \u0441\u0436\u0430\u0442\u0438\u0435 \u0438 \u0434\u044b\u043c)<\/li><li>\u0420\u0430\u0431\u043e\u0442\u0430 \u0441 \u0437\u0443\u0431\u0447\u0430\u0442\u044b\u043c\u0438\/\u0446\u0435\u043f\u043d\u044b\u043c\u0438 \u043f\u0435\u0440\u0435\u0434\u0430\u0447\u0430\u043c\u0438, \u043d\u0430\u0442\u044f\u0436\u0438\u0442\u0435\u043b\u044f\u043c\u0438 \u0438 \u0443\u043f\u043b\u043e\u0442\u043d\u0435\u043d\u0438\u044f\u043c\u0438<\/li><li>\u0423\u0442\u0435\u0447\u043a\u0438 \u043c\u0430\u0441\u043b\u0430 \u0438 \u043e\u0445\u043b\u0430\u0436\u0434\u0430\u044e\u0449\u0435\u0439 \u0436\u0438\u0434\u043a\u043e\u0441\u0442\u0438 (\u043a\u043b\u0430\u043f\u0430\u043d\u043d\u0430\u044f \u043a\u0440\u044b\u0448\u043a\u0430, \u043a\u0430\u0440\u0442\u0435\u0440, \u0441\u0430\u043b\u044c\u043d\u0438\u043a\u0438 \u043a\u043e\u043b\u0435\u043d\u0447\u0430\u0442\u043e\u0433\u043e \u0432\u0430\u043b\u0430\/\u0440\u0430\u0441\u043f\u0440\u0435\u0434\u0435\u043b\u0438\u0442\u0435\u043b\u044c\u043d\u043e\u0433\u043e \u0432\u0430\u043b\u0430)<\/li><li>\u0421\u0438\u0441\u0442\u0435\u043c\u0430 \u043e\u0445\u043b\u0430\u0436\u0434\u0435\u043d\u0438\u044f: \u0432\u043e\u0434\u044f\u043d\u043e\u0439 \u043d\u0430\u0441\u043e\u0441, \u0442\u0435\u0440\u043c\u043e\u0441\u0442\u0430\u0442, \u0440\u0430\u0434\u0438\u0430\u0442\u043e\u0440, \u043d\u0435\u0438\u0441\u043f\u0440\u0430\u0432\u043d\u043e\u0441\u0442\u0438, \u0441\u0432\u044f\u0437\u0430\u043d\u043d\u044b\u0435 \u0441 \u043f\u0435\u0440\u0435\u0433\u0440\u0435\u0432\u043e\u043c<\/li><li>\u0421\u0438\u0441\u0442\u0435\u043c\u0430 \u043f\u043e\u0434\u0430\u0447\u0438 \u0442\u043e\u043f\u043b\u0438\u0432\u0430 \u0438 \u0432\u043e\u0437\u0434\u0443\u0445\u0430: \u0444\u043e\u0440\u0441\u0443\u043d\u043a\u0438, \u043d\u0430\u0441\u043e\u0441 \u0432\u044b\u0441\u043e\u043a\u043e\u0433\u043e \u0434\u0430\u0432\u043b\u0435\u043d\u0438\u044f, \u0442\u0443\u0440\u0431\u0438\u043d\u0430, \u0438\u043d\u0442\u0435\u0440\u043a\u0443\u043b\u0435\u0440, \u0432\u0430\u043a\u0443\u0443\u043c\u043d\u044b\u0435 \u043d\u0430\u0441\u043e\u0441\u044b, PCV.<\/li><li>\u0421\u0438\u0441\u0442\u0435\u043c\u0430 \u0437\u0430\u0436\u0438\u0433\u0430\u043d\u0438\u044f: \u0441\u0432\u0435\u0447\u0438, \u0441\u0432\u0435\u0447\u0438 \u0437\u0430\u0436\u0438\u0433\u0430\u043d\u0438\u044f (\u0431\u0435\u043d\u0437\u0438\u043d), \u0441\u0432\u0435\u0447\u0438 \u043d\u0430\u043a\u0430\u043b\u0438\u0432\u0430\u043d\u0438\u044f (\u0434\u0438\u0437\u0435\u043b\u044c).<\/li><li>\u041f\u0440\u043e\u043a\u043b\u0430\u0434\u043a\u0430 \u0433\u043e\u043b\u043e\u0432\u043a\u0438 \u0431\u043b\u043e\u043a\u0430 \u0446\u0438\u043b\u0438\u043d\u0434\u0440\u043e\u0432 \u0438 \u043f\u043e\u0434\u0448\u0438\u043f\u043d\u0438\u043a\u0438 \u043a\u043b\u0430\u043f\u0430\u043d\u043e\u0432; \u043f\u0440\u0438 \u043d\u0435\u043e\u0431\u0445\u043e\u0434\u0438\u043c\u043e\u0441\u0442\u0438 \u0440\u0430\u0431\u043e\u0442\u0430 \u0441 \u0431\u043b\u043e\u043a\u0430\u043c\u0438 \u043f\u0430\u0440\u0442\u043d\u0435\u0440\u043e\u0432<\/li><li>\u0410\u0434\u0430\u043f\u0442\u0430\u0446\u0438\u044f\/\u043f\u0440\u0438\u0441\u043f\u043e\u0441\u043e\u0431\u043b\u0435\u043d\u0438\u0435 \u043f\u0440\u043e\u0433\u0440\u0430\u043c\u043c\u043d\u043e\u0433\u043e \u043e\u0431\u0435\u0441\u043f\u0435\u0447\u0435\u043d\u0438\u044f \u043f\u043e\u0441\u043b\u0435 \u0440\u0435\u043c\u043e\u043d\u0442\u0430 (VIDA)<\/li><\/ul><p><strong>\u0422\u0438\u043f\u0438\u0447\u043d\u044b\u0435 \u0441\u0438\u043c\u043f\u0442\u043e\u043c\u044b<\/strong><br \/>\u041d\u0435\u0440\u0430\u0432\u043d\u043e\u043c\u0435\u0440\u043d\u0430\u044f \u0438\u043b\u0438 \u043d\u0435\u0443\u0441\u0442\u043e\u0439\u0447\u0438\u0432\u0430\u044f \u0440\u0430\u0431\u043e\u0442\u0430, \u043f\u043e\u0432\u044b\u0448\u0435\u043d\u043d\u044b\u0439 \u0440\u0430\u0441\u0445\u043e\u0434 \u0442\u043e\u043f\u043b\u0438\u0432\u0430 \u0438 \u043c\u0430\u0441\u043b\u0430, \u0447\u0435\u0440\u043d\u044b\u0439\/\u0441\u0438\u043d\u0438\u0439\/\u0431\u0435\u043b\u044b\u0439 \u0434\u044b\u043c, \u0432\u043e\u0437\u0433\u043e\u0440\u0430\u043d\u0438\u0435 \u0434\u0432\u0438\u0433\u0430\u0442\u0435\u043b\u044f, \u043f\u043e\u0442\u0435\u0440\u044f \u043e\u0445\u043b\u0430\u0436\u0434\u0430\u044e\u0449\u0435\u0439 \u0436\u0438\u0434\u043a\u043e\u0441\u0442\u0438, \u043d\u0435\u043e\u0431\u044b\u0447\u043d\u044b\u0439 \u0441\u043a\u0440\u0435\u0436\u0435\u0442 \u0438\u043b\u0438 \u0432\u0438\u0431\u0440\u0430\u0446\u0438\u044f.<\/p><p><strong>\u041a\u0430\u043a \u043d\u0430\u0447\u0430\u0442\u044c<\/strong><br \/>\u0421\u043e\u043e\u0431\u0449\u0438\u0442\u0435 \u043d\u0430\u043c \u043c\u043e\u0434\u0435\u043b\u044c \u0432\u0430\u0448\u0435\u0433\u043e Volvo, VIN-\u043a\u043e\u0434 \u0438 \u043f\u0440\u043e\u0431\u0435\u0433, \u0430 \u0442\u0430\u043a\u0436\u0435 \u043e\u043f\u0438\u0448\u0438\u0442\u0435 \u0441\u0438\u043c\u043f\u0442\u043e\u043c\u044b. \u041c\u044b \u043f\u0440\u043e\u0432\u0435\u0434\u0435\u043c \u043e\u0441\u043c\u043e\u0442\u0440, \u043f\u0440\u0435\u0434\u043e\u0441\u0442\u0430\u0432\u0438\u043c \u0432\u0430\u043c \u0447\u0435\u0442\u043a\u0443\u044e \u0441\u043c\u0435\u0442\u0443 \u0438 \u043f\u0440\u0438\u0441\u0442\u0443\u043f\u0438\u043c \u043a \u0440\u0430\u0431\u043e\u0442\u0435 \u043f\u043e\u0441\u043b\u0435 \u0432\u0430\u0448\u0435\u0433\u043e \u043f\u043e\u0434\u0442\u0432\u0435\u0440\u0436\u0434\u0435\u043d\u0438\u044f.<\/p>\n<\/div><\/div>\n<\/section>","protected":false},"excerpt":{"rendered":"<p>Mootori remontt\u00f6\u00f6d Teostame Volvo mootorite professionaalset diagnostikat, hooldust ja remonti, et taastada j\u00f5udlus, t\u00f6\u00f6kindlus ja \u00f6konoomsus. Kasutame VIDA\/DiCE diagnostikat ning originaal- v\u00f5i OEM-varuosi; hinnapakkumine kinnitatakse enne t\u00f6\u00f6de algust ja t\u00f6\u00f6dele kehtib garantii.Mida teemeT\u00e4pne diagnostika (veakoodid, reaalaja andmed, kompressiooni- ja suitsutest)Hammasrihma\/keti t\u00f6\u00f6d, pingutid ja tihendid\u00d5li- ja jahutuslekked (klapikaan, karter, v\u00e4ntv\u00f5lli\/jaotusv\u00f5lli simmerid)Jahutuss\u00fcsteem: veepump, termostaat, radiaator, \u00fclekuumenemise veadK\u00fctuse- [&hellip;]<\/p>\n","protected":false},"author":6,"featured_media":368942,"parent":0,"menu_order":0,"comment_status":"closed","ping_status":"closed","template":"","meta":{"_breakdance_hide_in_design_set":false,"_breakdance_tags":"","footnotes":""},"class_list":["post-368941","page","type-page","status-publish","has-post-thumbnail","hentry"],"_links":{"self":[{"href":"https:\/\/bilservice.ee\/ru\/wp-json\/wp\/v2\/pages\/368941","targetHints":{"allow":["GET"]}}],"collection":[{"href":"https:\/\/bilservice.ee\/ru\/wp-json\/wp\/v2\/pages"}],"about":[{"href":"https:\/\/bilservice.ee\/ru\/wp-json\/wp\/v2\/types\/page"}],"author":[{"embeddable":true,"href":"https:\/\/bilservice.ee\/ru\/wp-json\/wp\/v2\/users\/6"}],"replies":[{"embeddable":true,"href":"https:\/\/bilservice.ee\/ru\/wp-json\/wp\/v2\/comments?post=368941"}],"version-history":[{"count":2,"href":"https:\/\/bilservice.ee\/ru\/wp-json\/wp\/v2\/pages\/368941\/revisions"}],"predecessor-version":[{"id":368944,"href":"https:\/\/bilservice.ee\/ru\/wp-json\/wp\/v2\/pages\/368941\/revisions\/368944"}],"wp:featuredmedia":[{"embeddable":true,"href":"https:\/\/bilservice.ee\/ru\/wp-json\/wp\/v2\/media\/368942"}],"wp:attachment":[{"href":"https:\/\/bilservice.ee\/ru\/wp-json\/wp\/v2\/media?parent=368941"}],"curies":[{"name":"wp","href":"https:\/\/api.w.org\/{rel}","templated":true}]}}