{"id":368936,"date":"2025-09-24T09:14:25","date_gmt":"2025-09-24T06:14:25","guid":{"rendered":"https:\/\/bilservice.ee\/?page_id=368936"},"modified":"2025-09-24T09:15:46","modified_gmt":"2025-09-24T06:15:46","slug":"sildade-kontroll-ja-reguleerimine","status":"publish","type":"page","link":"https:\/\/bilservice.ee\/ru\/sildade-kontroll-ja-reguleerimine\/","title":{"rendered":"\u0420\u0435\u043c\u043e\u043d\u0442 \u043f\u043e\u0434\u0432\u0435\u0441\u043a\u0438 Volvo"},"content":{"rendered":"<div class=\"bde-globalblock-368936-100 bde-globalblock\"><style>.breakdance .bde-section-1296-100-1296-1{background-image:url(https:\/\/bilservice.ee\/wp-content\/uploads\/2025\/09\/workshop-repairing-service-scaled.jpg);background-size:cover;background-repeat:no-repeat;background-position:center center}.breakdance .bde-section-1296-100-1296-1>.section-background-overlay{background-color:var(--bde-brand-primary-color);transition:background-color var(--bde-transition-duration) ease-in-out}.breakdance .bde-section-1296-100-1296-1>.section-background-overlay{opacity:0.2}<\/style><section class=\"bde-section-1296-100-1296-1 bde-section bde-section-1296-100\">\n              \n  \n  \n\t\n\n  <div class=\"section-background-overlay\"><\/div>\n\n\n<div class=\"section-container\"><h1 class=\"bde-heading-1296-101-1296-1 bde-heading bde-heading-1296-101\">\n\u0420\u0435\u043c\u043e\u043d\u0442 \u043f\u043e\u0434\u0432\u0435\u0441\u043a\u0438 Volvo\n<\/h1><div class=\"bde-fancy-divider-1296-102-1296-1 bde-fancy-divider bde-fancy-divider-1296-102\">\n\n\n<div class=\"bde-fancy-divider__wrapper\">\n  <div class=\"bde-fancy-divider__separator\">\n  \t  <\/div>\n<\/div>\n\n<\/div><\/div>\n<\/section><\/div><section class=\"bde-section-368936-101 bde-section\">\n  \n  \n\t\n\n\n\n<div class=\"section-container\"><div class=\"bde-rich-text-368936-102 bde-rich-text breakdance-rich-text-styles\">\n<p>\u041c\u044b \u043e\u0442\u0440\u0435\u0433\u0443\u043b\u0438\u0440\u0443\u0435\u043c \u043f\u0435\u0440\u0435\u0434\u043d\u044e\u044e \u0438 \u0437\u0430\u0434\u043d\u044e\u044e \u043e\u0441\u0438 \u0432\u0430\u0448\u0435\u0433\u043e Volvo \u0432 \u0441\u043e\u043e\u0442\u0432\u0435\u0442\u0441\u0442\u0432\u0438\u0438 \u0441 \u0437\u0430\u0432\u043e\u0434\u0441\u043a\u0438\u043c\u0438 \u0445\u0430\u0440\u0430\u043a\u0442\u0435\u0440\u0438\u0441\u0442\u0438\u043a\u0430\u043c\u0438, \u0447\u0442\u043e\u0431\u044b \u0432\u0430\u0448 \u0430\u0432\u0442\u043e\u043c\u043e\u0431\u0438\u043b\u044c \u0435\u0445\u0430\u043b \u043f\u0440\u044f\u043c\u043e, \u0448\u0438\u043d\u044b \u0438\u0437\u043d\u0430\u0448\u0438\u0432\u0430\u043b\u0438\u0441\u044c \u0440\u0430\u0432\u043d\u043e\u043c\u0435\u0440\u043d\u043e, \u0430 \u0440\u0443\u043b\u0435\u0432\u043e\u0435 \u043a\u043e\u043b\u0435\u0441\u043e \u043d\u0430\u0445\u043e\u0434\u0438\u043b\u043e\u0441\u044c \u0432 \u0446\u0435\u043d\u0442\u0440\u0430\u043b\u044c\u043d\u043e\u043c \u043f\u043e\u043b\u043e\u0436\u0435\u043d\u0438\u0438.<\/p><p><strong>\u0427\u0442\u043e \u043c\u044b \u0434\u0435\u043b\u0430\u0435\u043c<\/strong><\/p><ul><li>3D-\u0438\u043b\u043b\u044e\u0441\u0442\u0440\u0430\u0446\u0438\u044f: \u043d\u043e\u0441\u043e\u043a, \u043e\u0442\u0440\u0438\u0446\u0430\u0442\u0435\u043b\u044c\u043d\u044b\u0439\/\u043f\u043e\u043b\u043e\u0436\u0438\u0442\u0435\u043b\u044c\u043d\u044b\u0439 (\u0440\u0430\u0437\u0432\u0430\u043b), \u0438\u0437\u043c\u0435\u0440\u0435\u043d\u0438\u0435 \u043a\u0430\u0441\u0442\u0435\u0440\u0430.<\/li><li>\u0420\u0435\u0433\u0443\u043b\u0438\u0440\u043e\u0432\u043a\u0430 (\u043f\u0435\u0440\u0435\u0434\u043d\u044f\u044f \u0438, \u043f\u0440\u0438 \u043d\u0435\u043e\u0431\u0445\u043e\u0434\u0438\u043c\u043e\u0441\u0442\u0438, \u0437\u0430\u0434\u043d\u044f\u044f) \u0432 \u0441\u043e\u043e\u0442\u0432\u0435\u0442\u0441\u0442\u0432\u0438\u0438 \u0441\u043e \u0441\u043f\u0435\u0446\u0438\u0444\u0438\u043a\u0430\u0446\u0438\u044f\u043c\u0438 Volvo.<\/li><li>\u041f\u0440\u043e\u0432\u0435\u0440\u043a\u0430 \u0434\u0435\u0442\u0430\u043b\u0435\u0439 \u043a\u043e\u043b\u0435\u043d\u0447\u0430\u0442\u043e\u0433\u043e \u0432\u0430\u043b\u0430 (\u0432\u0442\u0443\u043b\u043a\u0438, \u0448\u0430\u0440\u043d\u0438\u0440\u044b, \u043f\u043e\u0432\u043e\u0440\u043e\u0442\u043d\u044b\u0435 \u043a\u0443\u043b\u0430\u043a\u0438, \u043f\u043e\u0434\u0448\u0438\u043f\u043d\u0438\u043a\u0438).<\/li><li>\u0421\u0431\u0440\u043e\u0441 \u0434\u0430\u0442\u0447\u0438\u043a\u0430 \u043a\u0443\u0440\u0441\u043e\u0432\u043e\u0439 \u0443\u0441\u0442\u043e\u0439\u0447\u0438\u0432\u043e\u0441\u0442\u0438 (SAS) \u0438 \u043f\u0440\u043e\u0432\u0435\u0440\u043a\u0430 DSTC\/ABS \u0441 \u043f\u043e\u043c\u043e\u0449\u044c\u044e VIDA\/DiCE<\/li><li>\u0422\u0435\u0441\u0442-\u0434\u0440\u0430\u0439\u0432 \u0438 \u043e\u0442\u0447\u0435\u0442 \u043e\u0431 \u0438\u0437\u043c\u0435\u0440\u0435\u043d\u0438\u044f\u0445<\/li><\/ul><p><strong>\u041a\u043e\u0433\u0434\u0430 \u043f\u0440\u0438\u0445\u043e\u0434\u0438\u0442\u044c<\/strong><br \/>\u0410\u0432\u0442\u043e\u043c\u043e\u0431\u0438\u043b\u044c \u0442\u0440\u044f\u0441\u0435\u0442\u0441\u044f, \u0440\u0443\u043b\u044c \u043f\u0435\u0440\u0435\u043a\u043e\u0448\u0435\u043d, \u0448\u0438\u043d\u044b \u0438\u0437\u043d\u0430\u0448\u0438\u0432\u0430\u044e\u0442\u0441\u044f \u043d\u0435\u0440\u0430\u0432\u043d\u043e\u043c\u0435\u0440\u043d\u043e, \u043e\u043d \"\u043f\u043b\u044b\u0432\u0435\u0442\" \u043f\u0440\u0438 \u0442\u043e\u0440\u043c\u043e\u0436\u0435\u043d\u0438\u0438 \u0438\u043b\u0438 \u043d\u0430 \u0430\u0432\u0442\u043e\u0441\u0442\u0440\u0430\u0434\u0435.<\/p><p><strong>\u041f\u0440\u0438\u043c\u0435\u0447\u0430\u043d\u0438\u0435<\/strong><br \/>\u0420\u0435\u0433\u0443\u043b\u0438\u0440\u043e\u0432\u043a\u0430 \u043f\u0440\u043e\u0432\u043e\u0434\u0438\u0442\u0441\u044f \u0442\u043e\u043b\u044c\u043a\u043e \u0441\u043e \u0432\u0441\u0435\u0439 \u0442\u0440\u0430\u043d\u0441\u043c\u0438\u0441\u0441\u0438\u0435\u0439 - \u0435\u0441\u043b\u0438 \u043c\u044b \u043e\u0431\u043d\u0430\u0440\u0443\u0436\u0438\u043c \u043a\u0430\u043a\u0438\u0435-\u043b\u0438\u0431\u043e \u043e\u0441\u043b\u0430\u0431\u043b\u0435\u043d\u043d\u044b\u0435 \u0438\u043b\u0438 \u0438\u0437\u043d\u043e\u0448\u0435\u043d\u043d\u044b\u0435 \u0434\u0435\u0442\u0430\u043b\u0438, \u043c\u044b \u0441\u043e\u043e\u0431\u0449\u0438\u043c \u0432\u0430\u043c \u0442\u043e\u0447\u043d\u0443\u044e \u0446\u0435\u043d\u0443, \u043f\u0440\u0435\u0436\u0434\u0435 \u0447\u0435\u043c \u043f\u0440\u0438\u0441\u0442\u0443\u043f\u0438\u0442\u044c \u043a \u0440\u0430\u0431\u043e\u0442\u0435.<\/p>\n<\/div><\/div>\n<\/section>","protected":false},"excerpt":{"rendered":"<p>Sildade kontroll ja reguleerimine Seadistame sinu Volvo esisilla ja tagasilla tehase\u00adspetsifikatsiooni j\u00e4rgi, et auto liiguks sirgelt, rehvid kuluksid \u00fchtlaselt ja rool oleks kesk\u00adasendis.Mida teeme3D-sillastend: varvas (toe), negatiiv\/positiiv (camber), j\u00e4reljooks (caster) m\u00f5\u00f5tmineReguleerimine (esi- ja vajadusel tagasild) vastavalt Volvo andmeteleVeermiku detailide kontroll (puksid, \u0161arniirid, rooliotsad, laagrid)Roolinurgaanduri (SAS) l\u00e4htestus ja DSTC\/ABS kontroll VIDA\/DiCE\u2019igaProovis\u00f5it ja m\u00f5\u00f5tmistulemustega raportMillal tullaAuto kisub, [&hellip;]<\/p>\n","protected":false},"author":6,"featured_media":368937,"parent":0,"menu_order":0,"comment_status":"closed","ping_status":"closed","template":"","meta":{"_breakdance_hide_in_design_set":false,"_breakdance_tags":"","footnotes":""},"class_list":["post-368936","page","type-page","status-publish","has-post-thumbnail","hentry"],"_links":{"self":[{"href":"https:\/\/bilservice.ee\/ru\/wp-json\/wp\/v2\/pages\/368936","targetHints":{"allow":["GET"]}}],"collection":[{"href":"https:\/\/bilservice.ee\/ru\/wp-json\/wp\/v2\/pages"}],"about":[{"href":"https:\/\/bilservice.ee\/ru\/wp-json\/wp\/v2\/types\/page"}],"author":[{"embeddable":true,"href":"https:\/\/bilservice.ee\/ru\/wp-json\/wp\/v2\/users\/6"}],"replies":[{"embeddable":true,"href":"https:\/\/bilservice.ee\/ru\/wp-json\/wp\/v2\/comments?post=368936"}],"version-history":[{"count":2,"href":"https:\/\/bilservice.ee\/ru\/wp-json\/wp\/v2\/pages\/368936\/revisions"}],"predecessor-version":[{"id":368939,"href":"https:\/\/bilservice.ee\/ru\/wp-json\/wp\/v2\/pages\/368936\/revisions\/368939"}],"wp:featuredmedia":[{"embeddable":true,"href":"https:\/\/bilservice.ee\/ru\/wp-json\/wp\/v2\/media\/368937"}],"wp:attachment":[{"href":"https:\/\/bilservice.ee\/ru\/wp-json\/wp\/v2\/media?parent=368936"}],"curies":[{"name":"wp","href":"https:\/\/api.w.org\/{rel}","templated":true}]}}