{"id":368931,"date":"2025-09-24T09:08:14","date_gmt":"2025-09-24T06:08:14","guid":{"rendered":"https:\/\/bilservice.ee\/?page_id=368931"},"modified":"2025-09-24T09:10:42","modified_gmt":"2025-09-24T06:10:42","slug":"veermiku-kontroll-ja-remont","status":"publish","type":"page","link":"https:\/\/bilservice.ee\/ru\/veermiku-kontroll-ja-remont\/","title":{"rendered":"\u041f\u0440\u043e\u0432\u0435\u0440\u043a\u0430 \u0438 \u0440\u0435\u043c\u043e\u043d\u0442 \u043f\u043e\u0434\u0432\u0438\u0436\u043d\u043e\u0433\u043e \u0441\u043e\u0441\u0442\u0430\u0432\u0430"},"content":{"rendered":"<div class=\"bde-globalblock-368931-100 bde-globalblock\"><style>.breakdance .bde-section-1296-100-1296-1{background-image:url(https:\/\/bilservice.ee\/wp-content\/uploads\/2025\/09\/modern-automobile-mechanic-composition-scaled.jpg);background-size:cover;background-repeat:no-repeat;background-position:center center}.breakdance .bde-section-1296-100-1296-1>.section-background-overlay{background-color:var(--bde-brand-primary-color);transition:background-color var(--bde-transition-duration) ease-in-out}.breakdance .bde-section-1296-100-1296-1>.section-background-overlay{opacity:0.2}<\/style><section class=\"bde-section-1296-100-1296-1 bde-section bde-section-1296-100\">\n              \n  \n  \n\t\n\n  <div class=\"section-background-overlay\"><\/div>\n\n\n<div class=\"section-container\"><h1 class=\"bde-heading-1296-101-1296-1 bde-heading bde-heading-1296-101\">\n\u041f\u0440\u043e\u0432\u0435\u0440\u043a\u0430 \u0438 \u0440\u0435\u043c\u043e\u043d\u0442 \u043f\u043e\u0434\u0432\u0438\u0436\u043d\u043e\u0433\u043e \u0441\u043e\u0441\u0442\u0430\u0432\u0430\n<\/h1><div class=\"bde-fancy-divider-1296-102-1296-1 bde-fancy-divider bde-fancy-divider-1296-102\">\n\n\n<div class=\"bde-fancy-divider__wrapper\">\n  <div class=\"bde-fancy-divider__separator\">\n  \t  <\/div>\n<\/div>\n\n<\/div><\/div>\n<\/section><\/div><section class=\"bde-section-368931-101 bde-section\">\n  \n  \n\t\n\n\n\n<div class=\"section-container\"><div class=\"bde-rich-text-368931-105 bde-rich-text breakdance-rich-text-styles\">\n<p>\u041c\u044b \u043e\u0431\u0435\u0441\u043f\u0435\u0447\u0438\u0432\u0430\u0435\u043c \u0443\u0441\u0442\u043e\u0439\u0447\u0438\u0432\u043e\u0441\u0442\u044c, \u0443\u043f\u0440\u0430\u0432\u043b\u044f\u0435\u043c\u043e\u0441\u0442\u044c \u0438 \u0431\u0435\u0437\u043e\u043f\u0430\u0441\u043d\u043e\u0441\u0442\u044c \u0432\u0430\u0448\u0435\u0433\u043e Volvo. \u041c\u044b \u043f\u0440\u043e\u0432\u0435\u0440\u044f\u0435\u043c \u0438 \u0432\u043e\u0441\u0441\u0442\u0430\u043d\u0430\u0432\u043b\u0438\u0432\u0430\u0435\u043c \u0434\u0435\u0442\u0430\u043b\u0438 \u0445\u043e\u0434\u043e\u0432\u043e\u0439 \u0447\u0430\u0441\u0442\u0438, \u043a\u043e\u0442\u043e\u0440\u044b\u0435 \u0432\u043b\u0438\u044f\u044e\u0442 \u043d\u0430 \u0442\u043e\u0440\u043c\u043e\u0437\u043d\u043e\u0439 \u043f\u0443\u0442\u044c, \u0438\u0437\u043d\u043e\u0441 \u0448\u0438\u043d \u0438 \u043a\u043e\u043c\u0444\u043e\u0440\u0442 \u0432\u043e\u0436\u0434\u0435\u043d\u0438\u044f.<\/p><p><strong>\u0427\u0442\u043e \u043c\u044b \u0434\u0435\u043b\u0430\u0435\u043c<\/strong><\/p><ul><li>\u0422\u0435\u0441\u0442-\u0434\u0440\u0430\u0439\u0432 \u0438 \u0443\u043f\u0440\u0430\u0432\u043b\u0435\u043d\u0438\u0435 \u043f\u043e\u0433\u0440\u0443\u0437\u0447\u0438\u043a\u043e\u043c<\/li><li>\u041e\u0446\u0435\u043d\u043a\u0430 \u0430\u043c\u043e\u0440\u0442\u0438\u0437\u0430\u0442\u043e\u0440\u043e\u0432, \u043f\u0440\u0443\u0436\u0438\u043d, \u043f\u043e\u043b\u044b\u0445 \u0432\u0442\u0443\u043b\u043e\u043a \u0438 \u0432\u0442\u0443\u043b\u043e\u043a<\/li><li>\u041a\u043e\u043b\u0435\u0441\u043d\u044b\u0435 \u043d\u0430\u043a\u043e\u043d\u0435\u0447\u043d\u0438\u043a\u0438, \u0448\u0430\u0440\u043d\u0438\u0440\u044b, \u0448\u0442\u0430\u043d\u0433\u0438 \u0438 \u0432\u0442\u0443\u043b\u043a\u0438 \u0441\u0442\u0430\u0431\u0438\u043b\u0438\u0437\u0430\u0442\u043e\u0440\u0430<\/li><li>\u041f\u043e\u0434\u0448\u0438\u043f\u043d\u0438\u043a\u0438 \u0431\u0430\u0440\u0430\u0431\u0430\u043d\u043e\u0432, \u043f\u043e\u043b\u0443\u043e\u0441\u0435\u0439 \u0438 \u043f\u044b\u043b\u044c\u043d\u0438\u043a\u043e\u0432<\/li><li>\u0418\u0437\u043c\u0435\u0440\u0435\u043d\u0438\u0435 \u0438 \u0440\u0435\u0433\u0443\u043b\u0438\u0440\u043e\u0432\u043a\u0430 \u0433\u0435\u043e\u043c\u0435\u0442\u0440\u0438\u0438 \u043c\u043e\u0441\u0442\u0430 (\u0441\u0443\u0445\u043e\u0436\u0438\u043b\u0438\u0435 \u043c\u043e\u0441\u0442\u0430)<\/li><li>\u041f\u0440\u043e\u0432\u0435\u0440\u043a\u0430 \u0438\u0437\u043d\u043e\u0441\u0430 \u0448\u0438\u043d \u0438 \u0442\u043e\u0440\u043c\u043e\u0437\u043d\u043e\u0439 \u0441\u0438\u0441\u0442\u0435\u043c\u044b<\/li><li>\u0421\u0447\u0438\u0442\u044b\u0432\u0430\u043d\u0438\u0435 \u043a\u043e\u0434\u043e\u0432 \u043e\u0448\u0438\u0431\u043e\u043a ABS\/DSTC \u0441 \u043f\u043e\u043c\u043e\u0449\u044c\u044e VIDA<\/li><li>\u041d\u0435\u043e\u0431\u0445\u043e\u0434\u0438\u043c\u044b\u0439 \u0440\u0435\u043c\u043e\u043d\u0442 \u0441 \u0438\u0441\u043f\u043e\u043b\u044c\u0437\u043e\u0432\u0430\u043d\u0438\u0435\u043c \u043e\u0440\u0438\u0433\u0438\u043d\u0430\u043b\u044c\u043d\u044b\u0445 \u0438\u043b\u0438 OEM-\u0437\u0430\u043f\u0447\u0430\u0441\u0442\u0435\u0439<\/li><\/ul><p><strong>\u0422\u0438\u043f\u0438\u0447\u043d\u044b\u0435 \u0441\u0438\u043c\u043f\u0442\u043e\u043c\u044b<\/strong><br \/>\u0421\u0442\u0443\u043a\u0438 \u0438 \u0443\u0434\u0430\u0440\u044b, \u0432\u0438\u0431\u0440\u0430\u0446\u0438\u044f \u0432 \u0440\u0443\u043b\u0435\u0432\u043e\u043c \u043a\u043e\u043b\u0435\u0441\u0435, \u0430\u0432\u0442\u043e\u043c\u043e\u0431\u0438\u043b\u044c \"\u043f\u043b\u044b\u0432\u0435\u0442\" \u0438\u043b\u0438 \u0442\u0440\u044f\u0441\u0435\u0442\u0441\u044f, \u0440\u0443\u043b\u044c \u043d\u0430\u043a\u043b\u043e\u043d\u0435\u043d, \u043d\u0435\u0440\u0430\u0432\u043d\u043e\u043c\u0435\u0440\u043d\u044b\u0439 \u0438\u0437\u043d\u043e\u0441 \u0448\u0438\u043d, \u043f\u0440\u0435\u0434\u0443\u043f\u0440\u0435\u0436\u0434\u0435\u043d\u0438\u044f ABS\/DSTC, \u0432\u0437\u0434\u0440\u0430\u0433\u0438\u0432\u0430\u043d\u0438\u0435 \u043f\u0440\u0438 \u0442\u043e\u0440\u043c\u043e\u0436\u0435\u043d\u0438\u0438.<\/p><p><strong>\u041f\u043e\u0447\u0435\u043c\u0443 \u043d\u0430\u0448<\/strong><br \/>\u0421\u043f\u0435\u0446\u0438\u0430\u043b\u044c\u043d\u0430\u044f \u0434\u0438\u0430\u0433\u043d\u043e\u0441\u0442\u0438\u043a\u0430 Volvo (VIDA\/DiCE), \u043f\u0440\u0430\u0432\u0438\u043b\u044c\u043d\u0430\u044f \u0443\u043a\u043b\u0430\u0434\u043a\u0430, \u043f\u0440\u043e\u0437\u0440\u0430\u0447\u043d\u044b\u0435 \u0446\u0435\u043d\u044b \u0438 \u0433\u0430\u0440\u0430\u043d\u0442\u0438\u044f \u043d\u0430 \u0440\u0430\u0431\u043e\u0442\u044b.<\/p><p><strong>\u041a\u0430\u043a \u043d\u0430\u0447\u0430\u0442\u044c<\/strong><br \/>\u0417\u0430\u043f\u0438\u0448\u0438\u0442\u0435\u0441\u044c \u043d\u0430 \u043f\u0440\u0438\u0435\u043c, \u043e\u043f\u0438\u0448\u0438\u0442\u0435 \u0441\u0438\u043c\u043f\u0442\u043e\u043c\u044b \u0438\u043b\u0438 \u0434\u043e\u0431\u0430\u0432\u044c\u0442\u0435 \u0441\u0432\u043e\u0439 VIN\/\u043d\u043e\u043c\u0435\u0440 \u043f\u0430\u0441\u043f\u043e\u0440\u0442\u0430 - \u043c\u044b \u043f\u0440\u043e\u0432\u0435\u0434\u0435\u043c \u043e\u0441\u043c\u043e\u0442\u0440 \u0438 \u043f\u0440\u0435\u0434\u043e\u0441\u0442\u0430\u0432\u0438\u043c \u0432\u0430\u043c \u0447\u0435\u0442\u043a\u0438\u0439 \u043f\u043b\u0430\u043d \u0446\u0435\u043d \u043f\u0435\u0440\u0435\u0434 \u043d\u0430\u0447\u0430\u043b\u043e\u043c \u0440\u0430\u0431\u043e\u0442.<\/p>\n<\/div><\/div>\n<\/section>","protected":false},"excerpt":{"rendered":"<p>Veermiku kontroll ja remont Tagame sinu Volvo stabiilsuse, juhitavuse ja ohutuse. Kontrollime ja taastame veermiku detailid, mis m\u00f5jutavad pidurdusteekonda, rehvide kulumist ja s\u00f5idumugavust.Mida teemeProovis\u00f5it ja t\u00f5stukikontrollAmortide, vedrude, \u00f5\u00f5tshoobade ja pukside hindamineRooliotsad, \u0161arniirid, stabilisaatori vardad ja puksidRummulaagrid, poolteljed ja tolmukummidSillageomeetria m\u00f5\u00f5tmine ja reguleerimine (sillastend)Rehvide ja piduris\u00fcsteemi kulumismustri kontrollVIDA abil ABS\/DSTC veakoodide lugemineVajalikud remontt\u00f6\u00f6d originaal- v\u00f5i OEM-varuosadegaT\u00fc\u00fcpilised [&hellip;]<\/p>\n","protected":false},"author":6,"featured_media":368932,"parent":0,"menu_order":0,"comment_status":"closed","ping_status":"closed","template":"","meta":{"_breakdance_hide_in_design_set":false,"_breakdance_tags":"","footnotes":""},"class_list":["post-368931","page","type-page","status-publish","has-post-thumbnail","hentry"],"_links":{"self":[{"href":"https:\/\/bilservice.ee\/ru\/wp-json\/wp\/v2\/pages\/368931","targetHints":{"allow":["GET"]}}],"collection":[{"href":"https:\/\/bilservice.ee\/ru\/wp-json\/wp\/v2\/pages"}],"about":[{"href":"https:\/\/bilservice.ee\/ru\/wp-json\/wp\/v2\/types\/page"}],"author":[{"embeddable":true,"href":"https:\/\/bilservice.ee\/ru\/wp-json\/wp\/v2\/users\/6"}],"replies":[{"embeddable":true,"href":"https:\/\/bilservice.ee\/ru\/wp-json\/wp\/v2\/comments?post=368931"}],"version-history":[{"count":2,"href":"https:\/\/bilservice.ee\/ru\/wp-json\/wp\/v2\/pages\/368931\/revisions"}],"predecessor-version":[{"id":368934,"href":"https:\/\/bilservice.ee\/ru\/wp-json\/wp\/v2\/pages\/368931\/revisions\/368934"}],"wp:featuredmedia":[{"embeddable":true,"href":"https:\/\/bilservice.ee\/ru\/wp-json\/wp\/v2\/media\/368932"}],"wp:attachment":[{"href":"https:\/\/bilservice.ee\/ru\/wp-json\/wp\/v2\/media?parent=368931"}],"curies":[{"name":"wp","href":"https:\/\/api.w.org\/{rel}","templated":true}]}}