{"id":368926,"date":"2025-09-24T09:01:07","date_gmt":"2025-09-24T06:01:07","guid":{"rendered":"https:\/\/bilservice.ee\/?page_id=368926"},"modified":"2025-09-24T09:03:29","modified_gmt":"2025-09-24T06:03:29","slug":"soidukite-hooldus-ja-remont-tood","status":"publish","type":"page","link":"https:\/\/bilservice.ee\/ru\/soidukite-hooldus-ja-remont-tood\/","title":{"rendered":"\u0422\u0435\u0445\u043d\u0438\u0447\u0435\u0441\u043a\u043e\u0435 \u043e\u0431\u0441\u043b\u0443\u0436\u0438\u0432\u0430\u043d\u0438\u0435 \u0438 \u0440\u0435\u043c\u043e\u043d\u0442 \u0430\u0432\u0442\u043e\u043c\u043e\u0431\u0438\u043b\u0435\u0439"},"content":{"rendered":"<div class=\"bde-globalblock-368926-100 bde-globalblock\"><style>.breakdance .bde-section-1296-100-1296-1{background-image:url(https:\/\/bilservice.ee\/wp-content\/uploads\/2025\/09\/mechanic-man-repairing-car-scaled.jpg);background-size:cover;background-repeat:no-repeat;background-position:center center}.breakdance .bde-section-1296-100-1296-1>.section-background-overlay{background-color:var(--bde-brand-primary-color);transition:background-color var(--bde-transition-duration) ease-in-out}.breakdance .bde-section-1296-100-1296-1>.section-background-overlay{opacity:0.2}<\/style><section class=\"bde-section-1296-100-1296-1 bde-section bde-section-1296-100\">\n              \n  \n  \n\t\n\n  <div class=\"section-background-overlay\"><\/div>\n\n\n<div class=\"section-container\"><h1 class=\"bde-heading-1296-101-1296-1 bde-heading bde-heading-1296-101\">\n\u0422\u0435\u0445\u043d\u0438\u0447\u0435\u0441\u043a\u043e\u0435 \u043e\u0431\u0441\u043b\u0443\u0436\u0438\u0432\u0430\u043d\u0438\u0435 \u0438 \u0440\u0435\u043c\u043e\u043d\u0442 \u0430\u0432\u0442\u043e\u043c\u043e\u0431\u0438\u043b\u0435\u0439\n<\/h1><div class=\"bde-fancy-divider-1296-102-1296-1 bde-fancy-divider bde-fancy-divider-1296-102\">\n\n\n<div class=\"bde-fancy-divider__wrapper\">\n  <div class=\"bde-fancy-divider__separator\">\n  \t  <\/div>\n<\/div>\n\n<\/div><\/div>\n<\/section><\/div><section class=\"bde-section-368926-101 bde-section\">\n  \n  \n\t\n\n\n\n<div class=\"section-container\"><div class=\"bde-columns-368926-102 bde-columns\"><div class=\"bde-column-368926-103 bde-column\">\n  \n  \n\t\n\n\n\n<div class=\"bde-text-368926-105 bde-text\">\n\u041c\u044b \u043f\u0440\u0435\u0434\u043b\u0430\u0433\u0430\u0435\u043c \u0442\u0435\u0445\u043d\u0438\u0447\u0435\u0441\u043a\u043e\u0435 \u043e\u0431\u0441\u043b\u0443\u0436\u0438\u0432\u0430\u043d\u0438\u0435 \u0438 \u0440\u0435\u043c\u043e\u043d\u0442 \u0430\u0432\u0442\u043e\u043c\u043e\u0431\u0438\u043b\u0435\u0439 \u0438 \u0432\u043d\u0435\u0434\u043e\u0440\u043e\u0436\u043d\u0438\u043a\u043e\u0432 Volvo \u0432 \u0441\u043e\u043e\u0442\u0432\u0435\u0442\u0441\u0442\u0432\u0438\u0438 \u0441 \u0437\u0430\u0432\u043e\u0434\u0441\u043a\u0438\u043c\u0438 \u0441\u043f\u0435\u0446\u0438\u0444\u0438\u043a\u0430\u0446\u0438\u044f\u043c\u0438. \u041c\u044b \u0432\u044b\u043f\u043e\u043b\u043d\u044f\u0435\u043c \u0437\u0430\u043c\u0435\u043d\u0443 \u043c\u0430\u0441\u043b\u0430 \u0438 \u0444\u0438\u043b\u044c\u0442\u0440\u043e\u0432, \u0440\u0430\u0431\u043e\u0442\u044b \u043f\u043e \u0442\u043e\u0440\u043c\u043e\u0437\u0430\u043c, \u043f\u043e\u0434\u0432\u0435\u0441\u043a\u0435 \u0438 \u043c\u043e\u0441\u0442\u0430\u043c, \u043e\u0431\u0441\u043b\u0443\u0436\u0438\u0432\u0430\u043d\u0438\u0435 \u0434\u0432\u0438\u0433\u0430\u0442\u0435\u043b\u044f \u0438 \u043a\u043e\u0440\u043e\u0431\u043a\u0438 \u043f\u0435\u0440\u0435\u0434\u0430\u0447, \u043e\u0431\u0441\u043b\u0443\u0436\u0438\u0432\u0430\u043d\u0438\u0435 \u043a\u043e\u043d\u0434\u0438\u0446\u0438\u043e\u043d\u0435\u0440\u043e\u0432, \u0448\u0438\u043d\u043e\u043c\u043e\u043d\u0442\u0430\u0436 \u0438 \u0434\u0438\u0430\u0433\u043d\u043e\u0441\u0442\u0438\u043a\u0443 VIDA\/DiCE. \u041c\u044b \u0438\u0441\u043f\u043e\u043b\u044c\u0437\u0443\u0435\u043c \u043e\u0440\u0438\u0433\u0438\u043d\u0430\u043b\u044c\u043d\u044b\u0435 \u0438 OEM-\u0437\u0430\u043f\u0447\u0430\u0441\u0442\u0438, \u0434\u0430\u0435\u043c \u0433\u0430\u0440\u0430\u043d\u0442\u0438\u044e \u043d\u0430 \u0440\u0430\u0431\u043e\u0442\u044b \u0438 \u043f\u043e\u0434\u0442\u0432\u0435\u0440\u0436\u0434\u0430\u0435\u043c \u0446\u0435\u043d\u044b \u0434\u043e \u043d\u0430\u0447\u0430\u043b\u0430 \u0440\u0430\u0431\u043e\u0442. \u0411\u044b\u0441\u0442\u0440\u043e\u0435 \u0431\u0440\u043e\u043d\u0438\u0440\u043e\u0432\u0430\u043d\u0438\u0435, \u0447\u0435\u0442\u043a\u043e\u0435 \u043e\u0431\u0449\u0435\u043d\u0438\u0435 \u0438 \u0437\u0430\u043f\u043e\u043b\u043d\u0435\u043d\u0438\u0435 \u0436\u0443\u0440\u043d\u0430\u043b\u0430 \u0442\u0435\u0445\u043d\u0438\u0447\u0435\u0441\u043a\u043e\u0433\u043e \u043e\u0431\u0441\u043b\u0443\u0436\u0438\u0432\u0430\u043d\u0438\u044f - \u0432\u0430\u0448 Volvo \u0431\u0443\u0434\u0435\u0442 \u043d\u0430\u0434\u0435\u0436\u043d\u044b\u043c \u0438 \u0431\u0435\u0437\u043e\u043f\u0430\u0441\u043d\u044b\u043c \u043a\u0430\u0436\u0434\u044b\u0439 \u0434\u0435\u043d\u044c.\n<\/div>\n<\/div><\/div><\/div>\n<\/section>","protected":false},"excerpt":{"rendered":"<p>S\u00f5idukite hooldus ja remont t\u00f6\u00f6d Pakume Volvo s\u00f5iduautode ja linnamaasturite hooldust ning remonti vastavalt tehase n\u00f5uetele. Teeme \u00f5li- ja filtri\u00advahetusi, piduri-, vedrustus- ja sillat\u00f6id, mootori ja k\u00e4igukasti hooldust, kliimas\u00fcsteemi teenindust, rehvit\u00f6id ning VIDA\/DiCE diagnostikat. Kasutame originaal- ja OEM-varuosi, anname t\u00f6\u00f6dele garantii ning kinnitame hinnad enne alustamist. Kiire broneerimine, selge suhtlus ja hooldusraamatu t\u00e4itmine\u2014et sinu Volvo [&hellip;]<\/p>\n","protected":false},"author":6,"featured_media":368927,"parent":0,"menu_order":0,"comment_status":"closed","ping_status":"closed","template":"","meta":{"_breakdance_hide_in_design_set":false,"_breakdance_tags":"","footnotes":""},"class_list":["post-368926","page","type-page","status-publish","has-post-thumbnail","hentry"],"_links":{"self":[{"href":"https:\/\/bilservice.ee\/ru\/wp-json\/wp\/v2\/pages\/368926","targetHints":{"allow":["GET"]}}],"collection":[{"href":"https:\/\/bilservice.ee\/ru\/wp-json\/wp\/v2\/pages"}],"about":[{"href":"https:\/\/bilservice.ee\/ru\/wp-json\/wp\/v2\/types\/page"}],"author":[{"embeddable":true,"href":"https:\/\/bilservice.ee\/ru\/wp-json\/wp\/v2\/users\/6"}],"replies":[{"embeddable":true,"href":"https:\/\/bilservice.ee\/ru\/wp-json\/wp\/v2\/comments?post=368926"}],"version-history":[{"count":2,"href":"https:\/\/bilservice.ee\/ru\/wp-json\/wp\/v2\/pages\/368926\/revisions"}],"predecessor-version":[{"id":368929,"href":"https:\/\/bilservice.ee\/ru\/wp-json\/wp\/v2\/pages\/368926\/revisions\/368929"}],"wp:featuredmedia":[{"embeddable":true,"href":"https:\/\/bilservice.ee\/ru\/wp-json\/wp\/v2\/media\/368927"}],"wp:attachment":[{"href":"https:\/\/bilservice.ee\/ru\/wp-json\/wp\/v2\/media?parent=368926"}],"curies":[{"name":"wp","href":"https:\/\/api.w.org\/{rel}","templated":true}]}}