{"id":3,"date":"2025-02-05T20:15:48","date_gmt":"2025-02-05T20:15:48","guid":{"rendered":"https:\/\/bilservice.ee\/?page_id=3"},"modified":"2025-09-24T10:29:23","modified_gmt":"2025-09-24T07:29:23","slug":"privaatsus-poliitika","status":"publish","type":"page","link":"https:\/\/bilservice.ee\/ru\/privaatsus-poliitika\/","title":{"rendered":"\u041f\u043e\u043b\u0438\u0442\u0438\u043a\u0430 \u043a\u043e\u043d\u0444\u0438\u0434\u0435\u043d\u0446\u0438\u0430\u043b\u044c\u043d\u043e\u0441\u0442\u0438"},"content":{"rendered":"<div class=\"bde-globalblock-3-100 bde-globalblock\"><style>.breakdance .bde-section-1296-100-1296-1{background-image:url(https:\/\/bilservice.ee\/wp-content\/uploads\/2025\/09\/hand-holding-green-padlock-with-laptop-background-cyber-security-concept-scaled.jpg);background-size:cover;background-repeat:no-repeat;background-position:center center}.breakdance .bde-section-1296-100-1296-1>.section-background-overlay{background-color:var(--bde-brand-primary-color);transition:background-color var(--bde-transition-duration) ease-in-out}.breakdance .bde-section-1296-100-1296-1>.section-background-overlay{opacity:0.2}<\/style><section class=\"bde-section-1296-100-1296-1 bde-section bde-section-1296-100\">\n              \n  \n  \n\t\n\n  <div class=\"section-background-overlay\"><\/div>\n\n\n<div class=\"section-container\"><h1 class=\"bde-heading-1296-101-1296-1 bde-heading bde-heading-1296-101\">\n\u041f\u043e\u043b\u0438\u0442\u0438\u043a\u0430 \u043a\u043e\u043d\u0444\u0438\u0434\u0435\u043d\u0446\u0438\u0430\u043b\u044c\u043d\u043e\u0441\u0442\u0438\n<\/h1><div class=\"bde-fancy-divider-1296-102-1296-1 bde-fancy-divider bde-fancy-divider-1296-102\">\n\n\n<div class=\"bde-fancy-divider__wrapper\">\n  <div class=\"bde-fancy-divider__separator\">\n  \t  <\/div>\n<\/div>\n\n<\/div><\/div>\n<\/section><\/div><section class=\"bde-section-3-101 bde-section\">\n  \n  \n\t\n\n\n\n<div class=\"section-container\"><div class=\"bde-rich-text-3-102 bde-rich-text breakdance-rich-text-styles\">\n<p>\u042d\u0442\u0430 \u043f\u043e\u043b\u0438\u0442\u0438\u043a\u0430 \u043a\u043e\u043d\u0444\u0438\u0434\u0435\u043d\u0446\u0438\u0430\u043b\u044c\u043d\u043e\u0441\u0442\u0438 \u043e\u043f\u0438\u0441\u044b\u0432\u0430\u0435\u0442, \u043a\u0430\u043a <strong>Byl Swed Service O\u00dc<\/strong> (\u0440\u0435\u0433\u0438\u0441\u0442\u0440\u0430\u0446\u0438\u043e\u043d\u043d\u044b\u0439 \u043a\u043e\u0434 <strong>14954878<\/strong>(\u0434\u0430\u043b\u0435\u0435 - \"\u041a\u043e\u043c\u043f\u0430\u043d\u0438\u044f\") \u043e\u0431\u0440\u0430\u0431\u0430\u0442\u044b\u0432\u0430\u0435\u0442 \u043f\u0435\u0440\u0441\u043e\u043d\u0430\u043b\u044c\u043d\u044b\u0435 \u0434\u0430\u043d\u043d\u044b\u0435, \u0441\u043e\u0431\u0440\u0430\u043d\u043d\u044b\u0435 \u0438 \u043e\u0431\u0440\u0430\u0431\u043e\u0442\u0430\u043d\u043d\u044b\u0435 \u043d\u0430 \u0412\u0435\u0431-\u0441\u0430\u0439\u0442\u0435. <strong>bilservice.ee<\/strong> \u0447\u0435\u0440\u0435\u0437.<\/p><h5>1. \u043a\u043e\u043d\u0442\u0440\u043e\u043b\u043b\u0435\u0440 \u0434\u0430\u043d\u043d\u044b\u0445<\/h5><ul><li>\u041a\u043e\u043c\u043f\u0430\u043d\u0438\u044f: <strong>Byl Swed Service O\u00dc<\/strong><\/li><li>\u0420\u0435\u0433\u0438\u0441\u0442\u0440\u0430\u0446\u0438\u043e\u043d\u043d\u044b\u0439 \u043a\u043e\u0434: <strong>14954878<\/strong><\/li><li>\u0410\u0434\u0440\u0435\u0441 \u043f\u0440\u0435\u0434\u043f\u0440\u0438\u044f\u0442\u0438\u044f: <strong>J. \u0421\u044e\u0442\u0438\u0441\u0442\u0435 \u0442\u0435\u044d 33-103, \u0422\u0430\u043b\u043b\u0438\u043d\u043d, \u0425\u0430\u0440\u044c\u044e\u043c\u0430\u0430 13414<\/strong><\/li><li>\u042e\u0440\u0438\u0434\u0438\u0447\u0435\u0441\u043a\u0438\u0439 \u0430\u0434\u0440\u0435\u0441: <strong>J. \u0421\u044e\u0442\u0438\u0441\u0442\u0435 \u0442\u0435\u044d 33-103, \u0440\u0430\u0439\u043e\u043d \u041c\u0443\u0441\u0442\u0430\u043c\u044f\u044d, \u0422\u0430\u043b\u043b\u0438\u043d\u043d, \u0425\u0430\u0440\u044c\u044e\u0441\u043a\u0438\u0439 \u0443\u0435\u0437\u0434 13414<\/strong><\/li><li>\u0422\u0435\u043b\u0435\u0444\u043e\u043d: <strong>+372 511 2171<\/strong><\/li><li>E-mail: <strong>bylswedservice@gmail.com<\/strong><\/li><\/ul><h5>2. \u043e\u0431\u0440\u0430\u0431\u0430\u0442\u044b\u0432\u0430\u0435\u043c\u044b\u0435 \u043f\u0435\u0440\u0441\u043e\u043d\u0430\u043b\u044c\u043d\u044b\u0435 \u0434\u0430\u043d\u043d\u044b\u0435<\/h5><p>\u041f\u0440\u0438 \u0438\u0441\u043f\u043e\u043b\u044c\u0437\u043e\u0432\u0430\u043d\u0438\u0438 \u0438\u043d\u0442\u0435\u0440\u043d\u0435\u0442-\u043c\u0430\u0433\u0430\u0437\u0438\u043d\u0430 \u043c\u044b \u043c\u043e\u0436\u0435\u043c \u0441\u043e\u0431\u0438\u0440\u0430\u0442\u044c \u0438 \u043e\u0431\u0440\u0430\u0431\u0430\u0442\u044b\u0432\u0430\u0442\u044c \u0441\u043b\u0435\u0434\u0443\u044e\u0449\u0438\u0435 \u0434\u0430\u043d\u043d\u044b\u0435:<\/p><ul><li>\u0418\u043c\u044f \u0438 \u0444\u0430\u043c\u0438\u043b\u0438\u044f<\/li><li>\u041a\u043e\u043d\u0442\u0430\u043a\u0442\u043d\u044b\u0439 \u0442\u0435\u043b\u0435\u0444\u043e\u043d \u0438 \u0430\u0434\u0440\u0435\u0441 \u044d\u043b\u0435\u043a\u0442\u0440\u043e\u043d\u043d\u043e\u0439 \u043f\u043e\u0447\u0442\u044b<\/li><li>\u0410\u0434\u0440\u0435\u0441 \u0434\u043e\u0441\u0442\u0430\u0432\u043a\u0438 \u0438 \u0430\u0434\u0440\u0435\u0441 \u0434\u043b\u044f \u0432\u044b\u0441\u0442\u0430\u0432\u043b\u0435\u043d\u0438\u044f \u0441\u0447\u0435\u0442\u043e\u0432<\/li><li>\u041f\u043b\u0430\u0442\u0435\u0436\u043d\u044b\u0435 \u0440\u0435\u043a\u0432\u0438\u0437\u0438\u0442\u044b (\u0447\u0435\u0440\u0435\u0437 \u043f\u043e\u0441\u0440\u0435\u0434\u043d\u0438\u043a\u0430, \u043d\u0430\u043f\u0440\u0438\u043c\u0435\u0440, \u0431\u0430\u043d\u043a\u043e\u0432\u0441\u043a\u0430\u044f \u0441\u0441\u044b\u043b\u043a\u0430, \u043e\u043f\u043b\u0430\u0442\u0430 \u043a\u0430\u0440\u0442\u043e\u0439 \u0438 \u0442.\u0434.)<\/li><li>\u0418\u0441\u0442\u043e\u0440\u0438\u044f \u0437\u0430\u043a\u0430\u0437\u043e\u0432 \u0438 \u043a\u043e\u043d\u0442\u0430\u043a\u0442\u043d\u0430\u044f \u0438\u043d\u0444\u043e\u0440\u043c\u0430\u0446\u0438\u044f \u043a\u043b\u0438\u0435\u043d\u0442\u043e\u0432<\/li><li>\u0422\u0435\u0445\u043d\u0438\u0447\u0435\u0441\u043a\u0438\u0435 \u0434\u0430\u043d\u043d\u044b\u0435, \u0441\u043e\u0431\u0440\u0430\u043d\u043d\u044b\u0435 \u0441 \u043f\u043e\u043c\u043e\u0449\u044c\u044e \u0444\u0430\u0439\u043b\u043e\u0432 cookie \u0438 \u0430\u043d\u0430\u043b\u0438\u0442\u0438\u043a\u0438 (IP-\u0430\u0434\u0440\u0435\u0441, \u0434\u0430\u043d\u043d\u044b\u0435 \u0443\u0441\u0442\u0440\u043e\u0439\u0441\u0442\u0432\u0430 \u0438 \u0431\u0440\u0430\u0443\u0437\u0435\u0440\u0430 \u0438 \u0442. \u0434.).<\/li><\/ul><h5>3. \u0426\u0435\u043b\u0438 \u043e\u0431\u0440\u0430\u0431\u043e\u0442\u043a\u0438<\/h5><p>\u041b\u0438\u0447\u043d\u044b\u0435 \u0434\u0430\u043d\u043d\u044b\u0435 \u0438\u0441\u043f\u043e\u043b\u044c\u0437\u0443\u044e\u0442\u0441\u044f \u0434\u043b\u044f \u0441\u043b\u0435\u0434\u0443\u044e\u0449\u0438\u0445 \u0446\u0435\u043b\u0435\u0439:<\/p><ul><li>\u041f\u0440\u0438\u0435\u043c, \u043e\u0431\u0440\u0430\u0431\u043e\u0442\u043a\u0430 \u0438 \u0434\u043e\u0441\u0442\u0430\u0432\u043a\u0430 \u0437\u0430\u043a\u0430\u0437\u043e\u0432 \u0438\u043d\u0442\u0435\u0440\u043d\u0435\u0442-\u043c\u0430\u0433\u0430\u0437\u0438\u043d\u0430.<\/li><li>\u041e\u0431\u0435\u0441\u043f\u0435\u0447\u0435\u043d\u0438\u0435 \u0432\u0437\u0430\u0438\u043c\u043e\u0434\u0435\u0439\u0441\u0442\u0432\u0438\u044f \u0441 \u043a\u043b\u0438\u0435\u043d\u0442\u0430\u043c\u0438 \u0438 \u043f\u0440\u0435\u0434\u043e\u0441\u0442\u0430\u0432\u043b\u0435\u043d\u0438\u0435 \u0443\u0441\u043b\u0443\u0433 \u043f\u043e\u0434\u0434\u0435\u0440\u0436\u043a\u0438<\/li><li>\u0412\u044b\u043f\u043e\u043b\u043d\u0435\u043d\u0438\u0435 \u0431\u0443\u0445\u0433\u0430\u043b\u0442\u0435\u0440\u0441\u043a\u0438\u0445 \u043e\u0431\u044f\u0437\u0430\u0442\u0435\u043b\u044c\u0441\u0442\u0432<\/li><li>\u0421\u043e\u0441\u0442\u0430\u0432\u043b\u0435\u043d\u0438\u0435, \u043e\u043f\u0440\u043e\u0442\u0435\u0441\u0442\u043e\u0432\u0430\u043d\u0438\u0435 \u0438\u043b\u0438 \u0437\u0430\u0449\u0438\u0442\u0430 \u0441\u0443\u0434\u0435\u0431\u043d\u044b\u0445 \u0438\u0441\u043a\u043e\u0432<\/li><li>\u041c\u0430\u0440\u043a\u0435\u0442\u0438\u043d\u0433 \u0438 \u0434\u0435\u044f\u0442\u0435\u043b\u044c\u043d\u043e\u0441\u0442\u044c \u043f\u043e \u0443\u043b\u0443\u0447\u0448\u0435\u043d\u0438\u044e \u043a\u0430\u0447\u0435\u0441\u0442\u0432\u0430 \u043e\u0431\u0441\u043b\u0443\u0436\u0438\u0432\u0430\u043d\u0438\u044f (\u0442\u043e\u043b\u044c\u043a\u043e \u0441 \u0441\u043e\u0433\u043b\u0430\u0441\u0438\u044f)<\/li><\/ul><h5>4. \u041f\u0440\u0430\u0432\u043e\u0432\u0430\u044f \u043e\u0441\u043d\u043e\u0432\u0430<\/h5><p>\u041e\u0431\u0440\u0430\u0431\u043e\u0442\u043a\u0430 \u043f\u0435\u0440\u0441\u043e\u043d\u0430\u043b\u044c\u043d\u044b\u0445 \u0434\u0430\u043d\u043d\u044b\u0445 \u043e\u0441\u0443\u0449\u0435\u0441\u0442\u0432\u043b\u044f\u0435\u0442\u0441\u044f \u043d\u0430 \u043e\u0441\u043d\u043e\u0432\u0430\u043d\u0438\u0438:<\/p><ul><li>\u0417\u0430\u043a\u043b\u044e\u0447\u0435\u043d\u0438\u0435 \u0434\u043e\u0433\u043e\u0432\u043e\u0440\u0430 \u0441 \u043a\u043b\u0438\u0435\u043d\u0442\u043e\u043c<\/li><li>\u042e\u0440\u0438\u0434\u0438\u0447\u0435\u0441\u043a\u0438\u0435 \u043e\u0431\u044f\u0437\u0430\u0442\u0435\u043b\u044c\u0441\u0442\u0432\u0430 (\u043d\u0430\u043f\u0440\u0438\u043c\u0435\u0440, \u0431\u0443\u0445\u0433\u0430\u043b\u0442\u0435\u0440\u0441\u043a\u0438\u0439 \u0443\u0447\u0435\u0442)<\/li><li>\u0417\u0430\u043a\u043e\u043d\u043d\u044b\u0439 \u0434\u0435\u043b\u043e\u0432\u043e\u0439 \u0438\u043d\u0442\u0435\u0440\u0435\u0441 (\u043d\u0430\u043f\u0440\u0438\u043c\u0435\u0440, \u043e\u0431\u0435\u0441\u043f\u0435\u0447\u0435\u043d\u0438\u0435 \u0431\u0435\u0437\u043e\u043f\u0430\u0441\u043d\u043e\u0441\u0442\u0438 \u0441\u0430\u0439\u0442\u0430)<\/li><li>\u0421\u043e\u0433\u043b\u0430\u0441\u0438\u0435, \u0434\u0430\u043d\u043d\u043e\u0435 \u043a\u043b\u0438\u0435\u043d\u0442\u043e\u043c (\u043d\u0430\u043f\u0440\u0438\u043c\u0435\u0440, \u043f\u0440\u0438 \u043f\u0440\u0438\u0441\u043e\u0435\u0434\u0438\u043d\u0435\u043d\u0438\u0438 \u043a \u043c\u0430\u0440\u043a\u0435\u0442\u0438\u043d\u0433\u043e\u0432\u043e\u043c\u0443 \u0441\u043f\u0438\u0441\u043a\u0443).<\/li><\/ul><h5>5. \u043f\u0435\u0440\u0435\u0434\u0430\u0447\u0430 \u0438 \u043e\u0431\u0440\u0430\u0431\u043e\u0442\u043a\u0430 \u0434\u0430\u043d\u043d\u044b\u0445<\/h5><ul><li>\u0414\u0430\u043d\u043d\u044b\u0435 \u043c\u043e\u0433\u0443\u0442 \u043f\u0435\u0440\u0435\u0434\u0430\u0432\u0430\u0442\u044c\u0441\u044f \u043f\u0430\u0440\u0442\u043d\u0435\u0440\u0430\u043c \u043f\u043e \u0434\u043e\u0441\u0442\u0430\u0432\u043a\u0435 \u0438 \u043f\u043e\u0441\u0442\u0430\u0432\u0449\u0438\u043a\u0430\u043c \u043f\u043b\u0430\u0442\u0435\u0436\u043d\u044b\u0445 \u0443\u0441\u043b\u0443\u0433 \u0434\u043b\u044f \u0432\u044b\u043f\u043e\u043b\u043d\u0435\u043d\u0438\u044f \u0437\u0430\u043a\u0430\u0437\u043e\u0432.<\/li><li>\u041f\u043e\u0441\u0442\u0430\u0432\u0449\u0438\u043a\u0438 \u0443\u0441\u043b\u0443\u0433 \u0442\u0435\u0445\u043d\u0438\u0447\u0435\u0441\u043a\u043e\u0439 \u043f\u043e\u0434\u0434\u0435\u0440\u0436\u043a\u0438 \u0438 \u0440\u0430\u0437\u043c\u0435\u0449\u0435\u043d\u0438\u044f \u043c\u043e\u0433\u0443\u0442 \u0438\u043c\u0435\u0442\u044c \u0434\u043e\u0441\u0442\u0443\u043f \u043a \u0434\u0430\u043d\u043d\u044b\u043c \u0432 \u043e\u0431\u044a\u0435\u043c\u0435, \u043d\u0435\u043e\u0431\u0445\u043e\u0434\u0438\u043c\u043e\u043c \u0434\u043b\u044f \u043f\u0440\u0435\u0434\u043e\u0441\u0442\u0430\u0432\u043b\u0435\u043d\u0438\u044f \u0443\u0441\u043b\u0443\u0433.<\/li><li>\u041b\u0438\u0447\u043d\u044b\u0435 \u0434\u0430\u043d\u043d\u044b\u0435 \u043d\u0435 \u0431\u0443\u0434\u0443\u0442 \u043f\u0435\u0440\u0435\u0434\u0430\u0432\u0430\u0442\u044c\u0441\u044f \u0442\u0440\u0435\u0442\u044c\u0438\u043c \u043b\u0438\u0446\u0430\u043c \u0432 \u043c\u0430\u0440\u043a\u0435\u0442\u0438\u043d\u0433\u043e\u0432\u044b\u0445 \u0446\u0435\u043b\u044f\u0445 \u0431\u0435\u0437 \u0441\u043e\u0433\u043b\u0430\u0441\u0438\u044f \u043a\u043b\u0438\u0435\u043d\u0442\u0430.<\/li><\/ul><h5>6. \u0441\u0440\u043e\u043a \u0445\u0440\u0430\u043d\u0435\u043d\u0438\u044f<\/h5><ul><li>\u041f\u043e \u0437\u0430\u043a\u043e\u043d\u0443 \u0431\u0443\u0445\u0433\u0430\u043b\u0442\u0435\u0440\u0441\u043a\u0438\u0435 \u0434\u043e\u043a\u0443\u043c\u0435\u043d\u0442\u044b \u0445\u0440\u0430\u043d\u044f\u0442\u0441\u044f \u0432 \u0442\u0435\u0447\u0435\u043d\u0438\u0435 7 \u043b\u0435\u0442.<\/li><li>\u0414\u0430\u043d\u043d\u044b\u0435 \u043e \u0441\u0432\u044f\u0437\u0438 \u0441 \u043a\u043b\u0438\u0435\u043d\u0442\u0430\u043c\u0438 \u0438 \u0437\u0430\u043a\u0430\u0437\u0430\u0445 \u0431\u0443\u0434\u0443\u0442 \u0445\u0440\u0430\u043d\u0438\u0442\u044c\u0441\u044f \u0441\u0442\u043e\u043b\u044c\u043a\u043e, \u0441\u043a\u043e\u043b\u044c\u043a\u043e \u043d\u0435\u043e\u0431\u0445\u043e\u0434\u0438\u043c\u043e \u0434\u043b\u044f \u0432\u044b\u043f\u043e\u043b\u043d\u0435\u043d\u0438\u044f \u0434\u043e\u0433\u043e\u0432\u043e\u0440\u0430 \u0438\u043b\u0438 \u0441\u043e\u0431\u043b\u044e\u0434\u0435\u043d\u0438\u044f \u044e\u0440\u0438\u0434\u0438\u0447\u0435\u0441\u043a\u0438\u0445 \u043e\u0431\u044f\u0437\u0430\u0442\u0435\u043b\u044c\u0441\u0442\u0432.<\/li><li>\u0414\u0430\u043d\u043d\u044b\u0435, \u0441\u043e\u0431\u0440\u0430\u043d\u043d\u044b\u0435 \u0432 \u0441\u043e\u043e\u0442\u0432\u0435\u0442\u0441\u0442\u0432\u0438\u0438 \u0441 \u043c\u0430\u0440\u043a\u0435\u0442\u0438\u043d\u0433\u043e\u0432\u044b\u043c \u0441\u043e\u0433\u043b\u0430\u0441\u0438\u0435\u043c, \u0431\u0443\u0434\u0443\u0442 \u0445\u0440\u0430\u043d\u0438\u0442\u044c\u0441\u044f \u0434\u043e \u0442\u0435\u0445 \u043f\u043e\u0440, \u043f\u043e\u043a\u0430 \u0441\u043e\u0433\u043b\u0430\u0441\u0438\u0435 \u043d\u0435 \u0431\u0443\u0434\u0435\u0442 \u043e\u0442\u043e\u0437\u0432\u0430\u043d\u043e.<\/li><\/ul><h5>7. \u041f\u0440\u0430\u0432\u0430 \u043a\u043b\u0438\u0435\u043d\u0442\u0430<\/h5><p>\u0412\u044b \u043f\u0440\u0430\u0432\u044b:<\/p><ul><li>\u043f\u043e\u043b\u0443\u0447\u0430\u0442\u044c \u0438\u043d\u0444\u043e\u0440\u043c\u0430\u0446\u0438\u044e \u043e\u0431 \u043e\u0431\u0440\u0430\u0431\u043e\u0442\u043a\u0435 \u0432\u0430\u0448\u0438\u0445 \u043f\u0435\u0440\u0441\u043e\u043d\u0430\u043b\u044c\u043d\u044b\u0445 \u0434\u0430\u043d\u043d\u044b\u0445<\/li><li>\u0437\u0430\u043f\u0440\u0430\u0448\u0438\u0432\u0430\u0442\u044c \u0438\u0441\u043f\u0440\u0430\u0432\u043b\u0435\u043d\u0438\u0435 \u0438\u043b\u0438 \u0443\u0434\u0430\u043b\u0435\u043d\u0438\u0435 \u0432\u0430\u0448\u0438\u0445 \u0434\u0430\u043d\u043d\u044b\u0445<\/li><li>\u043e\u0433\u0440\u0430\u043d\u0438\u0447\u0438\u0442\u044c \u043e\u0431\u0440\u0430\u0431\u043e\u0442\u043a\u0443 \u0438\u043b\u0438 \u0432\u043e\u0437\u0440\u0430\u0437\u0438\u0442\u044c \u043f\u0440\u043e\u0442\u0438\u0432 \u043e\u0431\u0440\u0430\u0431\u043e\u0442\u043a\u0438.<\/li><li>\u043e\u0442\u043e\u0437\u0432\u0430\u0442\u044c \u0441\u043e\u0433\u043b\u0430\u0441\u0438\u0435 (\u043d\u0430\u043f\u0440\u0438\u043c\u0435\u0440, \u043f\u043e\u043a\u0438\u043d\u0443\u0442\u044c \u043c\u0430\u0440\u043a\u0435\u0442\u0438\u043d\u0433\u043e\u0432\u044b\u0439 \u0441\u043f\u0438\u0441\u043e\u043a).<\/li><li>\u0441\u0432\u044f\u0437\u0430\u0442\u044c\u0441\u044f \u0441 \u043a\u043e\u043d\u0442\u0440\u043e\u043b\u0438\u0440\u0443\u044e\u0449\u0438\u043c \u043e\u0440\u0433\u0430\u043d\u043e\u043c (\u0418\u043d\u0441\u043f\u0435\u043a\u0446\u0438\u044f \u043f\u043e \u0437\u0430\u0449\u0438\u0442\u0435 \u0434\u0430\u043d\u043d\u044b\u0445).<\/li><\/ul><h5>8. \u0424\u0430\u0439\u043b\u044b cookie \u0438 \u0430\u043d\u0430\u043b\u0438\u0442\u0438\u043a\u0430<\/h5><p>\u0421\u0430\u0439\u0442 \u0438\u0441\u043f\u043e\u043b\u044c\u0437\u0443\u0435\u0442 \u0444\u0430\u0439\u043b\u044b cookie \u0434\u043b\u044f \u0443\u043b\u0443\u0447\u0448\u0435\u043d\u0438\u044f \u043a\u0430\u0447\u0435\u0441\u0442\u0432\u0430 \u043e\u0431\u0441\u043b\u0443\u0436\u0438\u0432\u0430\u043d\u0438\u044f \u043f\u043e\u043b\u044c\u0437\u043e\u0432\u0430\u0442\u0435\u043b\u0435\u0439 \u0438 \u0430\u043d\u0430\u043b\u0438\u0437\u0430 \u0442\u0440\u0430\u0444\u0438\u043a\u0430.<br \/>\u0412\u044b \u043c\u043e\u0436\u0435\u0442\u0435 \u043e\u0442\u043a\u043b\u044e\u0447\u0438\u0442\u044c \u0438\u0441\u043f\u043e\u043b\u044c\u0437\u043e\u0432\u0430\u043d\u0438\u0435 \u0444\u0430\u0439\u043b\u043e\u0432 cookie \u0432 \u0441\u0432\u043e\u0435\u043c \u0431\u0440\u0430\u0443\u0437\u0435\u0440\u0435, \u043d\u043e \u044d\u0442\u043e \u043c\u043e\u0436\u0435\u0442 \u043f\u043e\u0432\u043b\u0438\u044f\u0442\u044c \u043d\u0430 \u0440\u0430\u0431\u043e\u0442\u0443 \u0438\u043d\u0442\u0435\u0440\u043d\u0435\u0442-\u043c\u0430\u0433\u0430\u0437\u0438\u043d\u0430.<\/p><h5>9. \u0438\u0437\u043c\u0435\u043d\u0435\u043d\u0438\u044f \u0432 \u041f\u043e\u043b\u0438\u0442\u0438\u043a\u0435 \u043a\u043e\u043d\u0444\u0438\u0434\u0435\u043d\u0446\u0438\u0430\u043b\u044c\u043d\u043e\u0441\u0442\u0438<\/h5><p>\u041a\u043e\u043c\u043f\u0430\u043d\u0438\u044f \u043e\u0441\u0442\u0430\u0432\u043b\u044f\u0435\u0442 \u0437\u0430 \u0441\u043e\u0431\u043e\u0439 \u043f\u0440\u0430\u0432\u043e \u0432\u043d\u043e\u0441\u0438\u0442\u044c \u0438\u0437\u043c\u0435\u043d\u0435\u043d\u0438\u044f \u0438 \u0434\u043e\u043f\u043e\u043b\u043d\u0435\u043d\u0438\u044f \u0432 \u043d\u0430\u0441\u0442\u043e\u044f\u0449\u0443\u044e \u041f\u043e\u043b\u0438\u0442\u0438\u043a\u0443 \u043a\u043e\u043d\u0444\u0438\u0434\u0435\u043d\u0446\u0438\u0430\u043b\u044c\u043d\u043e\u0441\u0442\u0438. \u041e\u0431\u043d\u043e\u0432\u043b\u0435\u043d\u043d\u0430\u044f \u0432\u0435\u0440\u0441\u0438\u044f \u0431\u0443\u0434\u0435\u0442 \u043e\u043f\u0443\u0431\u043b\u0438\u043a\u043e\u0432\u0430\u043d\u0430 \u043d\u0430 \u0441\u0430\u0439\u0442\u0435 bilservice.ee.<\/p>\n<\/div><\/div>\n<\/section>","protected":false},"excerpt":{"rendered":"<p>Privaatsus poliitika See privaatsuspoliitika kirjeldab, kuidas Byl Swed Service O\u00dc (registrikood 14954878, edaspidi Ettev\u00f5te) t\u00f6\u00f6tleb isikuandmeid, mida kogutakse ja t\u00f6\u00f6deldakse veebilehe bilservice.ee kaudu.1. Vastutav t\u00f6\u00f6tlejaEttev\u00f5te: Byl Swed Service O\u00dcRegistrikood: 14954878Tegevusaadress: J. S\u00fctiste tee 33-103, Tallinn, Harjumaa 13414Juriidiline aadress: J. S\u00fctiste tee 33-103, Mustam\u00e4e linnaosa, Tallinn, Harju maakond 13414Telefon: +372 511 2171E-post: bylswedservice@gmail.com2. T\u00f6\u00f6deldavad isikuandmedE-poe kasutamisel [&hellip;]<\/p>\n","protected":false},"author":2,"featured_media":368996,"parent":0,"menu_order":0,"comment_status":"closed","ping_status":"closed","template":"","meta":{"_breakdance_hide_in_design_set":false,"_breakdance_tags":"","footnotes":""},"class_list":["post-3","page","type-page","status-publish","has-post-thumbnail","hentry"],"_links":{"self":[{"href":"https:\/\/bilservice.ee\/ru\/wp-json\/wp\/v2\/pages\/3","targetHints":{"allow":["GET"]}}],"collection":[{"href":"https:\/\/bilservice.ee\/ru\/wp-json\/wp\/v2\/pages"}],"about":[{"href":"https:\/\/bilservice.ee\/ru\/wp-json\/wp\/v2\/types\/page"}],"author":[{"embeddable":true,"href":"https:\/\/bilservice.ee\/ru\/wp-json\/wp\/v2\/users\/2"}],"replies":[{"embeddable":true,"href":"https:\/\/bilservice.ee\/ru\/wp-json\/wp\/v2\/comments?post=3"}],"version-history":[{"count":5,"href":"https:\/\/bilservice.ee\/ru\/wp-json\/wp\/v2\/pages\/3\/revisions"}],"predecessor-version":[{"id":368998,"href":"https:\/\/bilservice.ee\/ru\/wp-json\/wp\/v2\/pages\/3\/revisions\/368998"}],"wp:featuredmedia":[{"embeddable":true,"href":"https:\/\/bilservice.ee\/ru\/wp-json\/wp\/v2\/media\/368996"}],"wp:attachment":[{"href":"https:\/\/bilservice.ee\/ru\/wp-json\/wp\/v2\/media?parent=3"}],"curies":[{"name":"wp","href":"https:\/\/api.w.org\/{rel}","templated":true}]}}