{"id":103,"date":"2025-02-25T15:31:11","date_gmt":"2025-02-25T13:31:11","guid":{"rendered":"https:\/\/bilservice.ee\/about-us\/"},"modified":"2025-09-25T12:12:13","modified_gmt":"2025-09-25T09:12:13","slug":"meist","status":"publish","type":"page","link":"https:\/\/bilservice.ee\/ru\/meist\/","title":{"rendered":"\u041e \u043d\u0430\u0441"},"content":{"rendered":"<div class=\"bde-globalblock-103-166 bde-globalblock\"><style>.breakdance .bde-section-1296-100-1296-1{background-image:url(https:\/\/bilservice.ee\/wp-content\/uploads\/2025\/04\/brakes-check_autogear.jpg);background-size:cover;background-repeat:no-repeat;background-position:center center}.breakdance .bde-section-1296-100-1296-1>.section-background-overlay{background-color:var(--bde-brand-primary-color);transition:background-color var(--bde-transition-duration) ease-in-out}.breakdance .bde-section-1296-100-1296-1>.section-background-overlay{opacity:0.2}<\/style><section class=\"bde-section-1296-100-1296-1 bde-section bde-section-1296-100\">\n              \n  \n  \n\t\n\n  <div class=\"section-background-overlay\"><\/div>\n\n\n<div class=\"section-container\"><h1 class=\"bde-heading-1296-101-1296-1 bde-heading bde-heading-1296-101\">\n\u041e \u043d\u0430\u0441\n<\/h1><div class=\"bde-fancy-divider-1296-102-1296-1 bde-fancy-divider bde-fancy-divider-1296-102\">\n\n\n<div class=\"bde-fancy-divider__wrapper\">\n  <div class=\"bde-fancy-divider__separator\">\n  \t  <\/div>\n<\/div>\n\n<\/div><\/div>\n<\/section><\/div><section class=\"bde-section-103-103 bde-section\">\n  \n  \n\t\n\n\n\n<div class=\"section-container\"><div class=\"bde-columns-103-104 bde-columns\"><div class=\"bde-column-103-105 bde-column\">\n  \n  \n\t\n\n\n\n<h2 class=\"bde-heading-103-108 bde-heading\">\n\u041f\u0440\u043e\u0444\u0435\u0441\u0441\u0438\u043e\u043d\u0430\u043b\u044b Volvo, \u043a\u043e\u0442\u043e\u0440\u044b\u043c \u043c\u043e\u0436\u043d\u043e \u0434\u043e\u0432\u0435\u0440\u044f\u0442\u044c\n<\/h2><div class=\"bde-text-103-109 bde-text\">\n\u0410\u0432\u0442\u043e\u043c\u043e\u0431\u0438\u043b\u0438 Volvos - \u043d\u0430\u0448\u0430 \u0441\u0442\u0440\u0430\u0441\u0442\u044c, \u0438 \u043f\u043e\u044d\u0442\u043e\u043c\u0443 \u043c\u044b \u0443\u0434\u0435\u043b\u044f\u0435\u043c \u043e\u0441\u043e\u0431\u043e\u0435 \u0432\u043d\u0438\u043c\u0430\u043d\u0438\u0435 \u043a\u0430\u0436\u0434\u043e\u043c\u0443 \u0430\u0432\u0442\u043e\u043c\u043e\u0431\u0438\u043b\u044e. \u0411\u0443\u0434\u044c \u0442\u043e \u043f\u043b\u0430\u043d\u043e\u0432\u043e\u0435 \u043e\u0431\u0441\u043b\u0443\u0436\u0438\u0432\u0430\u043d\u0438\u0435, \u0431\u043e\u043b\u0435\u0435 \u0441\u043b\u043e\u0436\u043d\u044b\u0439 \u0440\u0435\u043c\u043e\u043d\u0442 \u0438\u043b\u0438 \u0434\u0438\u0430\u0433\u043d\u043e\u0441\u0442\u0438\u043a\u0430, \u043c\u044b \u0441\u0442\u0440\u0435\u043c\u0438\u043c\u0441\u044f \u043e\u0431\u0435\u0441\u043f\u0435\u0447\u0438\u0442\u044c \u0431\u044b\u0441\u0442\u0440\u043e\u0435, \u0442\u043e\u0447\u043d\u043e\u0435 \u0438 \u043d\u0430\u0434\u0435\u0436\u043d\u043e\u0435 \u043e\u0431\u0441\u043b\u0443\u0436\u0438\u0432\u0430\u043d\u0438\u0435. \u041c\u044b \u0432\u0435\u0440\u0438\u043c, \u0447\u0442\u043e \u043f\u0440\u043e\u0444\u0435\u0441\u0441\u0438\u043e\u043d\u0430\u043b\u044c\u043d\u0430\u044f \u0440\u0430\u0431\u043e\u0442\u0430 \u0438 \u0447\u0435\u0441\u0442\u043d\u043e\u0435 \u043e\u0431\u0449\u0435\u043d\u0438\u0435 \u0441\u043e\u0437\u0434\u0430\u044e\u0442 \u043d\u0430\u0438\u043b\u0443\u0447\u0448\u0435\u0435 \u0432\u043f\u0435\u0447\u0430\u0442\u043b\u0435\u043d\u0438\u0435 \u043e \u043a\u043b\u0438\u0435\u043d\u0442\u0435.\n<\/div><div class=\"bde-div-103-110 bde-div\">\n  \n  \n\t\n\n\n\n<div class=\"bde-icon-box-103-111 bde-icon-box\">\n\n    \n            <div class=\"ee-iconbox-icon breakdance-icon-atom\" >\n    \n                    <svg xmlns=\"http:\/\/www.w3.org\/2000\/svg\" width=\"29\" height=\"30\" viewbox=\"0 0 29 30\" fill=\"none\">\n<path d=\"M28.6171 18.8132L26.3776 16.9381C26.4836 16.3019 26.5383 15.6523 26.5383 15.0027C26.5383 14.3531 26.4836 13.7035 26.3776 13.0673L28.6171 11.1922C28.786 11.0506 28.9069 10.8619 28.9637 10.6514C29.0205 10.4409 29.0105 10.2184 28.935 10.0135L28.9043 9.92647C28.2877 8.23894 27.3646 6.67458 26.1793 5.30896L26.1178 5.23864C25.974 5.07307 25.7824 4.95405 25.5681 4.89726C25.3539 4.84048 25.1271 4.84859 24.9177 4.92054L22.1381 5.88824C21.1124 5.06453 19.967 4.41493 18.7293 3.95954L18.1925 1.11336C18.152 0.899199 18.0459 0.702177 17.8884 0.548468C17.7308 0.394759 17.5292 0.291639 17.3104 0.252808L17.2181 0.236065C15.4368 -0.0786885 13.5632 -0.0786885 11.7819 0.236065L11.6896 0.252808C11.4708 0.291639 11.2692 0.394759 11.1116 0.548468C10.954 0.702177 10.848 0.899199 10.8075 1.11336L10.2673 3.97293C9.03947 4.42842 7.89608 5.07767 6.88246 5.89494L4.0823 4.92054C3.87294 4.84802 3.646 4.83961 3.43164 4.89643C3.21729 4.95325 3.02566 5.07261 2.88223 5.23864L2.82068 5.30896C1.63684 6.67554 0.713813 8.23965 0.095739 9.92647L0.0649679 10.0135C-0.0888872 10.4321 0.037616 10.9009 0.382935 11.1922L2.64973 13.0874C2.54375 13.7169 2.49246 14.3598 2.49246 14.9994C2.49246 15.6423 2.54375 16.2852 2.64973 16.9113L0.382935 18.8066C0.214022 18.9482 0.0931284 19.1368 0.0363303 19.3473C-0.0204677 19.5579 -0.0104793 19.7804 0.0649679 19.9852L0.095739 20.0723C0.714579 21.7599 1.63087 23.3169 2.82068 24.6898L2.88223 24.7601C3.02601 24.9257 3.21764 25.0447 3.43187 25.1015C3.6461 25.1583 3.87287 25.1501 4.0823 25.0782L6.88246 24.1038C7.90132 24.9242 9.03985 25.5738 10.2673 26.0258L10.8075 28.8854C10.848 29.0995 10.954 29.2966 11.1116 29.4503C11.2692 29.604 11.4708 29.7071 11.6896 29.7459L11.7819 29.7627C13.5796 30.0791 15.4204 30.0791 17.2181 29.7627L17.3104 29.7459C17.5292 29.7071 17.7308 29.604 17.8884 29.4503C18.0459 29.2966 18.152 29.0995 18.1925 28.8854L18.7293 26.0392C19.9665 25.585 21.1183 24.9333 22.1381 24.1105L24.9177 25.0782C25.1271 25.1507 25.354 25.1591 25.5684 25.1023C25.7827 25.0455 25.9743 24.9261 26.1178 24.7601L26.1793 24.6898C27.3691 23.3136 28.2854 21.7599 28.9043 20.0723L28.935 19.9852C29.0889 19.5733 28.9624 19.1046 28.6171 18.8132ZM23.9501 13.4624C24.0356 13.968 24.08 14.4871 24.08 15.0061C24.08 15.5251 24.0356 16.0441 23.9501 16.5497L23.7245 17.8924L26.2785 20.0321C25.8913 20.9057 25.4026 21.7326 24.822 22.4965L21.6491 21.3949L20.5756 22.2588C19.7584 22.9151 18.849 23.4308 17.8643 23.7924L16.5617 24.2712L15.9497 27.5192C14.984 27.6264 14.0091 27.6264 13.0435 27.5192L12.4315 24.2645L11.1391 23.779C10.1647 23.4174 9.25867 22.9017 8.44836 22.2488L7.3748 21.3815L4.18145 22.4932C3.60022 21.7264 3.11472 20.8993 2.72495 20.0287L5.3063 17.869L5.08406 16.5296C5.00201 16.0307 4.95756 15.515 4.95756 15.0061C4.95756 14.4938 4.99859 13.9814 5.08406 13.4825L5.3063 12.1431L2.72495 9.98339C3.1113 9.10945 3.60022 8.28573 4.18145 7.51894L7.3748 8.63062L8.44836 7.76337C9.25867 7.11043 10.1647 6.59477 11.1391 6.23313L12.4349 5.75431L13.0469 2.49962C14.0077 2.39247 14.9889 2.39247 15.9531 2.49962L16.5651 5.74761L17.8677 6.22644C18.849 6.58807 19.7618 7.10373 20.579 7.76003L21.6526 8.62392L24.8254 7.52228C25.4066 8.28908 25.8921 9.11615 26.2819 9.98674L23.7279 12.1264L23.9501 13.4624ZM14.5034 8.77795C11.1801 8.77795 8.48597 11.4165 8.48597 14.6712C8.48597 17.9259 11.1801 20.5645 14.5034 20.5645C17.8267 20.5645 20.5209 17.9259 20.5209 14.6712C20.5209 11.4165 17.8267 8.77795 14.5034 8.77795ZM17.2113 17.3232C16.8561 17.672 16.434 17.9486 15.9693 18.1371C15.5046 18.3256 15.0064 18.4222 14.5034 18.4215C13.4811 18.4215 12.5204 18.0297 11.7956 17.3232C11.4394 16.9754 11.1569 16.562 10.9645 16.1069C10.772 15.6517 10.6734 15.1638 10.6741 14.6712C10.6741 13.67 11.0742 12.7291 11.7956 12.0192C12.5204 11.3094 13.4811 10.921 14.5034 10.921C15.5257 10.921 16.4864 11.3094 17.2113 12.0192C17.5674 12.3671 17.8499 12.7804 18.0424 13.2356C18.2348 13.6907 18.3335 14.1786 18.3327 14.6712C18.3327 15.6724 17.9327 16.6133 17.2113 17.3232Z\" fill=\"white\"\/>\n<\/svg>\n        \n        \n        \n            <\/div>\n    \n\n<div class=\"ee-iconbox-content\">\n      <h5 class=\"ee-iconbox-title bde-h3\" >\u041c\u044b \u044d\u043a\u0441\u043f\u0435\u0440\u0442\u044b<\/h5>\n        <div class=\"ee-iconbox-text\" >\u0422\u0435\u0445\u043d\u0438\u0447\u0435\u0441\u043a\u043e\u0435 \u043e\u0431\u0441\u043b\u0443\u0436\u0438\u0432\u0430\u043d\u0438\u0435 \u0438 \u0440\u0435\u043c\u043e\u043d\u0442 Volvo - \u043d\u0430\u0448\u0430 \u0441\u0442\u0440\u0430\u0441\u0442\u044c \u0438 \u043d\u0430\u0448\u0430 \u0441\u043f\u0435\u0446\u0438\u0430\u043b\u0438\u0437\u0430\u0446\u0438\u044f.<\/div>\n    <\/div>\n\n<\/div><div class=\"bde-icon-box-103-112 bde-icon-box\">\n\n    \n            <div class=\"ee-iconbox-icon breakdance-icon-atom\" >\n    \n                    <svg xmlns=\"http:\/\/www.w3.org\/2000\/svg\" width=\"35\" height=\"24\" viewbox=\"0 0 35 24\" fill=\"none\">\n<path d=\"M10.5 12C13.8852 12 16.625 9.31607 16.625 6C16.625 2.68393 13.8852 0 10.5 0C7.11484 0 4.375 2.68393 4.375 6C4.375 9.31607 7.11484 12 10.5 12ZM14.7 13.7143H14.2461C13.1086 14.25 11.8453 14.5714 10.5 14.5714C9.15469 14.5714 7.89687 14.25 6.75391 13.7143H6.3C2.82187 13.7143 0 16.4786 0 19.8857V21.4286C0 22.8482 1.17578 24 2.625 24H18.375C19.8242 24 21 22.8482 21 21.4286V19.8857C21 16.4786 18.1781 13.7143 14.7 13.7143ZM26.25 12C29.1484 12 31.5 9.69643 31.5 6.85714C31.5 4.01786 29.1484 1.71429 26.25 1.71429C23.3516 1.71429 21 4.01786 21 6.85714C21 9.69643 23.3516 12 26.25 12ZM28.875 13.7143H28.6672C27.907 13.9714 27.1031 14.1429 26.25 14.1429C25.3969 14.1429 24.593 13.9714 23.8328 13.7143H23.625C22.5094 13.7143 21.4812 14.0304 20.5789 14.5393C21.9133 15.9482 22.75 17.8179 22.75 19.8857V21.9429C22.75 22.0607 22.7227 22.1732 22.7172 22.2857H32.375C33.8242 22.2857 35 21.1339 35 19.7143C35 16.3982 32.2602 13.7143 28.875 13.7143Z\" fill=\"white\"\/>\n<\/svg>\n        \n        \n        \n            <\/div>\n    \n\n<div class=\"ee-iconbox-content\">\n      <h5 class=\"ee-iconbox-title bde-h3\" >\u041c\u044b \u0434\u0440\u0443\u0436\u0435\u043b\u044e\u0431\u043d\u044b<\/h5>\n        <div class=\"ee-iconbox-text\" >\u041c\u044b \u043f\u0440\u0435\u0434\u043b\u0430\u0433\u0430\u0435\u043c \u043f\u0440\u043e\u0444\u0435\u0441\u0441\u0438\u043e\u043d\u0430\u043b\u044c\u043d\u043e\u0435 \u043e\u0431\u0441\u043b\u0443\u0436\u0438\u0432\u0430\u043d\u0438\u0435 \u0438 \u0438\u043d\u0434\u0438\u0432\u0438\u0434\u0443\u0430\u043b\u044c\u043d\u044b\u0439 \u043f\u043e\u0434\u0445\u043e\u0434.<\/div>\n    <\/div>\n\n<\/div><div class=\"bde-icon-box-103-113 bde-icon-box\">\n\n    \n            <div class=\"ee-iconbox-icon breakdance-icon-atom\" >\n    \n                    <svg xmlns=\"http:\/\/www.w3.org\/2000\/svg\" width=\"35\" height=\"24\" viewbox=\"0 0 35 24\" fill=\"none\">\n<path d=\"M29.75 8.57143H28.875L22.9261 1.28679C22.5981 0.885313 22.1822 0.561219 21.709 0.338482C21.2359 0.115744 20.7177 6.42909e-05 20.1928 0H8.49461C7.06344 0 5.77664 0.853393 5.24508 2.15518L2.625 8.6925C1.11781 9.075 0 10.4041 0 12V18C0 18.4736 0.391562 18.8571 0.875 18.8571H3.5C3.5 21.6975 5.85047 24 8.75 24C11.6495 24 14 21.6975 14 18.8571H21C21 21.6975 23.3505 24 26.25 24C29.1495 24 31.5 21.6975 31.5 18.8571H34.125C34.6084 18.8571 35 18.4736 35 18V13.7143C35 10.8739 32.6495 8.57143 29.75 8.57143ZM8.75 21.4286C7.30242 21.4286 6.125 20.2752 6.125 18.8571C6.125 17.4391 7.30242 16.2857 8.75 16.2857C10.1976 16.2857 11.375 17.4391 11.375 18.8571C11.375 20.2752 10.1976 21.4286 8.75 21.4286ZM12.6875 8.57143H6.39461L8.49461 3.42857H12.6875V8.57143ZM15.3125 8.57143V3.42857H20.1928L24.3928 8.57143H15.3125ZM26.25 21.4286C24.8024 21.4286 23.625 20.2752 23.625 18.8571C23.625 17.4391 24.8024 16.2857 26.25 16.2857C27.6976 16.2857 28.875 17.4391 28.875 18.8571C28.875 20.2752 27.6976 21.4286 26.25 21.4286Z\" fill=\"white\"\/>\n<\/svg>\n        \n        \n        \n            <\/div>\n    \n\n<div class=\"ee-iconbox-content\">\n      <h5 class=\"ee-iconbox-title bde-h3\" >\u041c\u044b \u0442\u043e\u0447\u043d\u044b<\/h5>\n        <div class=\"ee-iconbox-text\" >\u0422\u043e\u0447\u043d\u043e\u0441\u0442\u044c \u0432 \u043a\u0430\u0436\u0434\u043e\u0439 \u0434\u0435\u0442\u0430\u043b\u0438 \u0433\u0430\u0440\u0430\u043d\u0442\u0438\u0440\u0443\u0435\u0442, \u0447\u0442\u043e \u0432\u0430\u0448 \u0430\u0432\u0442\u043e\u043c\u043e\u0431\u0438\u043b\u044c \u0431\u0443\u0434\u0435\u0442 \u0432 \u0438\u0434\u0435\u0430\u043b\u044c\u043d\u043e\u043c \u0441\u043e\u0441\u0442\u043e\u044f\u043d\u0438\u0438.<\/div>\n    <\/div>\n\n<\/div><div class=\"bde-icon-box-103-114 bde-icon-box\">\n\n    \n            <div class=\"ee-iconbox-icon breakdance-icon-atom\" >\n    \n                    <svg xmlns=\"http:\/\/www.w3.org\/2000\/svg\" width=\"19\" height=\"28\" viewbox=\"0 0 19 28\" fill=\"none\">\n<path d=\"M19 9.5035C19.0006 7.86801 18.579 6.26006 17.7759 4.83531C16.9728 3.41055 15.8156 2.21725 14.4161 1.37091C13.0166 0.524575 11.4223 0.0538674 9.7876 0.00435515C8.15286 -0.0451571 6.53302 0.328203 5.08489 1.08829C3.63676 1.84839 2.40938 2.96946 1.52157 4.34301C0.633757 5.71655 0.115582 7.29603 0.0172043 8.92856C-0.0811733 10.5611 0.243578 12.1914 0.960023 13.6616C1.67647 15.1318 2.76034 16.3922 4.10672 17.3206L1.50009e-06 24.4321L3.06172 24.5583L4.70114 27.1464L9.405 18.9981C9.43757 18.9981 9.46743 19.0035 9.5 19.0035C9.53257 19.0035 9.56243 18.9994 9.595 18.9981L14.2989 27.1464L15.9709 24.6139L19 24.4321L14.8933 17.3206C16.1603 16.4483 17.1962 15.2809 17.9116 13.919C18.6271 12.5572 19.0006 11.0418 19 9.5035ZM2.71429 9.5035C2.71429 8.16141 3.11226 6.84946 3.85789 5.73356C4.60351 4.61765 5.66329 3.74791 6.90322 3.23432C8.14315 2.72072 9.50753 2.58634 10.8238 2.84817C12.1401 3.11 13.3492 3.75628 14.2982 4.70528C15.2472 5.65428 15.8935 6.86337 16.1553 8.17967C16.4172 9.49597 16.2828 10.8604 15.7692 12.1003C15.2556 13.3402 14.3858 14.4 13.2699 15.1456C12.154 15.8912 10.8421 16.2892 9.5 16.2892C7.70032 16.2892 5.97434 15.5743 4.70178 14.3017C3.42921 13.0292 2.71429 11.3032 2.71429 9.5035Z\" fill=\"white\"\/>\n<path d=\"M9.50002 13.5747C11.7486 13.5747 13.5714 11.7519 13.5714 9.50331C13.5714 7.25472 11.7486 5.43188 9.50002 5.43188C7.25143 5.43188 5.42859 7.25472 5.42859 9.50331C5.42859 11.7519 7.25143 13.5747 9.50002 13.5747Z\" fill=\"white\"\/>\n<\/svg>\n        \n        \n        \n            <\/div>\n    \n\n<div class=\"ee-iconbox-content\">\n      <h5 class=\"ee-iconbox-title bde-h3\" >\u041d\u0430\u043c \u043c\u043e\u0436\u043d\u043e \u0434\u043e\u0432\u0435\u0440\u044f\u0442\u044c<\/h5>\n        <div class=\"ee-iconbox-text\" >\u041d\u0430\u0448\u0438 \u043a\u043b\u0438\u0435\u043d\u0442\u044b \u0434\u043e\u0432\u0435\u0440\u044f\u044e\u0442 \u043d\u0430\u043c \u0437\u0430 \u043a\u0430\u0447\u0435\u0441\u0442\u0432\u043e \u0438 \u0447\u0435\u0441\u0442\u043d\u043e\u0441\u0442\u044c.<\/div>\n    <\/div>\n\n<\/div>\n<\/div>\n<\/div><div class=\"bde-column-103-106 bde-column\">\n  \n  \n\t\n\n\n\n<img decoding=\"async\" class=\"bde-image2-103-167 bde-image2\" src=\"https:\/\/bilservice.ee\/wp-content\/uploads\/2025\/02\/BILSERVICE_LOGO_RGB_MAIN.png\" loading=\"lazy\" srcset=\"https:\/\/bilservice.ee\/wp-content\/uploads\/2025\/02\/BILSERVICE_LOGO_RGB_MAIN.png 4417w, https:\/\/bilservice.ee\/wp-content\/uploads\/2025\/02\/BILSERVICE_LOGO_RGB_MAIN-600x255.png 600w, https:\/\/bilservice.ee\/wp-content\/uploads\/2025\/02\/BILSERVICE_LOGO_RGB_MAIN-300x127.png 300w, https:\/\/bilservice.ee\/wp-content\/uploads\/2025\/02\/BILSERVICE_LOGO_RGB_MAIN-1024x435.png 1024w, https:\/\/bilservice.ee\/wp-content\/uploads\/2025\/02\/BILSERVICE_LOGO_RGB_MAIN-768x326.png 768w, https:\/\/bilservice.ee\/wp-content\/uploads\/2025\/02\/BILSERVICE_LOGO_RGB_MAIN-1536x652.png 1536w, https:\/\/bilservice.ee\/wp-content\/uploads\/2025\/02\/BILSERVICE_LOGO_RGB_MAIN-2048x869.png 2048w\" sizes=\"(max-width: 4417px) 100vw, 4417px\">\n<\/div><\/div><\/div>\n<\/section><section class=\"bde-section-103-115 bde-section\">\n  \n  \n\t\n\n\n\n<div class=\"section-container\"><div class=\"bde-div-103-151 bde-div\">\n  \n  \n\t\n\n\n\n<div class=\"bde-div-103-152 bde-div\">\n              \n  \n  \n\t\n\n  <div class=\"section-background-overlay\"><\/div>\n\n\n<h4 class=\"bde-heading-103-153 bde-heading\">\n\u0413\u0430\u0440\u0430\u043d\u0442\u0438\u044f 100%!\n<\/h4><div class=\"bde-text-103-154 bde-text\">\n\u041d\u0430 \u043d\u0430\u0448\u0438 \u0443\u0441\u043b\u0443\u0433\u0438 \u0438 \u0437\u0430\u043f\u0430\u0441\u043d\u044b\u0435 \u0447\u0430\u0441\u0442\u0438 \u0440\u0430\u0441\u043f\u0440\u043e\u0441\u0442\u0440\u0430\u043d\u044f\u0435\u0442\u0441\u044f \u0433\u0430\u0440\u0430\u043d\u0442\u0438\u044f 100%. \u0412\u0430\u0448\u0435 \u0443\u0434\u043e\u0432\u043b\u0435\u0442\u0432\u043e\u0440\u0435\u043d\u0438\u0435 - \u043d\u0430\u0448\u0435 \u0436\u0435\u043b\u0430\u043d\u0438\u0435.\n<\/div>\n<\/div><div class=\"bde-div-103-155 bde-div\">\n              \n  \n  \n\t\n\n  <div class=\"section-background-overlay\"><\/div>\n\n\n<h4 class=\"bde-heading-103-156 bde-heading\">\n\u041f\u0440\u043e\u0432\u0435\u0440\u043a\u0430 \u0448\u0438\u043d\n<\/h4><div class=\"bde-text-103-157 bde-text\">\n\u041c\u044b \u043f\u0440\u043e\u0432\u0435\u0440\u044f\u0435\u043c \u0438\u0437\u043d\u043e\u0441, \u0434\u0430\u0432\u043b\u0435\u043d\u0438\u0435 \u0438 \u0441\u043e\u0441\u0442\u043e\u044f\u043d\u0438\u0435 \u0448\u0438\u043d, \u0447\u0442\u043e\u0431\u044b \u043e\u0431\u0435\u0441\u043f\u0435\u0447\u0438\u0442\u044c \u0431\u0435\u0437\u043e\u043f\u0430\u0441\u043d\u0443\u044e \u0438 \u043f\u043b\u0430\u0432\u043d\u0443\u044e \u0435\u0437\u0434\u0443.\n<\/div>\n<\/div>\n<\/div><div class=\"bde-div-103-119 bde-div\">\n  \n  \n\t\n\n\n\n<h3 class=\"bde-heading-103-120 bde-heading\">\n\u041f\u043e\u0447\u0435\u043c\u0443 \u0432\u044b\u0431\u0438\u0440\u0430\u044e\u0442 \u043d\u0430\u0441?\n<\/h3><div class=\"bde-text-103-121 bde-text\">\n\u041c\u044b \u043f\u0440\u0435\u0434\u043b\u0430\u0433\u0430\u0435\u043c \u043d\u0430\u0434\u0435\u0436\u043d\u044b\u0439 \u0438 \u043a\u0430\u0447\u0435\u0441\u0442\u0432\u0435\u043d\u043d\u044b\u0439 \u0441\u0435\u0440\u0432\u0438\u0441 Volvo, \u043a\u043e\u0442\u043e\u0440\u044b\u0439 \u043e\u0431\u0435\u0441\u043f\u0435\u0447\u0438\u0442 \u0434\u043e\u043b\u0433\u043e\u0432\u0440\u0435\u043c\u0435\u043d\u043d\u0443\u044e \u043d\u0430\u0434\u0435\u0436\u043d\u043e\u0441\u0442\u044c \u0432\u0430\u0448\u0435\u0433\u043e \u0430\u0432\u0442\u043e\u043c\u043e\u0431\u0438\u043b\u044f.\n<\/div>\n<\/div><div class=\"bde-columns-103-122 bde-columns\"><div class=\"bde-column-103-123 bde-column\">\n  \n  \n\t\n\n\n\n<h4 class=\"bde-heading-103-127 bde-heading\">\n1. \u041a\u043e\u043d\u0434\u0438\u0446\u0438\u043e\u043d\u0435\u0440\n<\/h4><div class=\"bde-text-103-128 bde-text\">\n\u041c\u044b \u043f\u043e\u0437\u0430\u0431\u043e\u0442\u0438\u043c\u0441\u044f \u043e \u0431\u0435\u0441\u043f\u0435\u0440\u0435\u0431\u043e\u0439\u043d\u043e\u0439 \u0440\u0430\u0431\u043e\u0442\u0435 \u043a\u043e\u043d\u0434\u0438\u0446\u0438\u043e\u043d\u0435\u0440\u0430 \u0432\u0430\u0448\u0435\u0433\u043e \u0430\u0432\u0442\u043e\u043c\u043e\u0431\u0438\u043b\u044f, \u0447\u0442\u043e\u0431\u044b \u0432\u0430\u043c \u0432\u0441\u0435\u0433\u0434\u0430 \u0431\u044b\u043b\u043e \u043a\u043e\u043c\u0444\u043e\u0440\u0442\u043d\u043e \u0435\u0437\u0434\u0438\u0442\u044c.\n<\/div><h4 class=\"bde-heading-103-129 bde-heading\">\n2. \u0420\u0435\u043c\u043d\u0438 \u0438 \u0448\u043b\u0430\u043d\u0433\u0438\n<\/h4><div class=\"bde-text-103-130 bde-text\">\n\u041c\u044b \u043f\u0440\u043e\u0432\u0435\u0440\u044f\u0435\u043c \u0438 \u0437\u0430\u043c\u0435\u043d\u044f\u0435\u043c \u0432\u0441\u0435 \u0440\u0435\u043c\u043d\u0438 \u0438 \u0448\u043b\u0430\u043d\u0433\u0438, \u0447\u0442\u043e\u0431\u044b \u043f\u0440\u0435\u0434\u043e\u0442\u0432\u0440\u0430\u0442\u0438\u0442\u044c \u043d\u0435\u043e\u0436\u0438\u0434\u0430\u043d\u043d\u044b\u0435 \u043f\u043e\u043b\u043e\u043c\u043a\u0438 \u0438 \u043e\u0431\u0435\u0441\u043f\u0435\u0447\u0438\u0442\u044c \u043f\u043b\u0430\u0432\u043d\u043e\u0441\u0442\u044c \u0445\u043e\u0434\u0430.\n<\/div>\n<\/div><div class=\"bde-column-103-124 bde-column\">\n  \n  \n\t\n\n\n\n<div class=\"bde-image-103-126 bde-image\">\n<figure class=\"breakdance-image breakdance-image--41\">\n\t<div class=\"breakdance-image-container\">\n\t\t<div class=\"breakdance-image-clip\"><img loading=\"lazy\" decoding=\"async\" class=\"breakdance-image-object\" src=\"https:\/\/breakdancelibrary.com\/auto\/wp-content\/uploads\/sites\/11\/2022\/09\/rims_autogear.png\" width=\"574\" height=\"583\" srcset=\"https:\/\/breakdancelibrary.com\/auto\/wp-content\/uploads\/sites\/11\/2022\/09\/rims_autogear.png 574w, https:\/\/breakdancelibrary.com\/auto\/wp-content\/uploads\/sites\/11\/2022\/09\/rims_autogear-295x300.png 295w\" sizes=\"auto, (max-width: 574px) 100vw, 574px\"><\/div>\n\t<\/div><\/figure>\n\n<\/div>\n<\/div><div class=\"bde-column-103-125 bde-column\">\n  \n  \n\t\n\n\n\n<h4 class=\"bde-heading-103-131 bde-heading\">\n3. \u041e\u0431\u0441\u043b\u0443\u0436\u0438\u0432\u0430\u043d\u0438\u0435 \u043a\u043b\u0438\u0435\u043d\u0442\u043e\u0432\n<\/h4><div class=\"bde-text-103-132 bde-text\">\n\u041d\u0430\u0448\u0435 \u0434\u0440\u0443\u0436\u0435\u043b\u044e\u0431\u043d\u043e\u0435 \u0438 \u043f\u0440\u043e\u0444\u0435\u0441\u0441\u0438\u043e\u043d\u0430\u043b\u044c\u043d\u043e\u0435 \u043e\u0431\u0441\u043b\u0443\u0436\u0438\u0432\u0430\u043d\u0438\u0435 \u0433\u0430\u0440\u0430\u043d\u0442\u0438\u0440\u0443\u0435\u0442, \u0447\u0442\u043e \u0432\u044b \u0432\u0441\u0435\u0433\u0434\u0430 \u043f\u043e\u043b\u0443\u0447\u0438\u0442\u0435 \u043d\u0430\u0438\u043b\u0443\u0447\u0448\u0438\u0435 \u0432\u043f\u0435\u0447\u0430\u0442\u043b\u0435\u043d\u0438\u044f.\n<\/div><h4 class=\"bde-heading-103-133 bde-heading\">\n4. \u0414\u0438\u0430\u0433\u043d\u043e\u0441\u0442\u0438\u043a\u0430 \u0434\u0432\u0438\u0433\u0430\u0442\u0435\u043b\u044f\n<\/h4><div class=\"bde-text-103-134 bde-text\">\n\u041c\u044b \u043f\u0440\u043e\u0432\u043e\u0434\u0438\u043c \u0442\u043e\u0447\u043d\u0443\u044e \u0434\u0438\u0430\u0433\u043d\u043e\u0441\u0442\u0438\u043a\u0443 \u0434\u0432\u0438\u0433\u0430\u0442\u0435\u043b\u044f, \u0447\u0442\u043e\u0431\u044b \u043d\u0430\u0439\u0442\u0438 \u0438 \u0443\u0441\u0442\u0440\u0430\u043d\u0438\u0442\u044c \u043f\u0440\u043e\u0431\u043b\u0435\u043c\u044b \u0434\u043e \u0442\u043e\u0433\u043e, \u043a\u0430\u043a \u043e\u043d\u0438 \u043f\u0440\u0435\u0432\u0440\u0430\u0442\u044f\u0442\u0441\u044f \u0432 \u043a\u0440\u0443\u043f\u043d\u044b\u0435 \u0440\u0430\u0441\u0445\u043e\u0434\u044b.\n<\/div>\n<\/div><\/div><\/div>\n<\/section>","protected":false},"excerpt":{"rendered":"<p>Meist Volvo spetsialistid, keda v\u00f5id usaldada Volvod on meie kirg ning just seet\u00f5ttu p\u00f6\u00f6rame igale autole eraldi t\u00e4helepanu. Olgu tegu tavap\u00e4rase hoolduse, keerukama remondi v\u00f5i diagnostikaga \u2013 meie eesm\u00e4rk on pakkuda kiiret, t\u00e4pset ja usaldusv\u00e4\u00e4rset teenust. Usume, et professionaalne t\u00f6\u00f6 ning aus suhtlus loovad parima kliendikogemuse. Oleme asjatundjad Volvo hooldus ja remont on meie kirg [&hellip;]<\/p>\n","protected":false},"author":3,"featured_media":1294,"parent":0,"menu_order":0,"comment_status":"closed","ping_status":"closed","template":"","meta":{"_breakdance_hide_in_design_set":false,"_breakdance_tags":"","footnotes":""},"class_list":["post-103","page","type-page","status-publish","has-post-thumbnail","hentry"],"_links":{"self":[{"href":"https:\/\/bilservice.ee\/ru\/wp-json\/wp\/v2\/pages\/103","targetHints":{"allow":["GET"]}}],"collection":[{"href":"https:\/\/bilservice.ee\/ru\/wp-json\/wp\/v2\/pages"}],"about":[{"href":"https:\/\/bilservice.ee\/ru\/wp-json\/wp\/v2\/types\/page"}],"author":[{"embeddable":true,"href":"https:\/\/bilservice.ee\/ru\/wp-json\/wp\/v2\/users\/3"}],"replies":[{"embeddable":true,"href":"https:\/\/bilservice.ee\/ru\/wp-json\/wp\/v2\/comments?post=103"}],"version-history":[{"count":13,"href":"https:\/\/bilservice.ee\/ru\/wp-json\/wp\/v2\/pages\/103\/revisions"}],"predecessor-version":[{"id":369035,"href":"https:\/\/bilservice.ee\/ru\/wp-json\/wp\/v2\/pages\/103\/revisions\/369035"}],"wp:featuredmedia":[{"embeddable":true,"href":"https:\/\/bilservice.ee\/ru\/wp-json\/wp\/v2\/media\/1294"}],"wp:attachment":[{"href":"https:\/\/bilservice.ee\/ru\/wp-json\/wp\/v2\/media?parent=103"}],"curies":[{"name":"wp","href":"https:\/\/api.w.org\/{rel}","templated":true}]}}