{"id":368981,"date":"2025-09-24T09:47:00","date_gmt":"2025-09-24T06:47:00","guid":{"rendered":"https:\/\/bilservice.ee\/?page_id=368981"},"modified":"2025-09-24T09:47:44","modified_gmt":"2025-09-24T06:47:44","slug":"rehvihotell","status":"publish","type":"page","link":"https:\/\/bilservice.ee\/en\/rehvihotell\/","title":{"rendered":"Rehvihotell"},"content":{"rendered":"<div class=\"bde-globalblock-368981-100 bde-globalblock\"><style>.breakdance .bde-section-1296-100-1296-1{background-image:url(https:\/\/bilservice.ee\/wp-content\/uploads\/2025\/09\/dark-storage-full-big-variety-new-tyres-busy-warehouse-scaled.jpg);background-size:cover;background-repeat:no-repeat;background-position:center center}.breakdance .bde-section-1296-100-1296-1>.section-background-overlay{background-color:var(--bde-brand-primary-color);transition:background-color var(--bde-transition-duration) ease-in-out}.breakdance .bde-section-1296-100-1296-1>.section-background-overlay{opacity:0.2}<\/style><section class=\"bde-section-1296-100-1296-1 bde-section bde-section-1296-100\">\n              \n  \n  \n\t\n\n  <div class=\"section-background-overlay\"><\/div>\n\n\n<div class=\"section-container\"><h1 class=\"bde-heading-1296-101-1296-1 bde-heading bde-heading-1296-101\">\nRehvihotell\n<\/h1><div class=\"bde-fancy-divider-1296-102-1296-1 bde-fancy-divider bde-fancy-divider-1296-102\">\n\n\n<div class=\"bde-fancy-divider__wrapper\">\n  <div class=\"bde-fancy-divider__separator\">\n  \t  <\/div>\n<\/div>\n\n<\/div><\/div>\n<\/section><\/div><section class=\"bde-section-368981-101 bde-section\">\n  \n  \n\t\n\n\n\n<div class=\"section-container\"><div class=\"bde-rich-text-368981-102 bde-rich-text breakdance-rich-text-styles\">\n<p>We store your Volvo summer and winter tyres safely and in the right environment. This way you save space at home and know that your tyres are always ready for replacement.<\/p><p><strong>What we offer<\/strong><\/p><ul><li>Professional washing of tyres and rims before storage<\/li><li>Storage at the right temperature and humidity, avoiding premature tyre ageing.<\/li><li>Checking the condition and tread depth of tyres before storage.<\/li><li>Labelling and systematic storage, so that the same wheels always end up back in the same car.<\/li><li>Quick and convenient tyre change with storage<\/li><\/ul><p><strong>Why choose a tyre hotel<\/strong><\/p><ul><li>Free up space in your home<\/li><li>Avoid tyre damage in the wrong conditions<\/li><li>Convenient - one call and the wheels are under your Volvo at the right time.<\/li><\/ul>\n<\/div><\/div>\n<\/section>","protected":false},"excerpt":{"rendered":"<p>Rehvihotell Hoiustame sinu Volvo suve- ja talverehvid turvaliselt ning \u00f5iges keskkonnas. Nii s\u00e4\u00e4stad kodus ruumi ja oled kindel, et rehvid on alati vahetuseks valmis.Mida pakumeRehvide ja velgede professionaalne pesu enne hoiulepanekutHoiustamine \u00f5iges temperatuuris ja niiskuses, v\u00e4ltides rehvide enneaegset vananemistRehvide seisukorra ja mustris\u00fcgavuse kontroll enne hoiule panekutM\u00e4rgistus ja s\u00fcsteemne hoiustamine, et samad rattad j\u00f5uaksid alati tagasi [&hellip;]<\/p>\n","protected":false},"author":6,"featured_media":368982,"parent":0,"menu_order":0,"comment_status":"closed","ping_status":"closed","template":"","meta":{"_breakdance_hide_in_design_set":false,"_breakdance_tags":"","footnotes":""},"class_list":["post-368981","page","type-page","status-publish","has-post-thumbnail","hentry"],"_links":{"self":[{"href":"https:\/\/bilservice.ee\/en\/wp-json\/wp\/v2\/pages\/368981","targetHints":{"allow":["GET"]}}],"collection":[{"href":"https:\/\/bilservice.ee\/en\/wp-json\/wp\/v2\/pages"}],"about":[{"href":"https:\/\/bilservice.ee\/en\/wp-json\/wp\/v2\/types\/page"}],"author":[{"embeddable":true,"href":"https:\/\/bilservice.ee\/en\/wp-json\/wp\/v2\/users\/6"}],"replies":[{"embeddable":true,"href":"https:\/\/bilservice.ee\/en\/wp-json\/wp\/v2\/comments?post=368981"}],"version-history":[{"count":2,"href":"https:\/\/bilservice.ee\/en\/wp-json\/wp\/v2\/pages\/368981\/revisions"}],"predecessor-version":[{"id":368984,"href":"https:\/\/bilservice.ee\/en\/wp-json\/wp\/v2\/pages\/368981\/revisions\/368984"}],"wp:featuredmedia":[{"embeddable":true,"href":"https:\/\/bilservice.ee\/en\/wp-json\/wp\/v2\/media\/368982"}],"wp:attachment":[{"href":"https:\/\/bilservice.ee\/en\/wp-json\/wp\/v2\/media?parent=368981"}],"curies":[{"name":"wp","href":"https:\/\/api.w.org\/{rel}","templated":true}]}}