{"id":368972,"date":"2025-09-24T09:42:12","date_gmt":"2025-09-24T06:42:12","guid":{"rendered":"https:\/\/bilservice.ee\/?page_id=368972"},"modified":"2025-09-24T09:43:43","modified_gmt":"2025-09-24T06:43:43","slug":"elektritood","status":"publish","type":"page","link":"https:\/\/bilservice.ee\/en\/elektritood\/","title":{"rendered":"Electrical works"},"content":{"rendered":"<div class=\"bde-globalblock-368972-100 bde-globalblock\"><style>.breakdance .bde-section-1296-100-1296-1{background-image:url(https:\/\/bilservice.ee\/wp-content\/uploads\/2025\/09\/cropped-image-mechanic-repairing-car-engine-scaled.jpg);background-size:cover;background-repeat:no-repeat;background-position:center center}.breakdance .bde-section-1296-100-1296-1>.section-background-overlay{background-color:var(--bde-brand-primary-color);transition:background-color var(--bde-transition-duration) ease-in-out}.breakdance .bde-section-1296-100-1296-1>.section-background-overlay{opacity:0.2}<\/style><section class=\"bde-section-1296-100-1296-1 bde-section bde-section-1296-100\">\n              \n  \n  \n\t\n\n  <div class=\"section-background-overlay\"><\/div>\n\n\n<div class=\"section-container\"><h1 class=\"bde-heading-1296-101-1296-1 bde-heading bde-heading-1296-101\">\nElectrical works\n<\/h1><div class=\"bde-fancy-divider-1296-102-1296-1 bde-fancy-divider bde-fancy-divider-1296-102\">\n\n\n<div class=\"bde-fancy-divider__wrapper\">\n  <div class=\"bde-fancy-divider__separator\">\n  \t  <\/div>\n<\/div>\n\n<\/div><\/div>\n<\/section><\/div><section class=\"bde-section-368972-101 bde-section\">\n  \n  \n\t\n\n\n\n<div class=\"section-container\"><div class=\"bde-rich-text-368972-102 bde-rich-text breakdance-rich-text-styles\">\n<p>We carry out all maintenance and repair work on Volvo electrical and electronic systems, from simple bulb replacements to troubleshooting complex wiring and control block failures. We use VIDA\/DiCE diagnostics to accurately identify the problem and fix it to factory standards.<\/p><p><strong>What we do<\/strong><\/p><ul><li>Replacement of pears, relays and fuses<\/li><li>Generator and starter control and repair\/replacement<\/li><li>Battery testing, charge control and battery replacement (including with start-stop system).<\/li><li>Inspection and repair of wires, plugs and earth connections<\/li><li>Repair of electric windows, mirrors, seat heaters and other comfort solutions<\/li><li>Safety and assistance systems (ABS, SRS, DSTC, parking sensors, cameras).<\/li><li>Infotainment and Sensus system failures<\/li><li>Software resets and encodings with VIDA<\/li><\/ul><p><strong>When to come<\/strong><\/p><ul><li>If electrical equipment does not work or works unevenly<\/li><li>A warning or fault light appears on the dashboard.<\/li><li>Battery drains quickly or car won't start properly<\/li><li>When fitting accessories (e.g. trailer hitch connector, auxiliary lights).<\/li><\/ul><p><strong>Comments<\/strong><br \/>We use genuine Volvo and OEM parts and confirm the price before we start.<\/p>\n<\/div><\/div>\n<\/section>","protected":false},"excerpt":{"rendered":"<p>Elektrit\u00f6\u00f6d Teostame k\u00f5iki Volvo elektri- ja elektroonikas\u00fcsteemide hooldus- ning remondit\u00f6id, alates lihtsamatest pirnivahetustest kuni keerukate juhtmestiku ja juhtplokkide rikete k\u00f5rvaldamiseni. Kasutame VIDA\/DiCE diagnostikat, et tuvastada probleem t\u00e4pselt ja lahendada see tehase standardite j\u00e4rgi.Mida teemePirnide, releede ja kaitsmete vahetusGeneraatori ja starteri kontroll ning remont\/vahetusAku testimine, laadimise kontroll ja aku vahetus (sh start-stop s\u00fcsteemiga)Juhtmete, pistikute ja massi\u00fchenduste [&hellip;]<\/p>\n","protected":false},"author":6,"featured_media":368973,"parent":0,"menu_order":0,"comment_status":"closed","ping_status":"closed","template":"","meta":{"_breakdance_hide_in_design_set":false,"_breakdance_tags":"","footnotes":""},"class_list":["post-368972","page","type-page","status-publish","has-post-thumbnail","hentry"],"_links":{"self":[{"href":"https:\/\/bilservice.ee\/en\/wp-json\/wp\/v2\/pages\/368972","targetHints":{"allow":["GET"]}}],"collection":[{"href":"https:\/\/bilservice.ee\/en\/wp-json\/wp\/v2\/pages"}],"about":[{"href":"https:\/\/bilservice.ee\/en\/wp-json\/wp\/v2\/types\/page"}],"author":[{"embeddable":true,"href":"https:\/\/bilservice.ee\/en\/wp-json\/wp\/v2\/users\/6"}],"replies":[{"embeddable":true,"href":"https:\/\/bilservice.ee\/en\/wp-json\/wp\/v2\/comments?post=368972"}],"version-history":[{"count":2,"href":"https:\/\/bilservice.ee\/en\/wp-json\/wp\/v2\/pages\/368972\/revisions"}],"predecessor-version":[{"id":368975,"href":"https:\/\/bilservice.ee\/en\/wp-json\/wp\/v2\/pages\/368972\/revisions\/368975"}],"wp:featuredmedia":[{"embeddable":true,"href":"https:\/\/bilservice.ee\/en\/wp-json\/wp\/v2\/media\/368973"}],"wp:attachment":[{"href":"https:\/\/bilservice.ee\/en\/wp-json\/wp\/v2\/media?parent=368972"}],"curies":[{"name":"wp","href":"https:\/\/api.w.org\/{rel}","templated":true}]}}