{"id":368968,"date":"2025-09-24T09:37:58","date_gmt":"2025-09-24T06:37:58","guid":{"rendered":"https:\/\/bilservice.ee\/?page_id=368968"},"modified":"2025-09-24T09:40:44","modified_gmt":"2025-09-24T06:40:44","slug":"veakoodide-lugemine-ja-pohjalik-diagnostika","status":"publish","type":"page","link":"https:\/\/bilservice.ee\/en\/veakoodide-lugemine-ja-pohjalik-diagnostika\/","title":{"rendered":"Error code reading and in-depth diagnostics"},"content":{"rendered":"<div class=\"bde-globalblock-368968-100 bde-globalblock\"><style>.breakdance .bde-section-1296-100-1296-1{background-image:url(https:\/\/bilservice.ee\/wp-content\/uploads\/2025\/09\/hands-female-mechanic-using-laptop-scaled.jpg);background-size:cover;background-repeat:no-repeat;background-position:center center}.breakdance .bde-section-1296-100-1296-1>.section-background-overlay{background-color:var(--bde-brand-primary-color);transition:background-color var(--bde-transition-duration) ease-in-out}.breakdance .bde-section-1296-100-1296-1>.section-background-overlay{opacity:0.2}<\/style><section class=\"bde-section-1296-100-1296-1 bde-section bde-section-1296-100\">\n              \n  \n  \n\t\n\n  <div class=\"section-background-overlay\"><\/div>\n\n\n<div class=\"section-container\"><h1 class=\"bde-heading-1296-101-1296-1 bde-heading bde-heading-1296-101\">\nError code reading and in-depth diagnostics\n<\/h1><div class=\"bde-fancy-divider-1296-102-1296-1 bde-fancy-divider bde-fancy-divider-1296-102\">\n\n\n<div class=\"bde-fancy-divider__wrapper\">\n  <div class=\"bde-fancy-divider__separator\">\n  \t  <\/div>\n<\/div>\n\n<\/div><\/div>\n<\/section><\/div><section class=\"bde-section-368968-101 bde-section\">\n  \n  \n\t\n\n\n\n<div class=\"section-container\"><div class=\"bde-rich-text-368968-102 bde-rich-text breakdance-rich-text-styles\">\n<p>We'll carry out an accurate electronics systems check on your Volvo to quickly identify the cause of faults and avoid unnecessary costs. We use Volvo's original diagnostics (VIDA\/DiCE), which communicate with all the car's control units.<\/p><p><strong>What we do<\/strong><\/p><ul><li>Reading and clearing fault codes for all control units (engine, transmission, ABS\/DSTC, SRS, climate, body and comfort modules).<\/li><li>Real-time data monitoring (sensors, pressures, temperatures, signals)<\/li><li>Accurate detection of the source of the fault using electrical diagrams and measurements<\/li><li>Checking software-related problems, making adaptations and resets<\/li><li>Report of faults found and recommendations for repairs<\/li><\/ul><p><strong>When to come<\/strong><\/p><ul><li>Warning or fault light (check engine, ABS, SRS, AWD, etc.) illuminates on the instrument panel.<\/li><li>The car runs erratically or loses power<\/li><li>Electronic assistance systems not working (e.g. parking sensors, climate, security systems).<\/li><li>Preventive checks before a long trip or a technical inspection<\/li><\/ul><p><strong>Why us<\/strong><br \/>Volvo-specific VIDA diagnostics, experienced technicians and a transparent explanation with a repair plan.<\/p>\n<\/div><\/div>\n<\/section>","protected":false},"excerpt":{"rendered":"<p>Veakoodide lugemine ja p\u00f5hjalik diagnostika Teeme sinu Volvole t\u00e4pse elektroonikas\u00fcsteemide kontrolli, et leida kiiresti rikete p\u00f5hjused ja v\u00e4ltida tarbetuid kulusid. Kasutame Volvo originaaldiagnostikat (VIDA\/DiCE), mis suhtleb k\u00f5igi auto juhtplokkidega.Mida teemeK\u00f5igi juhtplokkide (mootor, k\u00e4igukast, ABS\/DSTC, SRS, kliima, kere- ja mugavusmoodulid) veakoodide lugemine ja kustutamineReaalaja andmete j\u00e4lgimine (andurid, r\u00f5hud, temperatuurid, signaalid)Elektriskeemide ja m\u00f5\u00f5tmiste abil veaallika t\u00e4pne tuvastamineTarkvaraga [&hellip;]<\/p>\n","protected":false},"author":6,"featured_media":368969,"parent":0,"menu_order":0,"comment_status":"closed","ping_status":"closed","template":"","meta":{"_breakdance_hide_in_design_set":false,"_breakdance_tags":"","footnotes":""},"class_list":["post-368968","page","type-page","status-publish","has-post-thumbnail","hentry"],"_links":{"self":[{"href":"https:\/\/bilservice.ee\/en\/wp-json\/wp\/v2\/pages\/368968","targetHints":{"allow":["GET"]}}],"collection":[{"href":"https:\/\/bilservice.ee\/en\/wp-json\/wp\/v2\/pages"}],"about":[{"href":"https:\/\/bilservice.ee\/en\/wp-json\/wp\/v2\/types\/page"}],"author":[{"embeddable":true,"href":"https:\/\/bilservice.ee\/en\/wp-json\/wp\/v2\/users\/6"}],"replies":[{"embeddable":true,"href":"https:\/\/bilservice.ee\/en\/wp-json\/wp\/v2\/comments?post=368968"}],"version-history":[{"count":2,"href":"https:\/\/bilservice.ee\/en\/wp-json\/wp\/v2\/pages\/368968\/revisions"}],"predecessor-version":[{"id":368971,"href":"https:\/\/bilservice.ee\/en\/wp-json\/wp\/v2\/pages\/368968\/revisions\/368971"}],"wp:featuredmedia":[{"embeddable":true,"href":"https:\/\/bilservice.ee\/en\/wp-json\/wp\/v2\/media\/368969"}],"wp:attachment":[{"href":"https:\/\/bilservice.ee\/en\/wp-json\/wp\/v2\/media?parent=368968"}],"curies":[{"name":"wp","href":"https:\/\/api.w.org\/{rel}","templated":true}]}}