{"id":368959,"date":"2025-09-24T09:29:40","date_gmt":"2025-09-24T06:29:40","guid":{"rendered":"https:\/\/bilservice.ee\/?page_id=368959"},"modified":"2025-09-24T09:31:43","modified_gmt":"2025-09-24T06:31:43","slug":"jahutussusteemi-kontroll-ja-vedeliku-vahetus","status":"publish","type":"page","link":"https:\/\/bilservice.ee\/en\/jahutussusteemi-kontroll-ja-vedeliku-vahetus\/","title":{"rendered":"Cooling system check and fluid change"},"content":{"rendered":"<div class=\"bde-globalblock-368959-100 bde-globalblock\"><style>.breakdance .bde-section-1296-100-1296-1{background-image:url(https:\/\/bilservice.ee\/wp-content\/uploads\/2025\/09\/man-connecting-engine-wiring-scaled.jpg);background-size:cover;background-repeat:no-repeat;background-position:center center}.breakdance .bde-section-1296-100-1296-1>.section-background-overlay{background-color:var(--bde-brand-primary-color);transition:background-color var(--bde-transition-duration) ease-in-out}.breakdance .bde-section-1296-100-1296-1>.section-background-overlay{opacity:0.2}<\/style><section class=\"bde-section-1296-100-1296-1 bde-section bde-section-1296-100\">\n              \n  \n  \n\t\n\n  <div class=\"section-background-overlay\"><\/div>\n\n\n<div class=\"section-container\"><h1 class=\"bde-heading-1296-101-1296-1 bde-heading bde-heading-1296-101\">\nCooling system check and fluid change\n<\/h1><div class=\"bde-fancy-divider-1296-102-1296-1 bde-fancy-divider bde-fancy-divider-1296-102\">\n\n\n<div class=\"bde-fancy-divider__wrapper\">\n  <div class=\"bde-fancy-divider__separator\">\n  \t  <\/div>\n<\/div>\n\n<\/div><\/div>\n<\/section><\/div><section class=\"bde-section-368959-101 bde-section\">\n  \n  \n\t\n\n\n\n<div class=\"section-container\"><div class=\"bde-rich-text-368959-102 bde-rich-text breakdance-rich-text-styles\">\n<p>We maintain your Volvo cooling system to keep your engine running at the right temperature and protected from overheating and corrosion. We use factory-compliant coolant (Volvo Coolant \/ OAT).<\/p><p><strong>What we do<\/strong><\/p><ul><li>Visual inspection of the reservoir and hoses, leak detection<\/li><li>Checking the condition of the radiator, heater and water pump<\/li><li>Checking thermostat operation<\/li><li>Measuring the freezing point and the quality of the coolant liquid<\/li><li>Removing old fluid and flushing the system (if necessary)<\/li><li>Filling and aeration of the new original specification coolant tank<\/li><li>Test drive and monitoring of operating temperature with VIDA<\/li><\/ul><p><strong>When to come<\/strong><\/p><ul><li>Loss of coolant, traces of leakage or sweet smell in the cabin<\/li><li>Engine overheating warning or uneven warm-up<\/li><li>Reduced heating in the cabin in cold weather<\/li><li>Preventively every 4-5 years or 80 000-100 000 km.<\/li><\/ul><p><strong>Comments<\/strong><br \/>Wrong or old coolant can cause corrosion, damage to seals and engine overheating. We will always give you a clear quotation before starting work.<\/p>\n<\/div><\/div>\n<\/section>","protected":false},"excerpt":{"rendered":"<p>Jahutuss\u00fcsteemi kontroll ja vedeliku vahetus Hooldame sinu Volvo jahutuss\u00fcsteemi, et mootor t\u00f6\u00f6taks \u00f5igel temperatuuril ja p\u00fcsiks kaitstud \u00fclekuumenemise ning korrosiooni eest. Kasutame tehase n\u00f5uetele vastavat jahutusvedelikku (Volvo Coolant \/ OAT).Mida teemePaisupaagi ja voolikute visuaalkontroll, lekete tuvastamineRadiaatori, soojendusradika ja veepumba seisukorra kontrollTermostaadi t\u00f6\u00f6 kontrollJahutusvedeliku k\u00fclmumispunkti ja kvaliteedi m\u00f5\u00f5tmineVana vedeliku eemaldamine ja s\u00fcsteemi l\u00e4bipesu (vajadusel)Uue originaalspetsiifikatsiooniga jahutusvedeliku [&hellip;]<\/p>\n","protected":false},"author":6,"featured_media":368960,"parent":0,"menu_order":0,"comment_status":"closed","ping_status":"closed","template":"","meta":{"_breakdance_hide_in_design_set":false,"_breakdance_tags":"","footnotes":""},"class_list":["post-368959","page","type-page","status-publish","has-post-thumbnail","hentry"],"_links":{"self":[{"href":"https:\/\/bilservice.ee\/en\/wp-json\/wp\/v2\/pages\/368959","targetHints":{"allow":["GET"]}}],"collection":[{"href":"https:\/\/bilservice.ee\/en\/wp-json\/wp\/v2\/pages"}],"about":[{"href":"https:\/\/bilservice.ee\/en\/wp-json\/wp\/v2\/types\/page"}],"author":[{"embeddable":true,"href":"https:\/\/bilservice.ee\/en\/wp-json\/wp\/v2\/users\/6"}],"replies":[{"embeddable":true,"href":"https:\/\/bilservice.ee\/en\/wp-json\/wp\/v2\/comments?post=368959"}],"version-history":[{"count":3,"href":"https:\/\/bilservice.ee\/en\/wp-json\/wp\/v2\/pages\/368959\/revisions"}],"predecessor-version":[{"id":368963,"href":"https:\/\/bilservice.ee\/en\/wp-json\/wp\/v2\/pages\/368959\/revisions\/368963"}],"wp:featuredmedia":[{"embeddable":true,"href":"https:\/\/bilservice.ee\/en\/wp-json\/wp\/v2\/media\/368960"}],"wp:attachment":[{"href":"https:\/\/bilservice.ee\/en\/wp-json\/wp\/v2\/media?parent=368959"}],"curies":[{"name":"wp","href":"https:\/\/api.w.org\/{rel}","templated":true}]}}