{"id":368955,"date":"2025-09-24T09:26:20","date_gmt":"2025-09-24T06:26:20","guid":{"rendered":"https:\/\/bilservice.ee\/?page_id=368955"},"modified":"2025-09-24T09:51:54","modified_gmt":"2025-09-24T06:51:54","slug":"pidurite-remont-pidurivedeliku-kontroll-ja-vahetus","status":"publish","type":"page","link":"https:\/\/bilservice.ee\/en\/pidurite-remont-pidurivedeliku-kontroll-ja-vahetus\/","title":{"rendered":"Brake repair, brake fluid inspection and replacement"},"content":{"rendered":"<div class=\"bde-globalblock-368955-100 bde-globalblock\"><style>.breakdance .bde-section-1296-100-1296-1{background-image:url(https:\/\/bilservice.ee\/wp-content\/uploads\/2025\/09\/worker-repairing-car-side-view-scaled.jpg);background-size:cover;background-repeat:no-repeat;background-position:center center}.breakdance .bde-section-1296-100-1296-1>.section-background-overlay{background-color:var(--bde-brand-primary-color);transition:background-color var(--bde-transition-duration) ease-in-out}.breakdance .bde-section-1296-100-1296-1>.section-background-overlay{opacity:0.2}<\/style><section class=\"bde-section-1296-100-1296-1 bde-section bde-section-1296-100\">\n              \n  \n  \n\t\n\n  <div class=\"section-background-overlay\"><\/div>\n\n\n<div class=\"section-container\"><h1 class=\"bde-heading-1296-101-1296-1 bde-heading bde-heading-1296-101\">\nBrake repair, brake fluid inspection and replacement\n<\/h1><div class=\"bde-fancy-divider-1296-102-1296-1 bde-fancy-divider bde-fancy-divider-1296-102\">\n\n\n<div class=\"bde-fancy-divider__wrapper\">\n  <div class=\"bde-fancy-divider__separator\">\n  \t  <\/div>\n<\/div>\n\n<\/div><\/div>\n<\/section><\/div><section class=\"bde-section-368955-101 bde-section\">\n  \n  \n\t\n\n\n\n<div class=\"section-container\"><div class=\"bde-rich-text-368955-102 bde-rich-text breakdance-rich-text-styles\">\n<p>We maintain and restore your Volvo braking system to keep braking short, straight and smooth. We use genuine or OEM parts and work to factory specifications.<\/p><p><strong>What we do<\/strong><\/p><ul><li>Visual and dimensional check: discs, pads, brake calipers, sliders, rust edges.<\/li><li>Supports maintenance: cleaning, lubrication of sliders, checking piston movement.<\/li><li>Handbrake\/EPB maintenance (VIDA maintenance mode), cables and mechanisms<\/li><li>ABS\/DSTC sensors and tooth rings, brake hoses and tubes, master cylinder\/vacuum pump<\/li><li>Brake fluid water and boiling point test<\/li><li>Brake fluid change and system venting with pressure device<\/li><li>Test drive and instructions on how to feed in the works\/blocks<\/li><\/ul><p><strong>When to come<\/strong><br \/>Whistling, vibration when braking, soft or deep pedal depression, prolonged braking distance, warning light, uneven tyre wear.<br \/>Preventively: <strong>brake fluid every 2 years<\/strong> (DOT 4 \/ DOT 4 LV according to Volvo specification).<\/p><p><strong>Comments<\/strong><br \/>Replacing discs and blocks <strong>per axis<\/strong>, we use torque requirements.<\/p>\n<\/div><\/div>\n<\/section>","protected":false},"excerpt":{"rendered":"<p>Pidurite remont, pidurivedeliku kontroll ja vahetus Hooldame ja taastame sinu Volvo piduris\u00fcsteemi, et pidurdus oleks l\u00fchike, sirge ja sujuv. Kasutame originaal- v\u00f5i OEM-varuosi ning teeme t\u00f6\u00f6d tehase n\u00f5uete j\u00e4rgi.Mida teemeVisuaal- ja m\u00f5\u00f5dikukontroll: kettad, klotsid, pidurisadulad, liugurid, roosteservadSupporti hooldus: puhastus, liugurite m\u00e4\u00e4rimine, kolvi liikumise kontrollK\u00e4sipidur\/EPB hooldus (VIDA hooldusre\u017eiim), trossid ja mehhanismidABS\/DSTC andurid ja hambar\u00f5ngad, pidurivoolikud ja [&hellip;]<\/p>\n","protected":false},"author":6,"featured_media":368956,"parent":0,"menu_order":0,"comment_status":"closed","ping_status":"closed","template":"","meta":{"_breakdance_hide_in_design_set":false,"_breakdance_tags":"","footnotes":""},"class_list":["post-368955","page","type-page","status-publish","has-post-thumbnail","hentry"],"_links":{"self":[{"href":"https:\/\/bilservice.ee\/en\/wp-json\/wp\/v2\/pages\/368955","targetHints":{"allow":["GET"]}}],"collection":[{"href":"https:\/\/bilservice.ee\/en\/wp-json\/wp\/v2\/pages"}],"about":[{"href":"https:\/\/bilservice.ee\/en\/wp-json\/wp\/v2\/types\/page"}],"author":[{"embeddable":true,"href":"https:\/\/bilservice.ee\/en\/wp-json\/wp\/v2\/users\/6"}],"replies":[{"embeddable":true,"href":"https:\/\/bilservice.ee\/en\/wp-json\/wp\/v2\/comments?post=368955"}],"version-history":[{"count":3,"href":"https:\/\/bilservice.ee\/en\/wp-json\/wp\/v2\/pages\/368955\/revisions"}],"predecessor-version":[{"id":368988,"href":"https:\/\/bilservice.ee\/en\/wp-json\/wp\/v2\/pages\/368955\/revisions\/368988"}],"wp:featuredmedia":[{"embeddable":true,"href":"https:\/\/bilservice.ee\/en\/wp-json\/wp\/v2\/media\/368956"}],"wp:attachment":[{"href":"https:\/\/bilservice.ee\/en\/wp-json\/wp\/v2\/media?parent=368955"}],"curies":[{"name":"wp","href":"https:\/\/api.w.org\/{rel}","templated":true}]}}