{"id":368950,"date":"2025-09-24T09:23:25","date_gmt":"2025-09-24T06:23:25","guid":{"rendered":"https:\/\/bilservice.ee\/?page_id=368950"},"modified":"2025-09-24T09:24:26","modified_gmt":"2025-09-24T06:24:26","slug":"haldex-ja-nurkreduktorite-hooldus","status":"publish","type":"page","link":"https:\/\/bilservice.ee\/en\/haldex-ja-nurkreduktorite-hooldus\/","title":{"rendered":"Haldex and torque limiter maintenance"},"content":{"rendered":"<div class=\"bde-globalblock-368950-100 bde-globalblock\"><style>.breakdance .bde-section-1296-100-1296-1{background-image:url(https:\/\/bilservice.ee\/wp-content\/uploads\/2025\/09\/cropped-hands-man-repairing-engine-workshop-scaled.jpg);background-size:cover;background-repeat:no-repeat;background-position:center center}.breakdance .bde-section-1296-100-1296-1>.section-background-overlay{background-color:var(--bde-brand-primary-color);transition:background-color var(--bde-transition-duration) ease-in-out}.breakdance .bde-section-1296-100-1296-1>.section-background-overlay{opacity:0.2}<\/style><section class=\"bde-section-1296-100-1296-1 bde-section bde-section-1296-100\">\n              \n  \n  \n\t\n\n  <div class=\"section-background-overlay\"><\/div>\n\n\n<div class=\"section-container\"><h1 class=\"bde-heading-1296-101-1296-1 bde-heading bde-heading-1296-101\">\nHaldex and torque limiter maintenance\n<\/h1><div class=\"bde-fancy-divider-1296-102-1296-1 bde-fancy-divider bde-fancy-divider-1296-102\">\n\n\n<div class=\"bde-fancy-divider__wrapper\">\n  <div class=\"bde-fancy-divider__separator\">\n  \t  <\/div>\n<\/div>\n\n<\/div><\/div>\n<\/section><\/div><section class=\"bde-section-368950-101 bde-section\">\n  \n  \n\t\n\n\n\n<div class=\"section-container\"><div class=\"bde-rich-text-368950-102 bde-rich-text breakdance-rich-text-styles\">\n<p>We'll keep your Volvo four-wheel drive running smoothly and reliably. We'll change the oil in the Haldex clutch, rear differential and differential gearbox and check the system with VIDA\/DiCE.<\/p><p><strong>What we do<\/strong><\/p><ul><li>Haldex (Gen 3-5) oil change, pump\/cylinder cleaning, filter change if necessary.<\/li><li>Rear differential and angle gear oil change according to factory specification.<\/li><li>Inspection of leaks, bearings and gimbals\/crosses, and simmering<\/li><li>DEM\/four-wheel drive control unit diagnostics, fault clearance and adaptation if necessary<\/li><li>Test drive and works report<\/li><\/ul><p><strong>When to come<\/strong><\/p><ul><li>\u201cAnti-skid \/ AWD service required\u201d message, four-wheel drive cut-offs<\/li><li>Sticky\/vibrating sensation when turning slowly, jerkiness, uneven grip<\/li><li>Traces of oil, leakage, uneven traction or preventive maintenance ~60-80 000 km \/ every 3-4 years<\/li><\/ul><p><strong>Why our<\/strong><br \/>We use the correct original\/OEM oils and parts, carry out Volvo-specific diagnostics and offer a warranty on the work.<\/p>\n<\/div><\/div>\n<\/section>","protected":false},"excerpt":{"rendered":"<p>Haldex ja nurkreduktorite hooldus Hoiame sinu Volvo nelikveo t\u00f6\u00f6kindla ja sujuvana. Vahetame Haldexi siduri, tagadiferentsiaali ja nurkreduktori \u00f5lid ning kontrollime s\u00fcsteemi t\u00f6\u00f6d VIDA\/DiCE\u2019iga.Mida teemeHaldexi (Gen 3\u20135) \u00f5livahetus, pumba\/siibri puhastus, vajadusel filtri vahetusTagadiferentsiaali ja nurkreduktori (angle gear) \u00f5livahetus vastavalt tehase spetsileLekete, laagrite ja kardaani\/risti ning simmerite kontrollDEM\/nelikveo juhtploki diagnostika, vigade kustutus ja vajadusel adaptsioonProovis\u00f5it ja t\u00f6\u00f6de [&hellip;]<\/p>\n","protected":false},"author":6,"featured_media":368951,"parent":0,"menu_order":0,"comment_status":"closed","ping_status":"closed","template":"","meta":{"_breakdance_hide_in_design_set":false,"_breakdance_tags":"","footnotes":""},"class_list":["post-368950","page","type-page","status-publish","has-post-thumbnail","hentry"],"_links":{"self":[{"href":"https:\/\/bilservice.ee\/en\/wp-json\/wp\/v2\/pages\/368950","targetHints":{"allow":["GET"]}}],"collection":[{"href":"https:\/\/bilservice.ee\/en\/wp-json\/wp\/v2\/pages"}],"about":[{"href":"https:\/\/bilservice.ee\/en\/wp-json\/wp\/v2\/types\/page"}],"author":[{"embeddable":true,"href":"https:\/\/bilservice.ee\/en\/wp-json\/wp\/v2\/users\/6"}],"replies":[{"embeddable":true,"href":"https:\/\/bilservice.ee\/en\/wp-json\/wp\/v2\/comments?post=368950"}],"version-history":[{"count":2,"href":"https:\/\/bilservice.ee\/en\/wp-json\/wp\/v2\/pages\/368950\/revisions"}],"predecessor-version":[{"id":368953,"href":"https:\/\/bilservice.ee\/en\/wp-json\/wp\/v2\/pages\/368950\/revisions\/368953"}],"wp:featuredmedia":[{"embeddable":true,"href":"https:\/\/bilservice.ee\/en\/wp-json\/wp\/v2\/media\/368951"}],"wp:attachment":[{"href":"https:\/\/bilservice.ee\/en\/wp-json\/wp\/v2\/media?parent=368950"}],"curies":[{"name":"wp","href":"https:\/\/api.w.org\/{rel}","templated":true}]}}