{"id":368946,"date":"2025-09-24T09:20:52","date_gmt":"2025-09-24T06:20:52","guid":{"rendered":"https:\/\/bilservice.ee\/?page_id=368946"},"modified":"2025-09-24T09:22:02","modified_gmt":"2025-09-24T06:22:02","slug":"kaigukasti-oli-vahetus-ja-adapteerimine","status":"publish","type":"page","link":"https:\/\/bilservice.ee\/en\/kaigukasti-oli-vahetus-ja-adapteerimine\/","title":{"rendered":"Gearbox oil change and adaptation"},"content":{"rendered":"<div class=\"bde-globalblock-368946-100 bde-globalblock\"><style>.breakdance .bde-section-1296-100-1296-1{background-image:url(https:\/\/bilservice.ee\/wp-content\/uploads\/2025\/09\/mechanism-gears-machine-oil-closeup-gearbox-repair-background-cinematic-toning-scaled.jpg);background-size:cover;background-repeat:no-repeat;background-position:center center}.breakdance .bde-section-1296-100-1296-1>.section-background-overlay{background-color:var(--bde-brand-primary-color);transition:background-color var(--bde-transition-duration) ease-in-out}.breakdance .bde-section-1296-100-1296-1>.section-background-overlay{opacity:0.2}<\/style><section class=\"bde-section-1296-100-1296-1 bde-section bde-section-1296-100\">\n              \n  \n  \n\t\n\n  <div class=\"section-background-overlay\"><\/div>\n\n\n<div class=\"section-container\"><h1 class=\"bde-heading-1296-101-1296-1 bde-heading bde-heading-1296-101\">\nGearbox oil change and adaptation\n<\/h1><div class=\"bde-fancy-divider-1296-102-1296-1 bde-fancy-divider bde-fancy-divider-1296-102\">\n\n\n<div class=\"bde-fancy-divider__wrapper\">\n  <div class=\"bde-fancy-divider__separator\">\n  \t  <\/div>\n<\/div>\n\n<\/div><\/div>\n<\/section><\/div><section class=\"bde-section-368946-101 bde-section\">\n  \n  \n\t\n\n\n\n<div class=\"section-container\"><div class=\"bde-rich-text-368946-102 bde-rich-text breakdance-rich-text-styles\">\n<p>We'll keep your Volvo gearbox running smooth, durable and economical. We'll change the oil to the correct specification (original\/OEM ATF) and adapt your TCM (Transmission Control Module) to VIDA\/DiCE.<\/p><p><strong>What we do<\/strong><\/p><ul><li>We determine the type of gearbox by VIN (Aisin Geartronic, Powershift, etc.).<\/li><li>Operating temperature, drainage + crankcase\/filter replacement if necessary, correct filling according to temperature.<\/li><li>Zeroing the oil ageing counter, TCM reset and adaptive driving (workshops)<\/li><li>Leakage check, test run and measurement report<\/li><\/ul><p><strong>When to come<\/strong><\/p><ul><li>Jerky or delayed gear engagement, slippage, vibration\/shudder<\/li><li>Uneven cold\/hot switching<\/li><li>Preventive maintenance: we recommend ~60-80 000 km or every 3-4 years.<\/li><\/ul><p><strong>Comments<\/strong><\/p><ul><li>We use factory-specified oils; we don't pressure-flush.<\/li><li>If there is a mechanical failure (e.g. valves, clutches), an oil change alone may not solve the problem-let's do a thorough diagnosis first.<\/li><\/ul>\n<\/div><\/div>\n<\/section>","protected":false},"excerpt":{"rendered":"<p>K\u00e4igukasti \u00f5li vahetus ja adapteerimine Hoiame sinu Volvo k\u00e4igukasti sujuva, vastupidava ja \u00f6konoomsena. Vahetame \u00f5li \u00f5igete spetsifikatsioonidega (originaal\/OEM ATF) ja teeme TCM-i (k\u00e4igukastijuhtploki) adapteerimise VIDA\/DiCE\u2019iga.Mida teemeM\u00e4\u00e4rame k\u00e4igukasti t\u00fc\u00fcbi VIN-i j\u00e4rgi (Aisin Geartronic, Powershift jmt)T\u00f6\u00f6temperatuur, \u00e4ravool + vajadusel karteri\/filtri vahetus, korrektne t\u00e4itmine temperatuuri j\u00e4rgi\u00d5li vananemisloenduri nullimine, TCM l\u00e4htestus ja adaptsioonis\u00f5it (\u00f5pik\u00e4igud)Lekete kontroll, proovis\u00f5it ja m\u00f5\u00f5tmistulemustega raportMillal [&hellip;]<\/p>\n","protected":false},"author":6,"featured_media":368947,"parent":0,"menu_order":0,"comment_status":"closed","ping_status":"closed","template":"","meta":{"_breakdance_hide_in_design_set":false,"_breakdance_tags":"","footnotes":""},"class_list":["post-368946","page","type-page","status-publish","has-post-thumbnail","hentry"],"_links":{"self":[{"href":"https:\/\/bilservice.ee\/en\/wp-json\/wp\/v2\/pages\/368946","targetHints":{"allow":["GET"]}}],"collection":[{"href":"https:\/\/bilservice.ee\/en\/wp-json\/wp\/v2\/pages"}],"about":[{"href":"https:\/\/bilservice.ee\/en\/wp-json\/wp\/v2\/types\/page"}],"author":[{"embeddable":true,"href":"https:\/\/bilservice.ee\/en\/wp-json\/wp\/v2\/users\/6"}],"replies":[{"embeddable":true,"href":"https:\/\/bilservice.ee\/en\/wp-json\/wp\/v2\/comments?post=368946"}],"version-history":[{"count":2,"href":"https:\/\/bilservice.ee\/en\/wp-json\/wp\/v2\/pages\/368946\/revisions"}],"predecessor-version":[{"id":368949,"href":"https:\/\/bilservice.ee\/en\/wp-json\/wp\/v2\/pages\/368946\/revisions\/368949"}],"wp:featuredmedia":[{"embeddable":true,"href":"https:\/\/bilservice.ee\/en\/wp-json\/wp\/v2\/media\/368947"}],"wp:attachment":[{"href":"https:\/\/bilservice.ee\/en\/wp-json\/wp\/v2\/media?parent=368946"}],"curies":[{"name":"wp","href":"https:\/\/api.w.org\/{rel}","templated":true}]}}