{"id":368941,"date":"2025-09-24T09:18:01","date_gmt":"2025-09-24T06:18:01","guid":{"rendered":"https:\/\/bilservice.ee\/?page_id=368941"},"modified":"2025-09-24T09:18:56","modified_gmt":"2025-09-24T06:18:56","slug":"mootori-remonttood","status":"publish","type":"page","link":"https:\/\/bilservice.ee\/en\/mootori-remonttood\/","title":{"rendered":"Engine repairs"},"content":{"rendered":"<div class=\"bde-globalblock-368941-100 bde-globalblock\"><style>.breakdance .bde-section-1296-100-1296-1{background-image:url(https:\/\/bilservice.ee\/wp-content\/uploads\/2025\/09\/muscular-car-service-worker-repairing-vehicle-scaled.jpg);background-size:cover;background-repeat:no-repeat;background-position:center center}.breakdance .bde-section-1296-100-1296-1>.section-background-overlay{background-color:var(--bde-brand-primary-color);transition:background-color var(--bde-transition-duration) ease-in-out}.breakdance .bde-section-1296-100-1296-1>.section-background-overlay{opacity:0.2}<\/style><section class=\"bde-section-1296-100-1296-1 bde-section bde-section-1296-100\">\n              \n  \n  \n\t\n\n  <div class=\"section-background-overlay\"><\/div>\n\n\n<div class=\"section-container\"><h1 class=\"bde-heading-1296-101-1296-1 bde-heading bde-heading-1296-101\">\nEngine repairs\n<\/h1><div class=\"bde-fancy-divider-1296-102-1296-1 bde-fancy-divider bde-fancy-divider-1296-102\">\n\n\n<div class=\"bde-fancy-divider__wrapper\">\n  <div class=\"bde-fancy-divider__separator\">\n  \t  <\/div>\n<\/div>\n\n<\/div><\/div>\n<\/section><\/div><section class=\"bde-section-368941-101 bde-section\">\n  \n  \n\t\n\n\n\n<div class=\"section-container\"><div class=\"bde-rich-text-368941-102 bde-rich-text breakdance-rich-text-styles\">\n<p>We carry out professional diagnostics, maintenance and repairs on Volvo engines to restore performance, reliability and economy. We use VIDA\/DiCE diagnostics and original or OEM parts, with a quotation confirmed prior to work and warranty.<\/p><p><strong>What we do<\/strong><\/p><ul><li>Accurate diagnostics (error codes, real-time data, compression and smoke tests)<\/li><li>Gear\/chain work, tensioners and seals<\/li><li>Oil and cooling leaks (valve cover, crankcase, crankshaft\/distributor shaft oil seals)<\/li><li>Cooling system: water pump, thermostat, radiator, overheating faults<\/li><li>Fuel and air flow system: injectors, high-pressure pump, turbo, intercooler, vacuum pumps, PCV.<\/li><li>Ignition system: candles, spark plugs (petrol), glow plugs (diesel).<\/li><li>Cylinder head gasket and valve bearings; block work on partners if required<\/li><li>Software adaptations\/adaptations after repair (VIDA)<\/li><\/ul><p><strong>Typical symptoms<\/strong><br \/>Uneven or erratic operation, increased fuel and oil consumption, black\/blue\/white smoke, engine fire, loss of coolant, unusual rattling or vibration.<\/p><p><strong>How to get started<\/strong><br \/>Give us your Volvo model, VIN and mileage and describe the symptoms. We'll carry out an inspection, give you a clear quote and start the work after your confirmation.<\/p>\n<\/div><\/div>\n<\/section>","protected":false},"excerpt":{"rendered":"<p>Mootori remontt\u00f6\u00f6d Teostame Volvo mootorite professionaalset diagnostikat, hooldust ja remonti, et taastada j\u00f5udlus, t\u00f6\u00f6kindlus ja \u00f6konoomsus. Kasutame VIDA\/DiCE diagnostikat ning originaal- v\u00f5i OEM-varuosi; hinnapakkumine kinnitatakse enne t\u00f6\u00f6de algust ja t\u00f6\u00f6dele kehtib garantii.Mida teemeT\u00e4pne diagnostika (veakoodid, reaalaja andmed, kompressiooni- ja suitsutest)Hammasrihma\/keti t\u00f6\u00f6d, pingutid ja tihendid\u00d5li- ja jahutuslekked (klapikaan, karter, v\u00e4ntv\u00f5lli\/jaotusv\u00f5lli simmerid)Jahutuss\u00fcsteem: veepump, termostaat, radiaator, \u00fclekuumenemise veadK\u00fctuse- [&hellip;]<\/p>\n","protected":false},"author":6,"featured_media":368942,"parent":0,"menu_order":0,"comment_status":"closed","ping_status":"closed","template":"","meta":{"_breakdance_hide_in_design_set":false,"_breakdance_tags":"","footnotes":""},"class_list":["post-368941","page","type-page","status-publish","has-post-thumbnail","hentry"],"_links":{"self":[{"href":"https:\/\/bilservice.ee\/en\/wp-json\/wp\/v2\/pages\/368941","targetHints":{"allow":["GET"]}}],"collection":[{"href":"https:\/\/bilservice.ee\/en\/wp-json\/wp\/v2\/pages"}],"about":[{"href":"https:\/\/bilservice.ee\/en\/wp-json\/wp\/v2\/types\/page"}],"author":[{"embeddable":true,"href":"https:\/\/bilservice.ee\/en\/wp-json\/wp\/v2\/users\/6"}],"replies":[{"embeddable":true,"href":"https:\/\/bilservice.ee\/en\/wp-json\/wp\/v2\/comments?post=368941"}],"version-history":[{"count":2,"href":"https:\/\/bilservice.ee\/en\/wp-json\/wp\/v2\/pages\/368941\/revisions"}],"predecessor-version":[{"id":368944,"href":"https:\/\/bilservice.ee\/en\/wp-json\/wp\/v2\/pages\/368941\/revisions\/368944"}],"wp:featuredmedia":[{"embeddable":true,"href":"https:\/\/bilservice.ee\/en\/wp-json\/wp\/v2\/media\/368942"}],"wp:attachment":[{"href":"https:\/\/bilservice.ee\/en\/wp-json\/wp\/v2\/media?parent=368941"}],"curies":[{"name":"wp","href":"https:\/\/api.w.org\/{rel}","templated":true}]}}