{"id":368936,"date":"2025-09-24T09:14:25","date_gmt":"2025-09-24T06:14:25","guid":{"rendered":"https:\/\/bilservice.ee\/?page_id=368936"},"modified":"2025-09-24T09:15:46","modified_gmt":"2025-09-24T06:15:46","slug":"sildade-kontroll-ja-reguleerimine","status":"publish","type":"page","link":"https:\/\/bilservice.ee\/en\/sildade-kontroll-ja-reguleerimine\/","title":{"rendered":"Bridge inspection and adjustment"},"content":{"rendered":"<div class=\"bde-globalblock-368936-100 bde-globalblock\"><style>.breakdance .bde-section-1296-100-1296-1{background-image:url(https:\/\/bilservice.ee\/wp-content\/uploads\/2025\/09\/workshop-repairing-service-scaled.jpg);background-size:cover;background-repeat:no-repeat;background-position:center center}.breakdance .bde-section-1296-100-1296-1>.section-background-overlay{background-color:var(--bde-brand-primary-color);transition:background-color var(--bde-transition-duration) ease-in-out}.breakdance .bde-section-1296-100-1296-1>.section-background-overlay{opacity:0.2}<\/style><section class=\"bde-section-1296-100-1296-1 bde-section bde-section-1296-100\">\n              \n  \n  \n\t\n\n  <div class=\"section-background-overlay\"><\/div>\n\n\n<div class=\"section-container\"><h1 class=\"bde-heading-1296-101-1296-1 bde-heading bde-heading-1296-101\">\nBridge inspection and adjustment\n<\/h1><div class=\"bde-fancy-divider-1296-102-1296-1 bde-fancy-divider bde-fancy-divider-1296-102\">\n\n\n<div class=\"bde-fancy-divider__wrapper\">\n  <div class=\"bde-fancy-divider__separator\">\n  \t  <\/div>\n<\/div>\n\n<\/div><\/div>\n<\/section><\/div><section class=\"bde-section-368936-101 bde-section\">\n  \n  \n\t\n\n\n\n<div class=\"section-container\"><div class=\"bde-rich-text-368936-102 bde-rich-text breakdance-rich-text-styles\">\n<p>We'll set your Volvo's front axle and rear axle to factory specifications so your car drives straight, tyres wear evenly and the steering wheel is in the centre position.<\/p><p><strong>What we do<\/strong><\/p><ul><li>3D-illustration: toe, negative\/positive (camber), caster measurement.<\/li><li>Adjustment (front and, if necessary, rear) according to Volvo specifications.<\/li><li>Inspection of crankshaft parts (bushes, hinges, steering knuckles, bearings).<\/li><li>Rolling Stability Sensor (SAS) reset and DSTC\/ABS check with VIDA\/DiCE<\/li><li>Test drive and measurement report<\/li><\/ul><p><strong>When to come<\/strong><br \/>The car shakes, the steering wheel is askew, the tyres wear unevenly, it \u201cfloats\u201d when braking or on the motorway.<\/p><p><strong>Note<\/strong><br \/>Adjustment only works with the whole drivetrain - if we find any loose or worn parts, we will give you a clear quote before proceeding.<\/p>\n<\/div><\/div>\n<\/section>","protected":false},"excerpt":{"rendered":"<p>Sildade kontroll ja reguleerimine Seadistame sinu Volvo esisilla ja tagasilla tehase\u00adspetsifikatsiooni j\u00e4rgi, et auto liiguks sirgelt, rehvid kuluksid \u00fchtlaselt ja rool oleks kesk\u00adasendis.Mida teeme3D-sillastend: varvas (toe), negatiiv\/positiiv (camber), j\u00e4reljooks (caster) m\u00f5\u00f5tmineReguleerimine (esi- ja vajadusel tagasild) vastavalt Volvo andmeteleVeermiku detailide kontroll (puksid, \u0161arniirid, rooliotsad, laagrid)Roolinurgaanduri (SAS) l\u00e4htestus ja DSTC\/ABS kontroll VIDA\/DiCE\u2019igaProovis\u00f5it ja m\u00f5\u00f5tmistulemustega raportMillal tullaAuto kisub, [&hellip;]<\/p>\n","protected":false},"author":6,"featured_media":368937,"parent":0,"menu_order":0,"comment_status":"closed","ping_status":"closed","template":"","meta":{"_breakdance_hide_in_design_set":false,"_breakdance_tags":"","footnotes":""},"class_list":["post-368936","page","type-page","status-publish","has-post-thumbnail","hentry"],"_links":{"self":[{"href":"https:\/\/bilservice.ee\/en\/wp-json\/wp\/v2\/pages\/368936","targetHints":{"allow":["GET"]}}],"collection":[{"href":"https:\/\/bilservice.ee\/en\/wp-json\/wp\/v2\/pages"}],"about":[{"href":"https:\/\/bilservice.ee\/en\/wp-json\/wp\/v2\/types\/page"}],"author":[{"embeddable":true,"href":"https:\/\/bilservice.ee\/en\/wp-json\/wp\/v2\/users\/6"}],"replies":[{"embeddable":true,"href":"https:\/\/bilservice.ee\/en\/wp-json\/wp\/v2\/comments?post=368936"}],"version-history":[{"count":2,"href":"https:\/\/bilservice.ee\/en\/wp-json\/wp\/v2\/pages\/368936\/revisions"}],"predecessor-version":[{"id":368939,"href":"https:\/\/bilservice.ee\/en\/wp-json\/wp\/v2\/pages\/368936\/revisions\/368939"}],"wp:featuredmedia":[{"embeddable":true,"href":"https:\/\/bilservice.ee\/en\/wp-json\/wp\/v2\/media\/368937"}],"wp:attachment":[{"href":"https:\/\/bilservice.ee\/en\/wp-json\/wp\/v2\/media?parent=368936"}],"curies":[{"name":"wp","href":"https:\/\/api.w.org\/{rel}","templated":true}]}}