{"id":368931,"date":"2025-09-24T09:08:14","date_gmt":"2025-09-24T06:08:14","guid":{"rendered":"https:\/\/bilservice.ee\/?page_id=368931"},"modified":"2025-09-24T09:10:42","modified_gmt":"2025-09-24T06:10:42","slug":"veermiku-kontroll-ja-remont","status":"publish","type":"page","link":"https:\/\/bilservice.ee\/en\/veermiku-kontroll-ja-remont\/","title":{"rendered":"Rolling stock inspection and repair"},"content":{"rendered":"<div class=\"bde-globalblock-368931-100 bde-globalblock\"><style>.breakdance .bde-section-1296-100-1296-1{background-image:url(https:\/\/bilservice.ee\/wp-content\/uploads\/2025\/09\/modern-automobile-mechanic-composition-scaled.jpg);background-size:cover;background-repeat:no-repeat;background-position:center center}.breakdance .bde-section-1296-100-1296-1>.section-background-overlay{background-color:var(--bde-brand-primary-color);transition:background-color var(--bde-transition-duration) ease-in-out}.breakdance .bde-section-1296-100-1296-1>.section-background-overlay{opacity:0.2}<\/style><section class=\"bde-section-1296-100-1296-1 bde-section bde-section-1296-100\">\n              \n  \n  \n\t\n\n  <div class=\"section-background-overlay\"><\/div>\n\n\n<div class=\"section-container\"><h1 class=\"bde-heading-1296-101-1296-1 bde-heading bde-heading-1296-101\">\nRolling stock inspection and repair\n<\/h1><div class=\"bde-fancy-divider-1296-102-1296-1 bde-fancy-divider bde-fancy-divider-1296-102\">\n\n\n<div class=\"bde-fancy-divider__wrapper\">\n  <div class=\"bde-fancy-divider__separator\">\n  \t  <\/div>\n<\/div>\n\n<\/div><\/div>\n<\/section><\/div><section class=\"bde-section-368931-101 bde-section\">\n  \n  \n\t\n\n\n\n<div class=\"section-container\"><div class=\"bde-rich-text-368931-105 bde-rich-text breakdance-rich-text-styles\">\n<p>We ensure the stability, handling and safety of your Volvo. We check and restore the chassis parts that affect braking distance, tyre wear and driving comfort.<\/p><p><strong>What we do<\/strong><\/p><ul><li>Test drive and forklift control<\/li><li>Evaluation of shock absorbers, springs, hollow hubs and bushings<\/li><li>Steering knuckles, hinges, stabiliser rods and bushes<\/li><li>Drum bearings, semi-axles and dust hubs<\/li><li>Measuring and adjusting bridge geometry (bridge tendon)<\/li><li>Tyre and brake system wear pattern check<\/li><li>ABS\/DSTC error code reading with VIDA<\/li><li>Necessary repairs with original or OEM parts<\/li><\/ul><p><strong>Typical symptoms<\/strong><br \/>Clunks and bounces, vibration in the steering wheel, car \u201cfloats\u201d or shakes, steering wheel is tilted, uneven tyre wear, ABS\/DSTC warnings, shuddering when braking.<\/p><p><strong>Why our<\/strong><br \/>Volvo-specific diagnostics (VIDA\/DiCE), correct paving, transparent pricing and work guaranteed.<\/p><p><strong>How to get started<\/strong><br \/>Book an appointment, describe the symptoms or add your VIN\/passport number-we'll do an inspection and give you a clear price plan before starting work.<\/p>\n<\/div><\/div>\n<\/section>","protected":false},"excerpt":{"rendered":"<p>Veermiku kontroll ja remont Tagame sinu Volvo stabiilsuse, juhitavuse ja ohutuse. Kontrollime ja taastame veermiku detailid, mis m\u00f5jutavad pidurdusteekonda, rehvide kulumist ja s\u00f5idumugavust.Mida teemeProovis\u00f5it ja t\u00f5stukikontrollAmortide, vedrude, \u00f5\u00f5tshoobade ja pukside hindamineRooliotsad, \u0161arniirid, stabilisaatori vardad ja puksidRummulaagrid, poolteljed ja tolmukummidSillageomeetria m\u00f5\u00f5tmine ja reguleerimine (sillastend)Rehvide ja piduris\u00fcsteemi kulumismustri kontrollVIDA abil ABS\/DSTC veakoodide lugemineVajalikud remontt\u00f6\u00f6d originaal- v\u00f5i OEM-varuosadegaT\u00fc\u00fcpilised [&hellip;]<\/p>\n","protected":false},"author":6,"featured_media":368932,"parent":0,"menu_order":0,"comment_status":"closed","ping_status":"closed","template":"","meta":{"_breakdance_hide_in_design_set":false,"_breakdance_tags":"","footnotes":""},"class_list":["post-368931","page","type-page","status-publish","has-post-thumbnail","hentry"],"_links":{"self":[{"href":"https:\/\/bilservice.ee\/en\/wp-json\/wp\/v2\/pages\/368931","targetHints":{"allow":["GET"]}}],"collection":[{"href":"https:\/\/bilservice.ee\/en\/wp-json\/wp\/v2\/pages"}],"about":[{"href":"https:\/\/bilservice.ee\/en\/wp-json\/wp\/v2\/types\/page"}],"author":[{"embeddable":true,"href":"https:\/\/bilservice.ee\/en\/wp-json\/wp\/v2\/users\/6"}],"replies":[{"embeddable":true,"href":"https:\/\/bilservice.ee\/en\/wp-json\/wp\/v2\/comments?post=368931"}],"version-history":[{"count":2,"href":"https:\/\/bilservice.ee\/en\/wp-json\/wp\/v2\/pages\/368931\/revisions"}],"predecessor-version":[{"id":368934,"href":"https:\/\/bilservice.ee\/en\/wp-json\/wp\/v2\/pages\/368931\/revisions\/368934"}],"wp:featuredmedia":[{"embeddable":true,"href":"https:\/\/bilservice.ee\/en\/wp-json\/wp\/v2\/media\/368932"}],"wp:attachment":[{"href":"https:\/\/bilservice.ee\/en\/wp-json\/wp\/v2\/media?parent=368931"}],"curies":[{"name":"wp","href":"https:\/\/api.w.org\/{rel}","templated":true}]}}