{"id":228,"date":"2025-03-20T15:01:47","date_gmt":"2025-03-20T13:01:47","guid":{"rendered":"https:\/\/bilservice.ee\/?page_id=228"},"modified":"2025-09-25T09:18:54","modified_gmt":"2025-09-25T06:18:54","slug":"hinnakiri","status":"publish","type":"page","link":"https:\/\/bilservice.ee\/en\/hinnakiri\/","title":{"rendered":"Price list"},"content":{"rendered":"<div class=\"bde-globalblock-228-100 bde-globalblock\"><style>.breakdance .bde-section-1296-100-1296-1{background-image:url(https:\/\/bilservice.ee\/wp-content\/uploads\/2025\/09\/coin-stacks-front-car-scaled.jpg);background-size:cover;background-repeat:no-repeat;background-position:center center}.breakdance .bde-section-1296-100-1296-1>.section-background-overlay{background-color:var(--bde-brand-primary-color);transition:background-color var(--bde-transition-duration) ease-in-out}.breakdance .bde-section-1296-100-1296-1>.section-background-overlay{opacity:0.2}<\/style><section class=\"bde-section-1296-100-1296-1 bde-section bde-section-1296-100\">\n              \n  \n  \n\t\n\n  <div class=\"section-background-overlay\"><\/div>\n\n\n<div class=\"section-container\"><h1 class=\"bde-heading-1296-101-1296-1 bde-heading bde-heading-1296-101\">\nPrice list\n<\/h1><div class=\"bde-fancy-divider-1296-102-1296-1 bde-fancy-divider bde-fancy-divider-1296-102\">\n\n\n<div class=\"bde-fancy-divider__wrapper\">\n  <div class=\"bde-fancy-divider__separator\">\n  \t  <\/div>\n<\/div>\n\n<\/div><\/div>\n<\/section><\/div><section class=\"bde-section-228-101 bde-section\">\n  \n  \n\t\n\n\n\n<div class=\"section-container\"><div class=\"bde-columns-228-102 bde-columns\"><div class=\"bde-column-228-103 bde-column\">\n  \n  \n\t\n\n\n\n<h2 class=\"bde-heading-228-104 bde-heading\">\nTailored quotes according to your needs\n<\/h2><div class=\"bde-text-228-105 bde-text\">\nWe value the uniqueness of each client and each project, so we always provide a personalised quote to suit your needs. The standard hourly rate for our services is \u20ac65 + km, but the final price will depend on the complexity of the project, the volume and the timeframe.<br><br>As every order is different, we are ready to take into account any special requests and offer a suitable solution that exactly meets your expectations. Please do not hesitate to contact us to discuss your needs and receive an accurate quotation.\n<\/div>\n<\/div><\/div><div class=\"bde-button-228-113 bde-button\">\n    \n                                    \n    \n    \n    \n    \n            \n                    \n            \n            \n\n    \n    \n    \n    \n    \n    <a class=\"breakdance-link button-atom button-atom--primary bde-button__button\" href=\"https:\/\/bilservice.ee\/en\/teenused\/\" target=\"_self\" data-type=\"url\"  >\n\n    \n        <span class=\"button-atom__text\">Check out our services<\/span>\n\n        \n        \n                <\/a>\n\n    \n\n\n<\/div><\/div>\n<\/section>","protected":false},"excerpt":{"rendered":"<p>Hinnakiri Kohandatud hinnapakkumised vastavalt Teie Vajadustele Me hindame iga klienti ja iga projekti unikaalsust, seet\u00f5ttu pakume alati personaalset hinnapakkumist vastavalt teie vajadustele. \u00dcldine tunnihind meie teenustes on 65 \u20ac + km, kuid l\u00f5plik hind s\u00f5ltub projekti keerukusest, mahust ja ajakavadest.Kuna iga tellimus on erinev, oleme valmis arvestama k\u00f5iki erisoove ja pakkuma sobivat lahendust, mis vastab [&hellip;]<\/p>\n","protected":false},"author":3,"featured_media":368916,"parent":0,"menu_order":0,"comment_status":"closed","ping_status":"closed","template":"","meta":{"_breakdance_hide_in_design_set":false,"_breakdance_tags":"","footnotes":""},"class_list":["post-228","page","type-page","status-publish","has-post-thumbnail","hentry"],"_links":{"self":[{"href":"https:\/\/bilservice.ee\/en\/wp-json\/wp\/v2\/pages\/228","targetHints":{"allow":["GET"]}}],"collection":[{"href":"https:\/\/bilservice.ee\/en\/wp-json\/wp\/v2\/pages"}],"about":[{"href":"https:\/\/bilservice.ee\/en\/wp-json\/wp\/v2\/types\/page"}],"author":[{"embeddable":true,"href":"https:\/\/bilservice.ee\/en\/wp-json\/wp\/v2\/users\/3"}],"replies":[{"embeddable":true,"href":"https:\/\/bilservice.ee\/en\/wp-json\/wp\/v2\/comments?post=228"}],"version-history":[{"count":7,"href":"https:\/\/bilservice.ee\/en\/wp-json\/wp\/v2\/pages\/228\/revisions"}],"predecessor-version":[{"id":369016,"href":"https:\/\/bilservice.ee\/en\/wp-json\/wp\/v2\/pages\/228\/revisions\/369016"}],"wp:featuredmedia":[{"embeddable":true,"href":"https:\/\/bilservice.ee\/en\/wp-json\/wp\/v2\/media\/368916"}],"wp:attachment":[{"href":"https:\/\/bilservice.ee\/en\/wp-json\/wp\/v2\/media?parent=228"}],"curies":[{"name":"wp","href":"https:\/\/api.w.org\/{rel}","templated":true}]}}