{"id":104,"date":"2025-02-25T15:31:11","date_gmt":"2025-02-25T13:31:11","guid":{"rendered":"https:\/\/bilservice.ee\/home\/"},"modified":"2025-09-25T12:02:28","modified_gmt":"2025-09-25T09:02:28","slug":"avaleht","status":"publish","type":"page","link":"https:\/\/bilservice.ee\/en\/","title":{"rendered":"Home page"},"content":{"rendered":"<section class=\"bde-section-104-111 bde-section\">\n  \n  \n\t\n\n\n\n<div class=\"section-container\"><div class=\"bde-columns-104-112 bde-columns\"><div class=\"bde-column-104-113 bde-column\">\n  \n  \n\t\n\n\n\n<h1 class=\"bde-heading-104-116 bde-heading\">\nReliability starts here.\n<\/h1><div class=\"bde-fancy-divider-104-117 bde-fancy-divider\">\n\n\n<div class=\"bde-fancy-divider__wrapper\">\n  <div class=\"bde-fancy-divider__separator\">\n  \t  <\/div>\n<\/div>\n\n<\/div><div class=\"bde-div-104-234 bde-div\">\n  \n  \n\t\n\n\n\n<div class=\"bde-div-104-244 bde-div\">\n  \n  \n\t\n\n\n\n<a class=\"bde-container-link-104-240 bde-container-link breakdance-link\" href=\"tel:+37256926921\" target=\"_self\" data-type=\"contact\">\n  \n  \n\t\n\n\n\n<div class=\"bde-icon-104-235 bde-icon\">\n\n    \n            <div class=\"bde-icon-icon breakdance-icon-atom\" >\n    \n                    <svg xmlns=\"http:\/\/www.w3.org\/2000\/svg\" viewbox=\"0 0 512 512\"><!--! Font Awesome Free 6.5.1 by @fontawesome - https:\/\/fontawesome.com License - https:\/\/fontawesome.com\/license\/free (Icons: CC BY 4.0, Fonts: SIL OFL 1.1, Code: MIT License) Copyright 2023 Fonticons, Inc. --><path d=\"M135.2 117.4L109.1 192H402.9l-26.1-74.6C372.3 104.6 360.2 96 346.6 96H165.4c-13.6 0-25.7 8.6-30.2 21.4zM39.6 196.8L74.8 96.3C88.3 57.8 124.6 32 165.4 32H346.6c40.8 0 77.1 25.8 90.6 64.3l35.2 100.5c23.2 9.6 39.6 32.5 39.6 59.2V400v48c0 17.7-14.3 32-32 32H448c-17.7 0-32-14.3-32-32V400H96v48c0 17.7-14.3 32-32 32H32c-17.7 0-32-14.3-32-32V400 256c0-26.7 16.4-49.6 39.6-59.2zM128 288a32 32 0 1 0 -64 0 32 32 0 1 0 64 0zm288 32a32 32 0 1 0 0-64 32 32 0 1 0 0 64z\"\/><\/svg>\n        \n        \n        \n            <\/div>\n    \n\n\n<\/div><div class=\"bde-text-104-237 bde-text\">\n+372 5692 6921<br>\n<\/div>\n\n<\/a><div class=\"bde-icon-list-104-270 bde-icon-list\">\n<ul>\n  \n              \n    <li>\n              <div class='bde-icon-list__item-wrapper'>\n      \n      <span class='bde-icon-list__icon'>\n        <svg xmlns=\"http:\/\/www.w3.org\/2000\/svg\" xmlns:xlink=\"http:\/\/www.w3.org\/1999\/xlink\" version=\"1.1\" id=\"Layer_1\" x=\"0px\" y=\"0px\" viewbox=\"0 0 122.88 85.629\" enable-background=\"new 0 0 122.88 85.629\" xml:space=\"preserve\"><g><path fill-rule=\"evenodd\" clip-rule=\"evenodd\" fill=\"#FFFFFF\" d=\"M6.966,0.239h108.948c3.7,0,6.728,3.027,6.728,6.727v71.696 c0,3.7-3.027,6.728-6.728,6.728H6.966c-3.699,0-6.727-3.027-6.727-6.728V6.966C0.239,3.266,3.267,0.239,6.966,0.239L6.966,0.239z\"\/><path fill-rule=\"evenodd\" clip-rule=\"evenodd\" d=\"M6.966,0.239h108.948c3.7,0,6.728,3.027,6.728,6.727v50.307H0.239V6.966 C0.239,3.266,3.267,0.239,6.966,0.239L6.966,0.239z\"\/><path fill-rule=\"evenodd\" clip-rule=\"evenodd\" fill=\"#0072CE\" d=\"M6.966,0.239h108.948c3.7,0,6.728,3.027,6.728,6.727v21.39H0.239 V6.966C0.239,3.266,3.267,0.239,6.966,0.239L6.966,0.239z\"\/><path fill=\"#CCCCCC\" d=\"M6.966,0h108.948c1.915,0,3.656,0.784,4.919,2.046c1.264,1.264,2.047,3.005,2.047,4.92v71.696 c0,1.915-0.783,3.657-2.046,4.92c-1.264,1.263-3.005,2.047-4.92,2.047H6.966c-1.914,0-3.656-0.784-4.919-2.047 C0.784,82.32,0,80.578,0,78.662V6.966c0-1.916,0.784-3.658,2.046-4.92C3.31,0.784,5.052,0,6.966,0L6.966,0z M115.914,0.479H6.966 c-1.784,0-3.406,0.729-4.581,1.905C1.209,3.56,0.479,5.183,0.479,6.966v71.696c0,1.784,0.73,3.406,1.906,4.582 c1.175,1.177,2.797,1.906,4.581,1.906h108.948c1.784,0,3.406-0.73,4.582-1.905c1.176-1.176,1.906-2.799,1.906-4.583V6.966 c0-1.784-0.73-3.407-1.906-4.583S117.698,0.479,115.914,0.479L115.914,0.479z\"\/><\/g><\/svg>\n      <\/span>\n      <span class='bde-icon-list__text' >\n      \n      <\/span>\n              <\/div>\n      \n    <\/li>\n\n  \n              \n    <li>\n              <div class='bde-icon-list__item-wrapper'>\n      \n      <span class='bde-icon-list__icon'>\n        <svg xmlns=\"http:\/\/www.w3.org\/2000\/svg\" xmlns:xlink=\"http:\/\/www.w3.org\/1999\/xlink\" version=\"1.1\" id=\"Layer_1\" x=\"0px\" y=\"0px\" viewbox=\"0 0 55.2 38.4\" style=\"enable-background:new 0 0 55.2 38.4\" xml:space=\"preserve\"><style type=\"text\/css\">.st0{fill:#FEFEFE;} .st1{fill:#C8102E;} .st2{fill:#012169;}<\/style><g><path class=\"st0\" d=\"M2.87,38.4h49.46c1.59-0.09,2.87-1.42,2.87-3.03V3.03c0-1.66-1.35-3.02-3.01-3.03H3.01 C1.35,0.01,0,1.37,0,3.03v32.33C0,36.98,1.28,38.31,2.87,38.4L2.87,38.4z\"\/><polygon class=\"st1\" points=\"23.74,23.03 23.74,38.4 31.42,38.4 31.42,23.03 55.2,23.03 55.2,15.35 31.42,15.35 31.42,0 23.74,0 23.74,15.35 0,15.35 0,23.03 23.74,23.03\"\/><path class=\"st2\" d=\"M33.98,12.43V0h18.23c1.26,0.02,2.34,0.81,2.78,1.92L33.98,12.43L33.98,12.43z\"\/><path class=\"st2\" d=\"M33.98,25.97V38.4h18.35c1.21-0.07,2.23-0.85,2.66-1.92L33.98,25.97L33.98,25.97z\"\/><path class=\"st2\" d=\"M21.18,25.97V38.4H2.87c-1.21-0.07-2.24-0.85-2.66-1.94L21.18,25.97L21.18,25.97z\"\/><path class=\"st2\" d=\"M21.18,12.43V0H2.99C1.73,0.02,0.64,0.82,0.21,1.94L21.18,12.43L21.18,12.43z\"\/><polygon class=\"st2\" points=\"0,12.8 7.65,12.8 0,8.97 0,12.8\"\/><polygon class=\"st2\" points=\"55.2,12.8 47.51,12.8 55.2,8.95 55.2,12.8\"\/><polygon class=\"st2\" points=\"55.2,25.6 47.51,25.6 55.2,29.45 55.2,25.6\"\/><polygon class=\"st2\" points=\"0,25.6 7.65,25.6 0,29.43 0,25.6\"\/><polygon class=\"st1\" points=\"55.2,3.25 36.15,12.8 40.41,12.8 55.2,5.4 55.2,3.25\"\/><polygon class=\"st1\" points=\"19.01,25.6 14.75,25.6 0,32.98 0,35.13 19.05,25.6 19.01,25.6\"\/><polygon class=\"st1\" points=\"10.52,12.81 14.78,12.81 0,5.41 0,7.55 10.52,12.81\"\/><polygon class=\"st1\" points=\"44.63,25.59 40.37,25.59 55.2,33.02 55.2,30.88 44.63,25.59\"\/><\/g><\/svg>\n      <\/span>\n      <span class='bde-icon-list__text' >\n      \n      <\/span>\n              <\/div>\n      \n    <\/li>\n\n  \n              \n    <li>\n              <div class='bde-icon-list__item-wrapper'>\n      \n      <span class='bde-icon-list__icon'>\n        <svg xmlns=\"http:\/\/www.w3.org\/2000\/svg\" xmlns:xlink=\"http:\/\/www.w3.org\/1999\/xlink\" version=\"1.1\" id=\"Layer_1\" x=\"0px\" y=\"0px\" viewbox=\"0 0 55.32 38.52\" style=\"enable-background:new 0 0 55.32 38.52\" xml:space=\"preserve\"><style type=\"text\/css\">.st0{fill:#FFFFFF;} .st1{fill:#D52B1E;} .st2{fill:#0039A6;} .st3{fill:none;stroke:#CCCCCC;stroke-width:0.1199;stroke-miterlimit:2.6131;}<\/style><g><path class=\"st0\" d=\"M3.09,0.06h49.13c1.67,0,3.03,1.36,3.03,3.03v16.17H0.06V3.09C0.06,1.42,1.42,0.06,3.09,0.06L3.09,0.06z\"\/><path class=\"st1\" d=\"M0.06,19.26h55.2v16.17c0,1.67-1.36,3.03-3.03,3.03H3.09c-1.67,0-3.03-1.37-3.03-3.03V19.26L0.06,19.26z\"\/><polygon class=\"st2\" points=\"0.06,12.86 55.26,12.86 55.26,25.66 0.06,25.66 0.06,12.86\"\/><path class=\"st3\" d=\"M3.09,0.06h49.13c1.67,0,3.03,1.36,3.03,3.03v32.33c0,1.67-1.36,3.03-3.03,3.03H3.09 c-1.67,0-3.03-1.37-3.03-3.03V3.09C0.06,1.42,1.42,0.06,3.09,0.06L3.09,0.06z\"\/><\/g><\/svg>\n      <\/span>\n      <span class='bde-icon-list__text' >\n      \n      <\/span>\n              <\/div>\n      \n    <\/li>\n\n  <\/ul>\n\n<\/div><div class=\"bde-shortcode-104-239 bde-shortcode\"><div  class=\"dgwt-wcas-search-wrapp dgwt-wcas-is-detail-box dgwt-wcas-has-submit woocommerce dgwt-wcas-style-pirx js-dgwt-wcas-layout-classic dgwt-wcas-layout-classic js-dgwt-wcas-mobile-overlay-enabled\">\n\t\t<form class=\"dgwt-wcas-search-form\" role=\"search\" action=\"https:\/\/bilservice.ee\/en\/\" method=\"get\" data-trp-original-action=\"https:\/\/bilservice.ee\/en\/\">\n\t\t<div class=\"dgwt-wcas-sf-wrapp\">\n\t\t\t\t\t\t<label class=\"screen-reader-text\"\n\t\t\t\tfor=\"dgwt-wcas-search-input-1\">\n\t\t\t\tProducts search\t\t\t<\/label>\n\n\t\t\t<input\n\t\t\t\tid=\"dgwt-wcas-search-input-1\"\n\t\t\t\ttype=\"search\"\n\t\t\t\tclass=\"dgwt-wcas-search-input\"\n\t\t\t\tname=\"s\"\n\t\t\t\tvalue=\"\"\n\t\t\t\tplaceholder=\"Search by product code...\"\n\t\t\t\tautocomplete=\"off\"\n\t\t\t\t\t\t\t\/>\n\t\t\t<div class=\"dgwt-wcas-preloader\"><\/div>\n\n\t\t\t<div class=\"dgwt-wcas-voice-search\"><\/div>\n\n\t\t\t\t\t\t\t<button type=\"submit\"\n\t\t\t\t\t\taria-label=\"Search\"\n\t\t\t\t\t\tclass=\"dgwt-wcas-search-submit\">\t\t\t\t<svg\n\t\t\t\t\tclass=\"dgwt-wcas-ico-magnifier\" xmlns=\"http:\/\/www.w3.org\/2000\/svg\" width=\"18\" height=\"18\" viewbox=\"0 0 18 18\">\n\t\t\t\t\t<path  d=\" M 16.722523,17.901412 C 16.572585,17.825208 15.36088,16.670476 14.029846,15.33534 L 11.609782,12.907819 11.01926,13.29667 C 8.7613237,14.783493 5.6172703,14.768302 3.332423,13.259528 -0.07366363,11.010358 -1.0146502,6.5989684 1.1898146,3.2148776\t\t\t\t\t1.5505179,2.6611594 2.4056498,1.7447266 2.9644271,1.3130497 3.4423015,0.94387379 4.3921825,0.48568469 5.1732652,0.2475835 5.886299,0.03022609 6.1341883,0 7.2037391,0 8.2732897,0 8.521179,0.03022609 9.234213,0.2475835 c 0.781083,0.23810119 1.730962,0.69629029 2.208837,1.0654662\t\t\t\t\t0.532501,0.4113763 1.39922,1.3400096 1.760153,1.8858877 1.520655,2.2998531 1.599025,5.3023778 0.199549,7.6451086 -0.208076,0.348322 -0.393306,0.668209 -0.411622,0.710863 -0.01831,0.04265 1.065556,1.18264 2.408603,2.533307 1.343046,1.350666 2.486621,2.574792 2.541278,2.720279 0.282475,0.7519\t\t\t\t\t-0.503089,1.456506 -1.218488,1.092917 z M 8.4027892,12.475062 C 9.434946,12.25579 10.131043,11.855461 10.99416,10.984753 11.554519,10.419467 11.842507,10.042366 12.062078,9.5863882 12.794223,8.0659672 12.793657,6.2652398 12.060578,4.756293 11.680383,3.9737304 10.453587,2.7178427\t\t\t\t\t9.730569,2.3710306 8.6921295,1.8729196 8.3992147,1.807606 7.2037567,1.807606 6.0082984,1.807606 5.7153841,1.87292 4.6769446,2.3710306 3.9539263,2.7178427 2.7271301,3.9737304 2.3469352,4.756293 1.6138384,6.2652398 1.6132726,8.0659672 2.3454252,9.5863882 c 0.4167354,0.8654208 1.5978784,2.0575608\t\t\t\t\t2.4443766,2.4671358 1.0971012,0.530827 2.3890403,0.681561 3.6130134,0.421538 z\t\t\t\t\t\"\/>\n\t\t\t\t<\/svg>\n\t\t\t\t<\/button>\n\t\t\t\n\t\t\t<input type=\"hidden\" name=\"post_type\" value=\"product\"\/>\n\t\t\t<input type=\"hidden\" name=\"dgwt_wcas\" value=\"1\"\/>\n\n\t\t\t\n\t\t\t\t\t<\/div>\n\t<input type=\"hidden\" name=\"trp-form-language\" value=\"en\"\/><\/form>\n<\/div>\n<\/div>\n<\/div>\n<\/div>\n<\/div><\/div><\/div>\n<\/section><section class=\"bde-section-104-124 bde-section\">\n  \n  \n\t\n\n\n\n<div class=\"section-container\"><div class=\"bde-columns-104-125 bde-columns\"><div class=\"bde-column-104-126 bde-column\">\n  \n  \n\t\n\n\n\n<div class=\"bde-div-104-224 bde-div\">\n  \n  \n\t\n\n\n\n<h2 class=\"bde-heading-104-128 bde-heading\">\nAbout us\n<\/h2>\n<\/div>\n<\/div><div class=\"bde-column-104-127 bde-column\">\n  \n  \n\t\n\n\n\n<h3 class=\"bde-heading-104-130 bde-heading\">\nVolvo Premium service and repair with warranty, original spare parts.\n<\/h3><div class=\"bde-text-104-131 bde-text\">\nYour Volvo deserves the care that ensures its reliability and long life. Our specialists know Volvo technology inside out, using only the highest quality parts and state-of-the-art diagnostics. Bring your car to us - we'll service and repair it so you can keep on driving with peace of mind.\n<\/div><div class=\"bde-div-104-226 bde-div\">\n  \n  \n\t\n\n\n\n<div class=\"bde-simple-counter-104-133 bde-simple-counter\">\n<div class=\"bde-simple-counter__wrapper\">\n  <p class=\"bde-simple-counter__number bde-h6\">\n    <span class=\"bde-simple-counter__prefix\"><\/span>\n    <span class=\"bde-simple-counter__digit js-digit\"><\/span>\n    <span class=\"bde-simple-counter__suffix\">+<\/span>\n  <\/p>\n    \t<div class=\"bde-simple-counter__title\" >Years of experience<\/div>\n  <\/div>\n\n<\/div>\n<\/div><div class=\"bde-div-104-135 bde-div\">\n  \n  \n\t\n\n\n\n<div class=\"bde-simple-counter-104-134 bde-simple-counter\">\n<div class=\"bde-simple-counter__wrapper\">\n  <p class=\"bde-simple-counter__number bde-h6\">\n    <span class=\"bde-simple-counter__prefix\"><\/span>\n    <span class=\"bde-simple-counter__digit js-digit\"><\/span>\n    <span class=\"bde-simple-counter__suffix\">+<\/span>\n  <\/p>\n    \t<div class=\"bde-simple-counter__title\" >repaired car<\/div>\n  <\/div>\n\n<\/div>\n<\/div>\n<\/div><\/div><\/div>\n<\/section><section class=\"bde-section-104-136 bde-section\">\n  \n  \n\t\n\n\n\n<div class=\"section-container\"><h2 class=\"bde-heading-104-137 bde-heading\">\nHow our services<br>work.\n<\/h2><div class=\"bde-div-104-141 bde-div\">\n  \n  \n\t\n\n\n\n<div class=\"bde-div-104-142 bde-div\">\n  \n  \n\t\n\n\n\n<div class=\"bde-text-104-147 bde-text\">\n01.\n<\/div>\n<\/div><div class=\"bde-div-104-143 bde-div\">\n  \n  \n\t\n\n\n\n<h4 class=\"bde-heading-104-145 bde-heading\">\nBook your time today\n<\/h4><a class=\"bde-text-link-104-146 bde-text-link breakdance-link\" href=\"#kontakt\" target=\"_self\" data-type=\"url\">\n  Book a time\n\n<\/a>\n<\/div>\n<\/div><div class=\"bde-div-104-149 bde-div\">\n  \n  \n\t\n\n\n\n<div class=\"bde-div-104-150 bde-div\">\n  \n  \n\t\n\n\n\n<div class=\"bde-text-104-151 bde-text\">\n02.\n<\/div>\n<\/div><div class=\"bde-div-104-152 bde-div\">\n  \n  \n\t\n\n\n\n<h4 class=\"bde-heading-104-153 bde-heading\">\nChoose services\n<\/h4>\n<\/div><div class=\"bde-text-104-157 bde-text\">\nTake a look at our services and find the one that meets your needs. Whether it's installation, maintenance or repair, our services have something for every situation. Choose the service that's right for your project and let's move to the next step!\n<\/div>\n<\/div><div class=\"bde-div-104-158 bde-div\">\n  \n  \n\t\n\n\n\n<div class=\"bde-div-104-159 bde-div\">\n  \n  \n\t\n\n\n\n<div class=\"bde-text-104-160 bde-text\">\n03.\n<\/div>\n<\/div><div class=\"bde-div-104-161 bde-div\">\n  \n  \n\t\n\n\n\n<h4 class=\"bde-heading-104-162 bde-heading\">\nSend request<br>\n<\/h4>\n<\/div><div class=\"bde-text-104-163 bde-text\">\nOnce you've chosen your service, fill in the enquiry form and send us your questions or special requests. Our team will review your enquiry and get back to you shortly to discuss the details and offer you the best solution!<br>\n<\/div>\n<\/div><\/div>\n<\/section><section class=\"bde-section-104-164 bde-section\">\n  \n  \n\t\n\n\n\n<div class=\"section-container\"><div class=\"bde-div-104-165 bde-div\">\n  \n  \n\t\n\n\n\n<h3 class=\"bde-heading-104-166 bde-heading\">\nRegular inspection of vehicles.<br>\n<\/h3><div class=\"bde-div-104-167 bde-div\">\n  \n  \n\t\n\n\n\n<div class=\"bde-text-104-168 bde-text\">\nOur team is ready to help - get in touch and we'll find a solution together!\n<\/div><div class=\"bde-button-104-169 bde-button\">\n    \n                                    \n    \n    \n    \n    \n            \n                    \n            \n            \n\n    \n    \n    \n    \n    \n    <a class=\"breakdance-link button-atom button-atom--primary bde-button__button\" href=\"https:\/\/bilservice.ee\/en\/kontakt\/\" target=\"_self\" data-type=\"url\"  >\n\n    \n        <span class=\"button-atom__text\">Contact us<\/span>\n\n        \n        \n                <\/a>\n\n    \n\n\n<\/div>\n<\/div>\n<\/div><div class=\"bde-div-104-230 bde-div\">\n  \n  \n\t\n\n\n\n\n<\/div><\/div>\n<\/section><section class=\"bde-section-104-171 bde-section\">\n  \n  \n\t\n\n\n\n<div class=\"section-container\"><div class=\"bde-div-104-269 bde-div\">\n  \n  \n\t\n\n\n\n<h3 class=\"bde-heading-104-172 bde-heading\">\nCheck out Bilservice maintenance services\n<\/h3><div class=\"bde-button-104-268 bde-button\">\n    \n                                    \n    \n    \n    \n    \n            \n                    \n            \n            \n\n    \n    \n    \n    \n    \n    <a class=\"breakdance-link button-atom button-atom--primary bde-button__button\" href=\"https:\/\/bilservice.ee\/en\/teenused\/\" target=\"_self\" data-type=\"url\"  >\n\n    \n        <span class=\"button-atom__text\">All services<\/span>\n\n        \n        \n                <\/a>\n\n    \n\n\n<\/div>\n<\/div><div class=\"bde-columns-104-252 bde-columns\"><div class=\"bde-column-104-253 bde-column\">\n  \n  \n\t\n\n\n\n<img decoding=\"async\" class=\"bde-image2-104-254 bde-image2\" src=\"https:\/\/bilservice.ee\/wp-content\/uploads\/2025\/09\/mechanic-man-repairing-car-scaled.jpg\" loading=\"lazy\" srcset=\"https:\/\/bilservice.ee\/wp-content\/uploads\/2025\/09\/mechanic-man-repairing-car-scaled.jpg 2560w, https:\/\/bilservice.ee\/wp-content\/uploads\/2025\/09\/mechanic-man-repairing-car-300x200.jpg 300w, https:\/\/bilservice.ee\/wp-content\/uploads\/2025\/09\/mechanic-man-repairing-car-1024x683.jpg 1024w, https:\/\/bilservice.ee\/wp-content\/uploads\/2025\/09\/mechanic-man-repairing-car-768x512.jpg 768w, https:\/\/bilservice.ee\/wp-content\/uploads\/2025\/09\/mechanic-man-repairing-car-1536x1024.jpg 1536w\" sizes=\"(max-width: 2560px) 100vw, 2560px\"><h1 class=\"bde-heading-104-255 bde-heading\">\nVehicle maintenance and repair work\n<\/h1><div class=\"bde-text-104-256 bde-text\">\nWe offer maintenance and repair of Volvo cars and SUVs according to factory specifications. We carry out oil and...\n<\/div><div class=\"bde-button-104-257 bde-button\">\n    \n                        \n                        \n    \n    \n    \n    \n            \n                    \n            \n            \n\n    \n    \n    \n    \n    \n    <a class=\"breakdance-link button-atom button-atom--primary bde-button__button\" href=\"https:\/\/bilservice.ee\/en\/soidukite-hooldus-ja-remont-tood\/\" target=\"_self\" data-type=\"url\"  >\n\n    \n        <span class=\"button-atom__text\">See more<\/span>\n\n        \n        \n                <\/a>\n\n    \n\n\n<\/div>\n<\/div><div class=\"bde-column-104-258 bde-column\">\n  \n  \n\t\n\n\n\n<img decoding=\"async\" class=\"bde-image2-104-259 bde-image2\" src=\"https:\/\/bilservice.ee\/wp-content\/uploads\/2025\/09\/modern-automobile-mechanic-composition-scaled.jpg\" loading=\"lazy\" srcset=\"https:\/\/bilservice.ee\/wp-content\/uploads\/2025\/09\/modern-automobile-mechanic-composition-scaled.jpg 2560w, https:\/\/bilservice.ee\/wp-content\/uploads\/2025\/09\/modern-automobile-mechanic-composition-300x200.jpg 300w, https:\/\/bilservice.ee\/wp-content\/uploads\/2025\/09\/modern-automobile-mechanic-composition-1024x683.jpg 1024w, https:\/\/bilservice.ee\/wp-content\/uploads\/2025\/09\/modern-automobile-mechanic-composition-768x513.jpg 768w, https:\/\/bilservice.ee\/wp-content\/uploads\/2025\/09\/modern-automobile-mechanic-composition-1536x1025.jpg 1536w, https:\/\/bilservice.ee\/wp-content\/uploads\/2025\/09\/modern-automobile-mechanic-composition-2048x1367.jpg 2048w\" sizes=\"(max-width: 2560px) 100vw, 2560px\"><h1 class=\"bde-heading-104-260 bde-heading\">\nRolling stock inspection and repair\n<\/h1><div class=\"bde-text-104-261 bde-text\">\nWe ensure the stability, handling and safety of your Volvo. We check and restore the chassis parts that...\n<\/div><div class=\"bde-button-104-262 bde-button\">\n    \n                        \n                        \n    \n    \n    \n    \n            \n                    \n            \n            \n\n    \n    \n    \n    \n    \n    <a class=\"breakdance-link button-atom button-atom--primary bde-button__button\" href=\"https:\/\/bilservice.ee\/en\/veermiku-kontroll-ja-remont\/\" target=\"_self\" data-type=\"url\"  >\n\n    \n        <span class=\"button-atom__text\">See more<\/span>\n\n        \n        \n                <\/a>\n\n    \n\n\n<\/div>\n<\/div><div class=\"bde-column-104-263 bde-column\">\n  \n  \n\t\n\n\n\n<img decoding=\"async\" class=\"bde-image2-104-264 bde-image2\" src=\"https:\/\/bilservice.ee\/wp-content\/uploads\/2025\/09\/workshop-repairing-service-scaled.jpg\" loading=\"lazy\" srcset=\"https:\/\/bilservice.ee\/wp-content\/uploads\/2025\/09\/workshop-repairing-service-scaled.jpg 2560w, https:\/\/bilservice.ee\/wp-content\/uploads\/2025\/09\/workshop-repairing-service-300x200.jpg 300w, https:\/\/bilservice.ee\/wp-content\/uploads\/2025\/09\/workshop-repairing-service-1024x683.jpg 1024w, https:\/\/bilservice.ee\/wp-content\/uploads\/2025\/09\/workshop-repairing-service-768x512.jpg 768w, https:\/\/bilservice.ee\/wp-content\/uploads\/2025\/09\/workshop-repairing-service-1536x1024.jpg 1536w, https:\/\/bilservice.ee\/wp-content\/uploads\/2025\/09\/workshop-repairing-service-2048x1365.jpg 2048w\" sizes=\"(max-width: 2560px) 100vw, 2560px\"><h1 class=\"bde-heading-104-265 bde-heading\">\nBridge inspection and adjustment\n<\/h1><div class=\"bde-text-104-266 bde-text\">\nWe'll set your Volvo's front and rear axles to factory specifications so your car runs straight, your tyres wear...\n<\/div><div class=\"bde-button-104-267 bde-button\">\n    \n                        \n                        \n    \n    \n    \n    \n            \n                    \n            \n            \n\n    \n    \n    \n    \n    \n    <a class=\"breakdance-link button-atom button-atom--primary bde-button__button\" href=\"https:\/\/bilservice.ee\/en\/sildade-kontroll-ja-reguleerimine\/\" target=\"_self\" data-type=\"url\"  >\n\n    \n        <span class=\"button-atom__text\">See more<\/span>\n\n        \n        \n                <\/a>\n\n    \n\n\n<\/div>\n<\/div><\/div><\/div>\n<\/section><section class=\"bde-section-104-189 bde-section\">\n  \n  \n\t\n\n\n\n<div class=\"section-container\"><h6 class=\"bde-heading-104-193 bde-heading\">\nReviews\n<\/h6><h3 class=\"bde-heading-104-194 bde-heading\">\nRead what our customers are saying!\n<\/h3><div class=\"bde-advancedslider-104-196 bde-advancedslider\">\n<div class=\"breakdance-swiper-wrapper\" data-swiper-id=\"196\">\n  <div class=\"swiper\">\n    <div class=\"swiper-wrapper\">\n      <div class=\"bde-advancedslide-104-197 bde-advancedslide swiper-slide\"><div class=\"advanced-slider__slide\">\r\n  <div class=\"bde-simple-testimonial-104-207 bde-simple-testimonial\">\n\n\n\n\n    <div class='simple-testimonial__quote'>\n        <blockquote >\n            Quality<br>Speed in communicating with clients and getting the job done.<br>I used the services and was satisfied.<br>I will continue to use your services.<br>I am happy.<br>I recommend.\n        <\/blockquote>\n\n        \n    <\/div>\n\n    \n        \n\n\n\n    <div class='simple-testimonial__author' >\n        Yevgeny Shved\n    <\/div>\n\n\n\n\n<\/div>\r\n<\/div><\/div><div class=\"bde-advancedslide-104-214 bde-advancedslide swiper-slide\"><div class=\"advanced-slider__slide\">\r\n  <div class=\"bde-simple-testimonial-104-215 bde-simple-testimonial\">\n\n\n\n\n    <div class='simple-testimonial__quote'>\n        <blockquote >\n            The work was done quickly and efficiently.<br>The boys know a lot about Volvos.<br>I liked it, I will only go to them for repairs in the future.\n        <\/blockquote>\n\n        \n    <\/div>\n\n    \n        \n\n\n\n    <div class='simple-testimonial__author' >\n        Dima Jaskov\n    <\/div>\n\n\n\n\n<\/div>\r\n<\/div><\/div><div class=\"bde-advancedslide-104-216 bde-advancedslide swiper-slide\"><div class=\"advanced-slider__slide\">\r\n  <div class=\"bde-simple-testimonial-104-217 bde-simple-testimonial\">\n\n\n\n\n    <div class='simple-testimonial__quote'>\n        <blockquote >\n            VOLVO cars are serviced quickly and to a high standard.<br>I went to 3 different workshops with my problem, but no one could help.<br>Here, the guys solved all the problems within an hour - the necessary spare parts were immediately in stock.<br>I wholeheartedly recommend this place.<br>We are talking about the XC90 2019 model.\n        <\/blockquote>\n\n        \n    <\/div>\n\n    \n        \n\n\n\n    <div class='simple-testimonial__author' >\n        Vadim Kodra\n    <\/div>\n\n\n\n\n<\/div>\r\n<\/div><\/div><div class=\"bde-advancedslide-104-248 bde-advancedslide swiper-slide\"><div class=\"advanced-slider__slide\">\r\n  <div class=\"bde-simple-testimonial-104-249 bde-simple-testimonial\">\n\n\n\n\n    <div class='simple-testimonial__quote'>\n        <blockquote >\n            The boys fixed the T6 engine in an hour \ud83d\udcaa\n        <\/blockquote>\n\n        \n    <\/div>\n\n    \n        \n\n\n\n    <div class='simple-testimonial__author' >\n        Dmitry Nipadistov\n    <\/div>\n\n\n\n\n<\/div>\r\n<\/div><\/div><div class=\"bde-advancedslide-104-250 bde-advancedslide swiper-slide\"><div class=\"advanced-slider__slide\">\r\n  <div class=\"bde-simple-testimonial-104-251 bde-simple-testimonial\">\n\n\n\n\n    <div class='simple-testimonial__quote'>\n        <blockquote >\n            Volvo Young Experts! I recommend.\n        <\/blockquote>\n\n        \n    <\/div>\n\n    \n        \n\n\n\n    <div class='simple-testimonial__author' >\n        Janek Hamidzanov\n    <\/div>\n\n\n\n\n<\/div>\r\n<\/div><\/div>\n    <\/div>\n  <\/div>\n\n              <div class=\"swiper-button-prev\">\n            \n        <\/div>\n        <div class=\"swiper-button-next\">\n            \n        <\/div>\n    \n    \n<\/div>\n\n<\/div><\/div>\n<\/section>","protected":false},"excerpt":{"rendered":"<p>Usaldusv\u00e4\u00e4rsus algab siit. +372 5692 6921 Products search Meist Volvo Premium teenindus ja remont garantiiga, originaalvaruosadega. Sinu Volvo v\u00e4\u00e4rib hooldust, mis tagab selle t\u00f6\u00f6kindluse ja pika eluea. Meie spetsialistid tunnevad Volvo tehnoloogiat l\u00e4bi ja l\u00f5hki, kasutades ainult kvaliteetseid varuosi ja kaasaegseid diagnostikalahendusi. Too oma auto meile \u2013 hooldame ja parandame selle nii, et saad muretult [&hellip;]<\/p>\n","protected":false},"author":3,"featured_media":0,"parent":0,"menu_order":0,"comment_status":"closed","ping_status":"closed","template":"","meta":{"_breakdance_hide_in_design_set":false,"_breakdance_tags":"","footnotes":""},"class_list":["post-104","page","type-page","status-publish","hentry"],"_links":{"self":[{"href":"https:\/\/bilservice.ee\/en\/wp-json\/wp\/v2\/pages\/104","targetHints":{"allow":["GET"]}}],"collection":[{"href":"https:\/\/bilservice.ee\/en\/wp-json\/wp\/v2\/pages"}],"about":[{"href":"https:\/\/bilservice.ee\/en\/wp-json\/wp\/v2\/types\/page"}],"author":[{"embeddable":true,"href":"https:\/\/bilservice.ee\/en\/wp-json\/wp\/v2\/users\/3"}],"replies":[{"embeddable":true,"href":"https:\/\/bilservice.ee\/en\/wp-json\/wp\/v2\/comments?post=104"}],"version-history":[{"count":74,"href":"https:\/\/bilservice.ee\/en\/wp-json\/wp\/v2\/pages\/104\/revisions"}],"predecessor-version":[{"id":369028,"href":"https:\/\/bilservice.ee\/en\/wp-json\/wp\/v2\/pages\/104\/revisions\/369028"}],"wp:attachment":[{"href":"https:\/\/bilservice.ee\/en\/wp-json\/wp\/v2\/media?parent=104"}],"curies":[{"name":"wp","href":"https:\/\/api.w.org\/{rel}","templated":true}]}}