{"id":102,"date":"2025-02-25T15:31:11","date_gmt":"2025-02-25T13:31:11","guid":{"rendered":"https:\/\/bilservice.ee\/our-services\/"},"modified":"2025-09-25T12:11:39","modified_gmt":"2025-09-25T09:11:39","slug":"teenused","status":"publish","type":"page","link":"https:\/\/bilservice.ee\/en\/teenused\/","title":{"rendered":"Services"},"content":{"rendered":"<div class=\"bde-globalblock-102-121 bde-globalblock\"><style>.breakdance .bde-section-1296-100-1296-1{background-image:url(https:\/\/bilservice.ee\/wp-content\/uploads\/2025\/09\/bearded-expert-mechanic-dressed-uniform-standing-with-crossed-arms-against-car-lift-garage-scaled.jpg);background-size:cover;background-repeat:no-repeat;background-position:center center}.breakdance .bde-section-1296-100-1296-1>.section-background-overlay{background-color:var(--bde-brand-primary-color);transition:background-color var(--bde-transition-duration) ease-in-out}.breakdance .bde-section-1296-100-1296-1>.section-background-overlay{opacity:0.2}<\/style><section class=\"bde-section-1296-100-1296-1 bde-section bde-section-1296-100\">\n              \n  \n  \n\t\n\n  <div class=\"section-background-overlay\"><\/div>\n\n\n<div class=\"section-container\"><h1 class=\"bde-heading-1296-101-1296-1 bde-heading bde-heading-1296-101\">\nServices\n<\/h1><div class=\"bde-fancy-divider-1296-102-1296-1 bde-fancy-divider bde-fancy-divider-1296-102\">\n\n\n<div class=\"bde-fancy-divider__wrapper\">\n  <div class=\"bde-fancy-divider__separator\">\n  \t  <\/div>\n<\/div>\n\n<\/div><\/div>\n<\/section><\/div><section class=\"bde-section-102-122 bde-section\">\n  \n  \n\t\n\n\n\n<div class=\"section-container\"><div class=\"bde-columns-102-307 bde-columns\"><div class=\"bde-column-102-308 bde-column\">\n  \n  \n\t\n\n\n\n<img decoding=\"async\" class=\"bde-image2-102-311 bde-image2\" src=\"https:\/\/bilservice.ee\/wp-content\/uploads\/2025\/09\/mechanic-man-repairing-car-scaled.jpg\" loading=\"lazy\" srcset=\"https:\/\/bilservice.ee\/wp-content\/uploads\/2025\/09\/mechanic-man-repairing-car-scaled.jpg 2560w, https:\/\/bilservice.ee\/wp-content\/uploads\/2025\/09\/mechanic-man-repairing-car-300x200.jpg 300w, https:\/\/bilservice.ee\/wp-content\/uploads\/2025\/09\/mechanic-man-repairing-car-1024x683.jpg 1024w, https:\/\/bilservice.ee\/wp-content\/uploads\/2025\/09\/mechanic-man-repairing-car-768x512.jpg 768w, https:\/\/bilservice.ee\/wp-content\/uploads\/2025\/09\/mechanic-man-repairing-car-1536x1024.jpg 1536w\" sizes=\"(max-width: 2560px) 100vw, 2560px\"><h1 class=\"bde-heading-102-312 bde-heading\">\nVehicle maintenance and repair work\n<\/h1><div class=\"bde-text-102-313 bde-text\">\nWe offer maintenance and repair of Volvo cars and SUVs according to factory specifications. We carry out oil and...\n<\/div><div class=\"bde-button-102-314 bde-button\">\n    \n                        \n                        \n    \n    \n    \n    \n            \n                    \n            \n            \n\n    \n    \n    \n    \n    \n    <a class=\"breakdance-link button-atom button-atom--primary bde-button__button\" href=\"https:\/\/bilservice.ee\/en\/soidukite-hooldus-ja-remont-tood\/\" target=\"_self\" data-type=\"url\"  >\n\n    \n        <span class=\"button-atom__text\">See more<\/span>\n\n        \n        \n                <\/a>\n\n    \n\n\n<\/div>\n<\/div><div class=\"bde-column-102-315 bde-column\">\n  \n  \n\t\n\n\n\n<img decoding=\"async\" class=\"bde-image2-102-316 bde-image2\" src=\"https:\/\/bilservice.ee\/wp-content\/uploads\/2025\/09\/modern-automobile-mechanic-composition-scaled.jpg\" loading=\"lazy\" srcset=\"https:\/\/bilservice.ee\/wp-content\/uploads\/2025\/09\/modern-automobile-mechanic-composition-scaled.jpg 2560w, https:\/\/bilservice.ee\/wp-content\/uploads\/2025\/09\/modern-automobile-mechanic-composition-300x200.jpg 300w, https:\/\/bilservice.ee\/wp-content\/uploads\/2025\/09\/modern-automobile-mechanic-composition-1024x683.jpg 1024w, https:\/\/bilservice.ee\/wp-content\/uploads\/2025\/09\/modern-automobile-mechanic-composition-768x513.jpg 768w, https:\/\/bilservice.ee\/wp-content\/uploads\/2025\/09\/modern-automobile-mechanic-composition-1536x1025.jpg 1536w, https:\/\/bilservice.ee\/wp-content\/uploads\/2025\/09\/modern-automobile-mechanic-composition-2048x1367.jpg 2048w\" sizes=\"(max-width: 2560px) 100vw, 2560px\"><h1 class=\"bde-heading-102-317 bde-heading\">\nRolling stock inspection and repair\n<\/h1><div class=\"bde-text-102-318 bde-text\">\nWe ensure the stability, handling and safety of your Volvo. We check and restore the chassis parts that...\n<\/div><div class=\"bde-button-102-319 bde-button\">\n    \n                        \n                        \n    \n    \n    \n    \n            \n                    \n            \n            \n\n    \n    \n    \n    \n    \n    <a class=\"breakdance-link button-atom button-atom--primary bde-button__button\" href=\"https:\/\/bilservice.ee\/en\/veermiku-kontroll-ja-remont\/\" target=\"_self\" data-type=\"url\"  >\n\n    \n        <span class=\"button-atom__text\">See more<\/span>\n\n        \n        \n                <\/a>\n\n    \n\n\n<\/div>\n<\/div><div class=\"bde-column-102-320 bde-column\">\n  \n  \n\t\n\n\n\n<img decoding=\"async\" class=\"bde-image2-102-321 bde-image2\" src=\"https:\/\/bilservice.ee\/wp-content\/uploads\/2025\/09\/workshop-repairing-service-scaled.jpg\" loading=\"lazy\" srcset=\"https:\/\/bilservice.ee\/wp-content\/uploads\/2025\/09\/workshop-repairing-service-scaled.jpg 2560w, https:\/\/bilservice.ee\/wp-content\/uploads\/2025\/09\/workshop-repairing-service-300x200.jpg 300w, https:\/\/bilservice.ee\/wp-content\/uploads\/2025\/09\/workshop-repairing-service-1024x683.jpg 1024w, https:\/\/bilservice.ee\/wp-content\/uploads\/2025\/09\/workshop-repairing-service-768x512.jpg 768w, https:\/\/bilservice.ee\/wp-content\/uploads\/2025\/09\/workshop-repairing-service-1536x1024.jpg 1536w, https:\/\/bilservice.ee\/wp-content\/uploads\/2025\/09\/workshop-repairing-service-2048x1365.jpg 2048w\" sizes=\"(max-width: 2560px) 100vw, 2560px\"><h1 class=\"bde-heading-102-322 bde-heading\">\nBridge inspection and adjustment\n<\/h1><div class=\"bde-text-102-323 bde-text\">\nWe'll set your Volvo's front and rear axles to factory specifications so your car runs straight, your tyres wear...\n<\/div><div class=\"bde-button-102-324 bde-button\">\n    \n                        \n                        \n    \n    \n    \n    \n            \n                    \n            \n            \n\n    \n    \n    \n    \n    \n    <a class=\"breakdance-link button-atom button-atom--primary bde-button__button\" href=\"https:\/\/bilservice.ee\/en\/sildade-kontroll-ja-reguleerimine\/\" target=\"_self\" data-type=\"url\"  >\n\n    \n        <span class=\"button-atom__text\">See more<\/span>\n\n        \n        \n                <\/a>\n\n    \n\n\n<\/div>\n<\/div><\/div><div class=\"bde-columns-102-325 bde-columns\"><div class=\"bde-column-102-326 bde-column\">\n  \n  \n\t\n\n\n\n<img decoding=\"async\" class=\"bde-image2-102-327 bde-image2\" src=\"https:\/\/bilservice.ee\/wp-content\/uploads\/2025\/09\/muscular-car-service-worker-repairing-vehicle-scaled.jpg\" loading=\"lazy\" srcset=\"https:\/\/bilservice.ee\/wp-content\/uploads\/2025\/09\/muscular-car-service-worker-repairing-vehicle-scaled.jpg 2560w, https:\/\/bilservice.ee\/wp-content\/uploads\/2025\/09\/muscular-car-service-worker-repairing-vehicle-300x186.jpg 300w, https:\/\/bilservice.ee\/wp-content\/uploads\/2025\/09\/muscular-car-service-worker-repairing-vehicle-1024x635.jpg 1024w, https:\/\/bilservice.ee\/wp-content\/uploads\/2025\/09\/muscular-car-service-worker-repairing-vehicle-768x477.jpg 768w, https:\/\/bilservice.ee\/wp-content\/uploads\/2025\/09\/muscular-car-service-worker-repairing-vehicle-1536x953.jpg 1536w, https:\/\/bilservice.ee\/wp-content\/uploads\/2025\/09\/muscular-car-service-worker-repairing-vehicle-2048x1271.jpg 2048w\" sizes=\"(max-width: 2560px) 100vw, 2560px\"><h1 class=\"bde-heading-102-328 bde-heading\">\nEngine repairs\n<\/h1><div class=\"bde-text-102-329 bde-text\">\nWe carry out professional diagnostics, maintenance and repairs on Volvo engines to restore performance,...\n<\/div><div class=\"bde-button-102-330 bde-button\">\n    \n                        \n                        \n    \n    \n    \n    \n            \n                    \n            \n            \n\n    \n    \n    \n    \n    \n    <a class=\"breakdance-link button-atom button-atom--primary bde-button__button\" href=\"https:\/\/bilservice.ee\/en\/mootori-remonttood\/\" target=\"_self\" data-type=\"url\"  >\n\n    \n        <span class=\"button-atom__text\">See more<\/span>\n\n        \n        \n                <\/a>\n\n    \n\n\n<\/div>\n<\/div><div class=\"bde-column-102-331 bde-column\">\n  \n  \n\t\n\n\n\n<img decoding=\"async\" class=\"bde-image2-102-332 bde-image2\" src=\"https:\/\/bilservice.ee\/wp-content\/uploads\/2025\/09\/mechanism-gears-machine-oil-closeup-gearbox-repair-background-cinematic-toning-scaled.jpg\" loading=\"lazy\" srcset=\"https:\/\/bilservice.ee\/wp-content\/uploads\/2025\/09\/mechanism-gears-machine-oil-closeup-gearbox-repair-background-cinematic-toning-scaled.jpg 2560w, https:\/\/bilservice.ee\/wp-content\/uploads\/2025\/09\/mechanism-gears-machine-oil-closeup-gearbox-repair-background-cinematic-toning-300x199.jpg 300w, https:\/\/bilservice.ee\/wp-content\/uploads\/2025\/09\/mechanism-gears-machine-oil-closeup-gearbox-repair-background-cinematic-toning-1024x680.jpg 1024w, https:\/\/bilservice.ee\/wp-content\/uploads\/2025\/09\/mechanism-gears-machine-oil-closeup-gearbox-repair-background-cinematic-toning-768x510.jpg 768w, https:\/\/bilservice.ee\/wp-content\/uploads\/2025\/09\/mechanism-gears-machine-oil-closeup-gearbox-repair-background-cinematic-toning-1536x1021.jpg 1536w, https:\/\/bilservice.ee\/wp-content\/uploads\/2025\/09\/mechanism-gears-machine-oil-closeup-gearbox-repair-background-cinematic-toning-2048x1361.jpg 2048w\" sizes=\"(max-width: 2560px) 100vw, 2560px\"><h1 class=\"bde-heading-102-333 bde-heading\">\nGearbox oil change and adaptation\n<\/h1><div class=\"bde-text-102-334 bde-text\">\nWe'll keep your Volvo gearbox running smooth, durable and economical. We change the oil to the right specification to...\n<\/div><div class=\"bde-button-102-335 bde-button\">\n    \n                        \n                        \n    \n    \n    \n    \n            \n                    \n            \n            \n\n    \n    \n    \n    \n    \n    <a class=\"breakdance-link button-atom button-atom--primary bde-button__button\" href=\"https:\/\/bilservice.ee\/en\/kaigukasti-oli-vahetus-ja-adapteerimine\/\" target=\"_self\" data-type=\"url\"  >\n\n    \n        <span class=\"button-atom__text\">See more<\/span>\n\n        \n        \n                <\/a>\n\n    \n\n\n<\/div>\n<\/div><div class=\"bde-column-102-336 bde-column\">\n  \n  \n\t\n\n\n\n<img decoding=\"async\" class=\"bde-image2-102-337 bde-image2\" src=\"https:\/\/bilservice.ee\/wp-content\/uploads\/2025\/09\/cropped-hands-man-repairing-engine-workshop-scaled.jpg\" loading=\"lazy\" srcset=\"https:\/\/bilservice.ee\/wp-content\/uploads\/2025\/09\/cropped-hands-man-repairing-engine-workshop-scaled.jpg 2560w, https:\/\/bilservice.ee\/wp-content\/uploads\/2025\/09\/cropped-hands-man-repairing-engine-workshop-300x200.jpg 300w, https:\/\/bilservice.ee\/wp-content\/uploads\/2025\/09\/cropped-hands-man-repairing-engine-workshop-1024x683.jpg 1024w, https:\/\/bilservice.ee\/wp-content\/uploads\/2025\/09\/cropped-hands-man-repairing-engine-workshop-768x512.jpg 768w, https:\/\/bilservice.ee\/wp-content\/uploads\/2025\/09\/cropped-hands-man-repairing-engine-workshop-1536x1024.jpg 1536w, https:\/\/bilservice.ee\/wp-content\/uploads\/2025\/09\/cropped-hands-man-repairing-engine-workshop-2048x1366.jpg 2048w\" sizes=\"(max-width: 2560px) 100vw, 2560px\"><h1 class=\"bde-heading-102-338 bde-heading\">\nHaldex and torque limiter maintenance\n<\/h1><div class=\"bde-text-102-339 bde-text\">\nWe'll keep your Volvo four-wheel drive running smoothly and reliably. We'll replace your Haldex clutch, rear differential, and...\n<\/div><div class=\"bde-button-102-340 bde-button\">\n    \n                        \n                        \n    \n    \n    \n    \n            \n                    \n            \n            \n\n    \n    \n    \n    \n    \n    <a class=\"breakdance-link button-atom button-atom--primary bde-button__button\" href=\"https:\/\/bilservice.ee\/en\/haldex-ja-nurkreduktorite-hooldus\/\" target=\"_self\" data-type=\"url\"  >\n\n    \n        <span class=\"button-atom__text\">See more<\/span>\n\n        \n        \n                <\/a>\n\n    \n\n\n<\/div>\n<\/div><\/div><div class=\"bde-columns-102-341 bde-columns\"><div class=\"bde-column-102-342 bde-column\">\n  \n  \n\t\n\n\n\n<img decoding=\"async\" class=\"bde-image2-102-343 bde-image2\" src=\"https:\/\/bilservice.ee\/wp-content\/uploads\/2025\/09\/worker-repairing-car-side-view-scaled.jpg\" loading=\"lazy\" srcset=\"https:\/\/bilservice.ee\/wp-content\/uploads\/2025\/09\/worker-repairing-car-side-view-scaled.jpg 2560w, https:\/\/bilservice.ee\/wp-content\/uploads\/2025\/09\/worker-repairing-car-side-view-300x200.jpg 300w, https:\/\/bilservice.ee\/wp-content\/uploads\/2025\/09\/worker-repairing-car-side-view-1024x683.jpg 1024w, https:\/\/bilservice.ee\/wp-content\/uploads\/2025\/09\/worker-repairing-car-side-view-768x512.jpg 768w, https:\/\/bilservice.ee\/wp-content\/uploads\/2025\/09\/worker-repairing-car-side-view-1536x1024.jpg 1536w, https:\/\/bilservice.ee\/wp-content\/uploads\/2025\/09\/worker-repairing-car-side-view-2048x1365.jpg 2048w\" sizes=\"(max-width: 2560px) 100vw, 2560px\"><h1 class=\"bde-heading-102-344 bde-heading\">\nBrake repair, brake fluid inspection and replacement\n<\/h1><div class=\"bde-text-102-345 bde-text\">\nWe maintain and restore your Volvo braking system to keep braking short, straight and smooth. We use original...\n<\/div><div class=\"bde-button-102-346 bde-button\">\n    \n                        \n                        \n    \n    \n    \n    \n            \n                    \n            \n            \n\n    \n    \n    \n    \n    \n    <a class=\"breakdance-link button-atom button-atom--primary bde-button__button\" href=\"https:\/\/bilservice.ee\/en\/pidurite-remont-pidurivedeliku-kontroll-ja-vahetus\/\" target=\"_self\" data-type=\"url\"  >\n\n    \n        <span class=\"button-atom__text\">See more<\/span>\n\n        \n        \n                <\/a>\n\n    \n\n\n<\/div>\n<\/div><div class=\"bde-column-102-347 bde-column\">\n  \n  \n\t\n\n\n\n<img decoding=\"async\" class=\"bde-image2-102-348 bde-image2\" src=\"https:\/\/bilservice.ee\/wp-content\/uploads\/2025\/09\/man-connecting-engine-wiring-scaled.jpg\" loading=\"lazy\" srcset=\"https:\/\/bilservice.ee\/wp-content\/uploads\/2025\/09\/man-connecting-engine-wiring-scaled.jpg 2560w, https:\/\/bilservice.ee\/wp-content\/uploads\/2025\/09\/man-connecting-engine-wiring-300x225.jpg 300w, https:\/\/bilservice.ee\/wp-content\/uploads\/2025\/09\/man-connecting-engine-wiring-1024x768.jpg 1024w, https:\/\/bilservice.ee\/wp-content\/uploads\/2025\/09\/man-connecting-engine-wiring-768x576.jpg 768w, https:\/\/bilservice.ee\/wp-content\/uploads\/2025\/09\/man-connecting-engine-wiring-1536x1152.jpg 1536w, https:\/\/bilservice.ee\/wp-content\/uploads\/2025\/09\/man-connecting-engine-wiring-2048x1536.jpg 2048w\" sizes=\"(max-width: 2560px) 100vw, 2560px\"><h1 class=\"bde-heading-102-349 bde-heading\">\nCooling system check and fluid change\n<\/h1><div class=\"bde-text-102-350 bde-text\">\nWe maintain your Volvo cooling system to keep your engine running at the right temperature and protected from overheating....\n<\/div><div class=\"bde-button-102-351 bde-button\">\n    \n                        \n                        \n    \n    \n    \n    \n            \n                    \n            \n            \n\n    \n    \n    \n    \n    \n    <a class=\"breakdance-link button-atom button-atom--primary bde-button__button\" href=\"https:\/\/bilservice.ee\/en\/jahutussusteemi-kontroll-ja-vedeliku-vahetus\/\" target=\"_self\" data-type=\"url\"  >\n\n    \n        <span class=\"button-atom__text\">See more<\/span>\n\n        \n        \n                <\/a>\n\n    \n\n\n<\/div>\n<\/div><div class=\"bde-column-102-352 bde-column\">\n  \n  \n\t\n\n\n\n<img decoding=\"async\" class=\"bde-image2-102-353 bde-image2\" src=\"https:\/\/bilservice.ee\/wp-content\/uploads\/2025\/09\/car-air-conditioner-check-service-leak-detection-fill-refrigerant-scaled.jpg\" loading=\"lazy\" srcset=\"https:\/\/bilservice.ee\/wp-content\/uploads\/2025\/09\/car-air-conditioner-check-service-leak-detection-fill-refrigerant-scaled.jpg 2560w, https:\/\/bilservice.ee\/wp-content\/uploads\/2025\/09\/car-air-conditioner-check-service-leak-detection-fill-refrigerant-300x200.jpg 300w, https:\/\/bilservice.ee\/wp-content\/uploads\/2025\/09\/car-air-conditioner-check-service-leak-detection-fill-refrigerant-1024x683.jpg 1024w, https:\/\/bilservice.ee\/wp-content\/uploads\/2025\/09\/car-air-conditioner-check-service-leak-detection-fill-refrigerant-768x512.jpg 768w, https:\/\/bilservice.ee\/wp-content\/uploads\/2025\/09\/car-air-conditioner-check-service-leak-detection-fill-refrigerant-1536x1024.jpg 1536w\" sizes=\"(max-width: 2560px) 100vw, 2560px\"><h1 class=\"bde-heading-102-354 bde-heading\">\nAC system control and enforcement\n<\/h1><div class=\"bde-text-102-355 bde-text\">\nWe maintain and refill your Volvo air conditioning system to ensure a comfortable and healthy driving experience all year round....\n<\/div><div class=\"bde-button-102-356 bde-button\">\n    \n                        \n                        \n    \n    \n    \n    \n            \n                    \n            \n            \n\n    \n    \n    \n    \n    \n    <a class=\"breakdance-link button-atom button-atom--primary bde-button__button\" href=\"https:\/\/bilservice.ee\/en\/ac-susteemi-kontroll-ja-taitmine\/\" target=\"_self\" data-type=\"url\"  >\n\n    \n        <span class=\"button-atom__text\">See more<\/span>\n\n        \n        \n                <\/a>\n\n    \n\n\n<\/div>\n<\/div><\/div><div class=\"bde-columns-102-357 bde-columns\"><div class=\"bde-column-102-358 bde-column\">\n  \n  \n\t\n\n\n\n<img decoding=\"async\" class=\"bde-image2-102-359 bde-image2\" src=\"https:\/\/bilservice.ee\/wp-content\/uploads\/2025\/09\/hands-female-mechanic-using-laptop-scaled.jpg\" loading=\"lazy\" srcset=\"https:\/\/bilservice.ee\/wp-content\/uploads\/2025\/09\/hands-female-mechanic-using-laptop-scaled.jpg 2560w, https:\/\/bilservice.ee\/wp-content\/uploads\/2025\/09\/hands-female-mechanic-using-laptop-300x200.jpg 300w, https:\/\/bilservice.ee\/wp-content\/uploads\/2025\/09\/hands-female-mechanic-using-laptop-1024x683.jpg 1024w, https:\/\/bilservice.ee\/wp-content\/uploads\/2025\/09\/hands-female-mechanic-using-laptop-768x512.jpg 768w, https:\/\/bilservice.ee\/wp-content\/uploads\/2025\/09\/hands-female-mechanic-using-laptop-1536x1024.jpg 1536w, https:\/\/bilservice.ee\/wp-content\/uploads\/2025\/09\/hands-female-mechanic-using-laptop-2048x1365.jpg 2048w\" sizes=\"(max-width: 2560px) 100vw, 2560px\"><h1 class=\"bde-heading-102-360 bde-heading\">\nError code reading and in-depth diagnostics\n<\/h1><div class=\"bde-text-102-361 bde-text\">\nWe'll carry out an accurate electronics systems check on your Volvo to quickly identify the cause of faults and prevent...\n<\/div><div class=\"bde-button-102-362 bde-button\">\n    \n                        \n                        \n    \n    \n    \n    \n            \n                    \n            \n            \n\n    \n    \n    \n    \n    \n    <a class=\"breakdance-link button-atom button-atom--primary bde-button__button\" href=\"https:\/\/bilservice.ee\/en\/veakoodide-lugemine-ja-pohjalik-diagnostika\/\" target=\"_self\" data-type=\"url\"  >\n\n    \n        <span class=\"button-atom__text\">See more<\/span>\n\n        \n        \n                <\/a>\n\n    \n\n\n<\/div>\n<\/div><div class=\"bde-column-102-363 bde-column\">\n  \n  \n\t\n\n\n\n<img decoding=\"async\" class=\"bde-image2-102-364 bde-image2\" src=\"https:\/\/bilservice.ee\/wp-content\/uploads\/2025\/09\/cropped-image-mechanic-repairing-car-engine-scaled.jpg\" loading=\"lazy\" srcset=\"https:\/\/bilservice.ee\/wp-content\/uploads\/2025\/09\/cropped-image-mechanic-repairing-car-engine-scaled.jpg 2560w, https:\/\/bilservice.ee\/wp-content\/uploads\/2025\/09\/cropped-image-mechanic-repairing-car-engine-300x200.jpg 300w, https:\/\/bilservice.ee\/wp-content\/uploads\/2025\/09\/cropped-image-mechanic-repairing-car-engine-1024x683.jpg 1024w, https:\/\/bilservice.ee\/wp-content\/uploads\/2025\/09\/cropped-image-mechanic-repairing-car-engine-768x512.jpg 768w, https:\/\/bilservice.ee\/wp-content\/uploads\/2025\/09\/cropped-image-mechanic-repairing-car-engine-1536x1024.jpg 1536w, https:\/\/bilservice.ee\/wp-content\/uploads\/2025\/09\/cropped-image-mechanic-repairing-car-engine-2048x1365.jpg 2048w\" sizes=\"(max-width: 2560px) 100vw, 2560px\"><h1 class=\"bde-heading-102-365 bde-heading\">\nElectrical works\n<\/h1><div class=\"bde-text-102-366 bde-text\">\nWe carry out all types of maintenance and repairs on Volvo electrical and electronic systems, from the simplest...\n<\/div><div class=\"bde-button-102-367 bde-button\">\n    \n                        \n                        \n    \n    \n    \n    \n            \n                    \n            \n            \n\n    \n    \n    \n    \n    \n    <a class=\"breakdance-link button-atom button-atom--primary bde-button__button\" href=\"https:\/\/bilservice.ee\/en\/elektritood\/\" target=\"_self\" data-type=\"url\"  >\n\n    \n        <span class=\"button-atom__text\">See more<\/span>\n\n        \n        \n                <\/a>\n\n    \n\n\n<\/div>\n<\/div><div class=\"bde-column-102-368 bde-column\">\n  \n  \n\t\n\n\n\n<img decoding=\"async\" class=\"bde-image2-102-369 bde-image2\" src=\"https:\/\/bilservice.ee\/wp-content\/uploads\/2025\/09\/closeup-mans-hand-with-car-tires-scaled.jpg\" loading=\"lazy\" srcset=\"https:\/\/bilservice.ee\/wp-content\/uploads\/2025\/09\/closeup-mans-hand-with-car-tires-scaled.jpg 2560w, https:\/\/bilservice.ee\/wp-content\/uploads\/2025\/09\/closeup-mans-hand-with-car-tires-300x200.jpg 300w, https:\/\/bilservice.ee\/wp-content\/uploads\/2025\/09\/closeup-mans-hand-with-car-tires-1024x683.jpg 1024w, https:\/\/bilservice.ee\/wp-content\/uploads\/2025\/09\/closeup-mans-hand-with-car-tires-768x512.jpg 768w, https:\/\/bilservice.ee\/wp-content\/uploads\/2025\/09\/closeup-mans-hand-with-car-tires-1536x1025.jpg 1536w, https:\/\/bilservice.ee\/wp-content\/uploads\/2025\/09\/closeup-mans-hand-with-car-tires-2048x1366.jpg 2048w\" sizes=\"(max-width: 2560px) 100vw, 2560px\"><h1 class=\"bde-heading-102-370 bde-heading\">\nTyre changing and balancing\n<\/h1><div class=\"bde-text-102-371 bde-text\">\nWe give your Volvo a secure and stable grip in all seasons. We change and balance your tyres...\n<\/div><div class=\"bde-button-102-372 bde-button\">\n    \n                        \n                        \n    \n    \n    \n    \n            \n                    \n            \n            \n\n    \n    \n    \n    \n    \n    <a class=\"breakdance-link button-atom button-atom--primary bde-button__button\" href=\"https:\/\/bilservice.ee\/en\/rehvide-vahetus-ja-balanseerimine\/\" target=\"_self\" data-type=\"url\"  >\n\n    \n        <span class=\"button-atom__text\">See more<\/span>\n\n        \n        \n                <\/a>\n\n    \n\n\n<\/div>\n<\/div><\/div><div class=\"bde-columns-102-373 bde-columns\"><div class=\"bde-column-102-374 bde-column\">\n  \n  \n\t\n\n\n\n<img decoding=\"async\" class=\"bde-image2-102-375 bde-image2\" src=\"https:\/\/bilservice.ee\/wp-content\/uploads\/2025\/09\/dark-storage-full-big-variety-new-tyres-busy-warehouse-scaled.jpg\" loading=\"lazy\" srcset=\"https:\/\/bilservice.ee\/wp-content\/uploads\/2025\/09\/dark-storage-full-big-variety-new-tyres-busy-warehouse-scaled.jpg 2560w, https:\/\/bilservice.ee\/wp-content\/uploads\/2025\/09\/dark-storage-full-big-variety-new-tyres-busy-warehouse-300x200.jpg 300w, https:\/\/bilservice.ee\/wp-content\/uploads\/2025\/09\/dark-storage-full-big-variety-new-tyres-busy-warehouse-1024x683.jpg 1024w, https:\/\/bilservice.ee\/wp-content\/uploads\/2025\/09\/dark-storage-full-big-variety-new-tyres-busy-warehouse-768x512.jpg 768w, https:\/\/bilservice.ee\/wp-content\/uploads\/2025\/09\/dark-storage-full-big-variety-new-tyres-busy-warehouse-1536x1024.jpg 1536w, https:\/\/bilservice.ee\/wp-content\/uploads\/2025\/09\/dark-storage-full-big-variety-new-tyres-busy-warehouse-2048x1365.jpg 2048w\" sizes=\"(max-width: 2560px) 100vw, 2560px\"><h1 class=\"bde-heading-102-376 bde-heading\">\nRehvihotell\n<\/h1><div class=\"bde-text-102-377 bde-text\">\nWe store your Volvo summer and winter tyres safely and in the right environment. So you save space at home...\n<\/div><div class=\"bde-button-102-378 bde-button\">\n    \n                        \n                        \n    \n    \n    \n    \n            \n                    \n            \n            \n\n    \n    \n    \n    \n    \n    <a class=\"breakdance-link button-atom button-atom--primary bde-button__button\" href=\"https:\/\/bilservice.ee\/en\/rehvihotell\/\" target=\"_self\" data-type=\"url\"  >\n\n    \n        <span class=\"button-atom__text\">See more<\/span>\n\n        \n        \n                <\/a>\n\n    \n\n\n<\/div>\n<\/div><\/div><\/div>\n<\/section>","protected":false},"excerpt":{"rendered":"<p>Teenused S\u00f5idukite hooldus ja remont t\u00f6\u00f6d Pakume Volvo s\u00f5iduautode ja linnamaasturite hooldust ning remonti vastavalt tehase n\u00f5uetele. Teeme \u00f5li- ja&#8230; Vaata l\u00e4hemalt Veermiku kontroll ja remont Tagame sinu Volvo stabiilsuse, juhitavuse ja ohutuse. Kontrollime ja taastame veermiku detailid, mis&#8230; Vaata l\u00e4hemalt Sildade kontroll ja reguleerimine Seadistame sinu Volvo esisilla ja tagasilla tehase\u00adspetsifikatsiooni j\u00e4rgi, et auto [&hellip;]<\/p>\n","protected":false},"author":3,"featured_media":368921,"parent":0,"menu_order":0,"comment_status":"closed","ping_status":"closed","template":"","meta":{"_breakdance_hide_in_design_set":false,"_breakdance_tags":"","footnotes":""},"class_list":["post-102","page","type-page","status-publish","has-post-thumbnail","hentry"],"_links":{"self":[{"href":"https:\/\/bilservice.ee\/en\/wp-json\/wp\/v2\/pages\/102","targetHints":{"allow":["GET"]}}],"collection":[{"href":"https:\/\/bilservice.ee\/en\/wp-json\/wp\/v2\/pages"}],"about":[{"href":"https:\/\/bilservice.ee\/en\/wp-json\/wp\/v2\/types\/page"}],"author":[{"embeddable":true,"href":"https:\/\/bilservice.ee\/en\/wp-json\/wp\/v2\/users\/3"}],"replies":[{"embeddable":true,"href":"https:\/\/bilservice.ee\/en\/wp-json\/wp\/v2\/comments?post=102"}],"version-history":[{"count":22,"href":"https:\/\/bilservice.ee\/en\/wp-json\/wp\/v2\/pages\/102\/revisions"}],"predecessor-version":[{"id":369034,"href":"https:\/\/bilservice.ee\/en\/wp-json\/wp\/v2\/pages\/102\/revisions\/369034"}],"wp:featuredmedia":[{"embeddable":true,"href":"https:\/\/bilservice.ee\/en\/wp-json\/wp\/v2\/media\/368921"}],"wp:attachment":[{"href":"https:\/\/bilservice.ee\/en\/wp-json\/wp\/v2\/media?parent=102"}],"curies":[{"name":"wp","href":"https:\/\/api.w.org\/{rel}","templated":true}]}}